{"id":15077,"date":"2018-03-13T12:20:46","date_gmt":"2018-03-13T12:20:46","guid":{"rendered":"http:\/\/ontyche.net\/clientes\/backuppesca\/avisos-legales\/"},"modified":"2022-02-25T07:40:41","modified_gmt":"2022-02-25T07:40:41","slug":"mentions-legales","status":"publish","type":"page","link":"https:\/\/ontyche.net\/clientes\/backuppesca\/mentions-legales\/","title":{"rendered":"Avis juridiques"},"content":{"rendered":"<style>\/*! elementor - v3.5.4 - 23-01-2022 *\/<br \/>\n.elementor-heading-title{padding:0;margin:0;line-height:1}.elementor-widget-heading .elementor-heading-title[class*=elementor-size-]>a{color:inherit;font-size:inherit;line-height:inherit}.elementor-widget-heading .elementor-heading-title.elementor-size-small{font-size:15px}.elementor-widget-heading .elementor-heading-title.elementor-size-medium{font-size:19px}.elementor-widget-heading .elementor-heading-title.elementor-size-large{font-size:29px}.elementor-widget-heading .elementor-heading-title.elementor-size-xl{font-size:39px}.elementor-widget-heading .elementor-heading-title.elementor-size-xxl{font-size:59px}<\/style>\n<h4>INFORMATION!<\/h4>\n<p>Les pr\u00e9sentes Mentions L\u00e9gales r\u00e9gissent les conditions g\u00e9n\u00e9rales d\u2019acc\u00e8s et d\u2019utilisation du site accessible \u00e0 l\u2019adresse URL http:\/\/ontyche.net\/clientes\/backuppesca (ci-apr\u00e8s, le site), qui Pescariasbaixas.com mis \u00e0 la disposition des internautes.<br \/>\nL\u2019utilisation du site Web implique l\u2019acceptation pleine et enti\u00e8re et sans r\u00e9serve de chacune des dispositions incluses dans les pr\u00e9sentes mentions l\u00e9gales. Par cons\u00e9quent, l\u2019utilisateur du site Web doit lire attentivement cet avis juridique \u00e0 chacune des occasions dans lesquelles il est propos\u00e9 d\u2019utiliser le Web, puisque le texte pourrait subir des modifications au crit\u00e8re du propri\u00e9taire du Web, ou en raison d\u2019un changement l\u00e9gislatif , jurisprudentielle ou pratique commerciale.<\/p>\n<style>\/*! elementor - v3.5.4 - 23-01-2022 *\/<br \/>\n.elementor-accordion{text-align:left}.elementor-accordion .elementor-accordion-item{border:1px solid #d4d4d4}.elementor-accordion .elementor-accordion-item+.elementor-accordion-item{border-top:none}.elementor-accordion .elementor-tab-title{margin:0;padding:15px 20px;font-weight:700;line-height:1;cursor:pointer;outline:none}.elementor-accordion .elementor-tab-title .elementor-accordion-icon{display:inline-block;width:1.5em}.elementor-accordion .elementor-tab-title .elementor-accordion-icon svg{width:1em;height:1em}.elementor-accordion .elementor-tab-title .elementor-accordion-icon.elementor-accordion-icon-right{float:right;text-align:right}.elementor-accordion .elementor-tab-title .elementor-accordion-icon.elementor-accordion-icon-left{float:left;text-align:left}.elementor-accordion .elementor-tab-title .elementor-accordion-icon .elementor-accordion-icon-closed{display:block}.elementor-accordion .elementor-tab-title .elementor-accordion-icon .elementor-accordion-icon-opened,.elementor-accordion .elementor-tab-title.elementor-active .elementor-accordion-icon-closed{display:none}.elementor-accordion .elementor-tab-title.elementor-active .elementor-accordion-icon-opened{display:block}.elementor-accordion .elementor-tab-content{display:none;padding:15px 20px;border-top:1px solid #d4d4d4}@media (max-width:767px){.elementor-accordion .elementor-tab-title{padding:12px 15px}.elementor-accordion .elementor-tab-title .elementor-accordion-icon{width:1.2em}.elementor-accordion .elementor-tab-content{padding:7px 15px}}<\/style>\n<p><a>1.0-PROPRI\u00c9T\u00c9 DU SITE WEB.<\/a><\/p>\n<p>Nom du propri\u00e9taire: Victor Cid Araujo<\/p>\n<p>Situt social: Carretera de Camposancos N\u00ba 165 Bajo<\/p>\n<p>Poblaci\u00f3n: Vigo<\/p>\n<p>Province: PONTEVEDRA<\/p>\n<p>C.P.:36330<\/p>\n<p>C.I.F.:34999383F<\/p>\n<p>Contact t\u00e9l\u00e9phone: 648830002<\/p>\n<p>E-mail: info@pescariasbaixas.com<\/p>\n<p><a>2.0-OBJECT.<\/a><\/p>\n<p>Le site Web offre aux utilisateurs le m\u00eame acc\u00e8s \u00e0 l\u2019information et aux services fournis par Pescariasbaixas.com aux personnes ou organisations qui s\u2019y int\u00e9ressent.<\/p>\n<p><a>3.0-ACC\u00c8S ET UTILISATION DU WEB.<\/a><\/p>\n<p>3.1.- Acc\u00e8s et utilisation gratuits du site.<br \/>\nL\u2019acc\u00e8s au site Web est gratuit pour les utilisateurs de celui-ci.<br \/>\n3.2.- Enregistrement des utilisateurs.<br \/>\nEn g\u00e9n\u00e9ral, l\u2019acc\u00e8s et l\u2019utilisation du site Web ne n\u00e9cessitent pas d\u2019abonnement ou d\u2019enregistrement pr\u00e9alable de ses utilisateurs.<\/p>\n<p><a>4.0-CONTENU DU SITE WEB.<\/a><\/p>\n<p>La langue utilis\u00e9e par le d\u00e9tenteur sur le Web sera castillan. Pescariasbaixas.com n\u2019est pas responsable de la non-compr\u00e9hension ou de la compr\u00e9hension de la langue du site Web par l\u2019utilisateur, ni de ses cons\u00e9quences.<br \/>\nPescariasbaixas.com peut modifier les contenus sans pr\u00e9avis, ainsi que les supprimer et les changer sur le Web, tels que la fa\u00e7on dont ils sont consult\u00e9s, sans aucune justification et librement, n\u2019\u00e9tant pas responsable des cons\u00e9quences qu\u2019ils peuvent causer aux utilisateurs.<br \/>\nIl est interdit d\u2019utiliser le contenu du site Web pour promouvoir, contracter ou diffuser de la publicit\u00e9 ou des informations propres ou de tiers sans l\u2019autorisation de Pescariasbaixas.com, ou envoyer de la publicit\u00e9 ou des informations en utilisant les services ou les informations mis \u00e0 la disposition des utilisateurs, que l\u2019utilisation soit gratuite ou non.<br \/>\nLes liens ou hyperliens qui incorporent des tiers dans leurs pages Web, dirig\u00e9s vers ce site Web, seront destin\u00e9s \u00e0 l\u2019ouverture de la page Web compl\u00e8te, ne pouvant pas manifester, directement ou indirectement, des indications fausses, inexactes ou d\u00e9routantes, ni engager des actions d\u00e9loyales ou illicites contre Pescariasbaixas.com<\/p>\n<p><a>5.0-LIMITATION DE RESPONSABILIT\u00c9.<\/a><\/p>\n<p>L\u2019acc\u00e8s au Web et \u00e0 l\u2019utilisation de Inconsentido qui peut \u00eatre effectu\u00e9 \u00e0 partir des informations contenues dans le m\u00eame est de la responsabilit\u00e9 exclusive de la personne qui l\u2019exerce. Pescariasbaixas.com ne sera pas responsable des cons\u00e9quences, dommages ou dommages pouvant d\u00e9couler d\u2019un tel acc\u00e8s ou d\u2019une telle utilisation. Pescariasbaixas.com n\u2019est pas responsable des erreurs de s\u00e9curit\u00e9, qui peuvent survenir ou des dommages qui peuvent \u00eatre caus\u00e9s au syst\u00e8me informatique de l\u2019utilisateur (mat\u00e9riel et logiciel), ou aux fichiers ou documents qui y sont stock\u00e9s, \u00e0 la suite de:<br \/>\n\u2013 la pr\u00e9sence d\u2019un virus dans l\u2019ordinateur de l\u2019utilisateur qui est utilis\u00e9 pour se connecter aux services et contenus du Web,<br \/>\n\u2013 un dysfonctionnement du navigateur,<br \/>\n\u2013 et\/ou l\u2019utilisation de versions non mises \u00e0 jour de celui-ci.<br \/>\nPescariasbaixas.com n\u2019est pas responsable de la fiabilit\u00e9 et de la rapidit\u00e9 des hyperliens qui sont incorpor\u00e9s dans le Web pour l\u2019ouverture d\u2019autres. Pescariasbaixas.com ne garantit pas l\u2019utilit\u00e9 de ces liens, ni n\u2019est responsable des contenus ou services auxquels l\u2019utilisateur peut acc\u00e9der via ces liens, ni du bon fonctionnement de ces sites Web.<br \/>\nPescariasbaixas.com ne sera pas responsable des virus ou autres programmes informatiques qui d\u00e9t\u00e9riorent ou peuvent d\u00e9t\u00e9riorer les syst\u00e8mes informatiques ou l\u2019\u00e9quipement des utilisateurs lors de l\u2019acc\u00e8s \u00e0 son site Web ou \u00e0 d\u2019autres sites Web auxquels il a \u00e9t\u00e9 acc\u00e9d\u00e9 via des liens sur ce site Web.<\/p>\n<p><a>6.- UTILISATION DE LA TECHNOLOGIE \u00ab\u00a0COOKIE\u00a0\u00bb.<\/a><\/p>\n<p>Le site Web n\u2019utilise pas de cookies ou toute autre proc\u00e9dure invisible pour collecter des informations lorsque l\u2019utilisateur le navigue, en respectant \u00e0 tout moment la confidentialit\u00e9 et la vie priv\u00e9e de celui-ci.<br \/>\n*SI DES COOKIES SONT UTILIS\u00c9S CONSULTEZ LA COMMUNICATION SUR L\u2019UTILISATION DES COOKIES Le site utilise des cookies, vous pouvez consulter notre Politique de cookies, qui respecte \u00e0 tout moment la confidentialit\u00e9 et la vie priv\u00e9e de ceux-ci.<\/p>\n<p><a>7.0-PROPRI\u00c9T\u00c9 INTELLECTUELLE ET INDUSTRIELLE.<\/a><\/p>\n<p>Ils sont la propri\u00e9t\u00e9 de Pescariasbaixas.com, tous les droits de propri\u00e9t\u00e9 industrielle et intellectuelle du web, ainsi que les contenus qu\u2019il abrite. Toute utilisation du Web ou de son contenu doit avoir un caract\u00e8re exclusivement particulier. Il est r\u00e9serv\u00e9 exclusivement \u00e0 Victor Cid Araujo (Pescariasbaixas.com), toute autre utilisation impliquant la copie, la reproduction, la distribution, la transformation, la communication publique ou toute autre action similaire, de tout ou partie du contenu du web, de sorte qu\u2019aucun utilisateur ne peut effectuer ces actions sans l\u2019autorisation \u00e9crite pr\u00e9alable de Pescariasbaixas.com<\/p>\n<p><a>8.- POLITIQUE DE CONFIDENTIALIT\u00c9 ET PROTECTION DES DONN\u00c9ES<\/a><\/p>\n<p>Pescariasbaixas.com garantit la protection et la confidentialit\u00e9 des donn\u00e9es personnelles, de toute nature fournies par nos soci\u00e9t\u00e9s clientes conform\u00e9ment aux dispositions de la loi organique 15\/1999, du 13 d\u00e9cembre, Protection des donn\u00e9es personnelles.<br \/>\nToutes les donn\u00e9es fournies par nos soci\u00e9t\u00e9s clientes \u00e0 Pescariasbaixas.com ou \u00e0 leur personnel, seront incluses dans un fichier automatis\u00e9 de donn\u00e9es personnelles cr\u00e9\u00e9 et maintenu sous la responsabilit\u00e9 de Pescariasbaixas.com, essentiel pour fournir les services demand\u00e9s par les utilisateurs.<br \/>\nLes donn\u00e9es fournies seront trait\u00e9es conform\u00e9ment au r\u00e8glement sur les mesures de s\u00e9curit\u00e9 (d\u00e9cret royal 1720\/2007 du 21 d\u00e9cembre), en ce sens Pescariasbaixas.com a adopt\u00e9 les niveaux de protection l\u00e9galement requis et a mis en place toutes les mesures techniques \u00e0 sa disposition pour \u00e9viter la perte, l\u2019utilisation abusive, l\u2019alt\u00e9ration, l\u2019acc\u00e8s non autoris\u00e9 par des tiers. Cependant, l\u2019utilisateur doit \u00eatre conscient que les mesures de s\u00e9curit\u00e9 sur Internet ne sont pas inimpr\u00e9gnables. Dans le cas o\u00f9 il estime appropri\u00e9 de transf\u00e9rer ses donn\u00e9es personnelles \u00e0 d\u2019autres entit\u00e9s, l\u2019utilisateur sera inform\u00e9 des donn\u00e9es transf\u00e9r\u00e9es, de la finalit\u00e9 du fichier et du nom et de l\u2019adresse du cessionnaire, afin qu\u2019il puisse donner son consentement sans \u00e9quivoque \u00e0 cet \u00e9gard.<br \/>\nConform\u00e9ment aux dispositions de la LOPD, l\u2019utilisateur peut exercer ses droits d\u2019acc\u00e8s, de rectification, d\u2019annulation et d\u2019opposition. Pour ce faire, vous devez nous contacter \u00e0 info@pescariasbaixas.com<\/p>\n<p><a>9.0-L\u00c9GISLATION APPLICABLE ET JURIDICTION COMP\u00c9TENTE.<\/a><\/p>\n<p>Le pr\u00e9sent avis juridique est interpr\u00e9t\u00e9 et r\u00e9gi conform\u00e9ment \u00e0 la loi espagnole. Pescariasbaixas.com et utilisateurs, renon\u00e7ant express\u00e9ment \u00e0 toute autre juridiction qui pourrait leur correspondre, se soumettent aux cours et tribunaux du domicile de l\u2019utilisateur pour tout litige pouvant d\u00e9couler de l\u2019acc\u00e8s ou de l\u2019utilisation du Web. Dans le cas o\u00f9 l\u2019utilisateur est domicili\u00e9 en dehors de l\u2019Espagne, Pescariasbaixas.com et l\u2019utilisateur se soumettent, renon\u00e7ant express\u00e9ment \u00e0 toute autre juridiction, aux cours et tribunaux du domicile de Pescariasbaixas.com<\/p>\n","protected":false},"excerpt":{"rendered":"<p>INFORMATION! Les pr\u00e9sentes Mentions L\u00e9gales r\u00e9gissent les conditions g\u00e9n\u00e9rales d\u2019acc\u00e8s et d\u2019utilisation du site accessible \u00e0 l\u2019adresse URL http:\/\/ontyche.net\/clientes\/backuppesca (ci-apr\u00e8s, le site), qui Pescariasbaixas.com mis \u00e0 la disposition des internautes. L\u2019utilisation du site Web implique l\u2019acceptation pleine et enti\u00e8re et sans r\u00e9serve de chacune des dispositions incluses dans les pr\u00e9sentes mentions l\u00e9gales. Par cons\u00e9quent, l\u2019utilisateur [&hellip;]<\/p>\n","protected":false},"author":8,"featured_media":0,"parent":0,"menu_order":0,"comment_status":"closed","ping_status":"closed","template":"","meta":{"site-sidebar-layout":"default","site-content-layout":"","ast-site-content-layout":"default","site-content-style":"default","site-sidebar-style":"default","ast-global-header-display":"","ast-banner-title-visibility":"","ast-main-header-display":"","ast-hfb-above-header-display":"","ast-hfb-below-header-display":"","ast-hfb-mobile-header-display":"","site-post-title":"","ast-breadcrumbs-content":"","ast-featured-img":"","footer-sml-layout":"","ast-disable-related-posts":"","theme-transparent-header-meta":"","adv-header-id-meta":"","stick-header-meta":"","header-above-stick-meta":"","header-main-stick-meta":"","header-below-stick-meta":"","astra-migrate-meta-layouts":"default","ast-page-background-enabled":"default","ast-page-background-meta":{"desktop":{"background-color":"var(--ast-global-color-4)","background-image":"","background-repeat":"repeat","background-position":"center center","background-size":"auto","background-attachment":"scroll","background-type":"","background-media":"","overlay-type":"","overlay-color":"","overlay-opacity":"","overlay-gradient":""},"tablet":{"background-color":"","background-image":"","background-repeat":"repeat","background-position":"center center","background-size":"auto","background-attachment":"scroll","background-type":"","background-media":"","overlay-type":"","overlay-color":"","overlay-opacity":"","overlay-gradient":""},"mobile":{"background-color":"","background-image":"","background-repeat":"repeat","background-position":"center center","background-size":"auto","background-attachment":"scroll","background-type":"","background-media":"","overlay-type":"","overlay-color":"","overlay-opacity":"","overlay-gradient":""}},"ast-content-background-meta":{"desktop":{"background-color":"var(--ast-global-color-5)","background-image":"","background-repeat":"repeat","background-position":"center center","background-size":"auto","background-attachment":"scroll","background-type":"","background-media":"","overlay-type":"","overlay-color":"","overlay-opacity":"","overlay-gradient":""},"tablet":{"background-color":"var(--ast-global-color-5)","background-image":"","background-repeat":"repeat","background-position":"center center","background-size":"auto","background-attachment":"scroll","background-type":"","background-media":"","overlay-type":"","overlay-color":"","overlay-opacity":"","overlay-gradient":""},"mobile":{"background-color":"var(--ast-global-color-5)","background-image":"","background-repeat":"repeat","background-position":"center center","background-size":"auto","background-attachment":"scroll","background-type":"","background-media":"","overlay-type":"","overlay-color":"","overlay-opacity":"","overlay-gradient":""}},"footnotes":""},"class_list":["post-15077","page","type-page","status-publish","hentry"],"_links":{"self":[{"href":"https:\/\/ontyche.net\/clientes\/backuppesca\/wp-json\/wp\/v2\/pages\/15077","targetHints":{"allow":["GET"]}}],"collection":[{"href":"https:\/\/ontyche.net\/clientes\/backuppesca\/wp-json\/wp\/v2\/pages"}],"about":[{"href":"https:\/\/ontyche.net\/clientes\/backuppesca\/wp-json\/wp\/v2\/types\/page"}],"author":[{"embeddable":true,"href":"https:\/\/ontyche.net\/clientes\/backuppesca\/wp-json\/wp\/v2\/users\/8"}],"replies":[{"embeddable":true,"href":"https:\/\/ontyche.net\/clientes\/backuppesca\/wp-json\/wp\/v2\/comments?post=15077"}],"version-history":[{"count":0,"href":"https:\/\/ontyche.net\/clientes\/backuppesca\/wp-json\/wp\/v2\/pages\/15077\/revisions"}],"wp:attachment":[{"href":"https:\/\/ontyche.net\/clientes\/backuppesca\/wp-json\/wp\/v2\/media?parent=15077"}],"curies":[{"name":"wp","href":"https:\/\/api.w.org\/{rel}","templated":true}]}}