{"id":34804,"date":"2025-06-06T09:30:29","date_gmt":"2025-06-06T09:30:29","guid":{"rendered":"http:\/\/ontyche.net\/clientes\/backuppesca\/?page_id=34804"},"modified":"2025-06-06T09:35:59","modified_gmt":"2025-06-06T09:35:59","slug":"declaracion-de-accesibilidad","status":"publish","type":"page","link":"https:\/\/ontyche.net\/clientes\/backuppesca\/declaracion-de-accesibilidad\/","title":{"rendered":"Declaraci\u00f3n de accesibilidad"},"content":{"rendered":"\t\t<div data-elementor-type=\"wp-page\" data-elementor-id=\"34804\" class=\"elementor elementor-34804\">\n\t\t\t\t\t\t<section class=\"elementor-section elementor-top-section elementor-element elementor-element-9dc5d88 elementor-section-boxed elementor-section-height-default elementor-section-height-default\" data-id=\"9dc5d88\" data-element_type=\"section\">\n\t\t\t\t\t\t<div class=\"elementor-container elementor-column-gap-default\">\n\t\t\t\t\t<div class=\"elementor-column elementor-col-100 elementor-top-column elementor-element elementor-element-e2e120e\" data-id=\"e2e120e\" data-element_type=\"column\">\n\t\t\t<div class=\"elementor-widget-wrap elementor-element-populated\">\n\t\t\t\t\t\t<div class=\"elementor-element elementor-element-a693544 elementor-widget elementor-widget-text-editor\" data-id=\"a693544\" data-element_type=\"widget\" data-widget_type=\"text-editor.default\">\n\t\t\t\t<div class=\"elementor-widget-container\">\n\t\t\t\t\t\t\t\t\t<div class=\"elementor-element elementor-element-2d2c44a9 elementor-widget elementor-widget-heading\" data-id=\"2d2c44a9\" data-element_type=\"widget\" data-widget_type=\"heading.default\"><div class=\"elementor-widget-container\"><p class=\"elementor-heading-title elementor-size-default\">Pesca R\u00edas Baixas se ha comprometido a hacer accesible su sitio web de conformidad con el\u00a0 <a title=\"Real Decreto 1112\/2018, de 7 de septiembre, sobre accesibilidad de los sitios web y aplicaciones para dispositivos m\u00f3viles del sector p\u00fablico. (Abre en nueva ventana)\" href=\"http:\/\/www.boe.es\/diario_boe\/txt.php?id=BOE-A-2018-12699\" target=\"_blank\" rel=\"noopener\">Real Decreto 1112\/2018, de 13 de marzo, sobre accesibilidad de los sitios web y aplicaciones para dispositivos m\u00f3viles del sector p\u00fablico.<img decoding=\"async\" title=\"Declaraci\u00f3n accesibilidad - Vilfergon Construcci\u00f3n\" src=\"https:\/\/administracionelectronica.gob.es\/resources\/templating-kit\/themes\/pae\/img\/ventana-nueva.gif\" alt=\"(Abre en nueva ventana)\" \/><\/a><\/p><\/div><\/div><div class=\"elementor-element elementor-element-58f5d074 elementor-widget__width-initial elementor-widget elementor-widget-text-editor\" data-id=\"58f5d074\" data-element_type=\"widget\" data-widget_type=\"text-editor.default\"><div class=\"elementor-widget-container\"><p>La presente declaraci\u00f3n de accesibilidad se aplica al sitio web pescariasbaixas.com<\/p><p>Este sitio web es plenamente conforme con RD 1112\/2018.<\/p><p><strong>Nuestro Compromiso:<\/strong><\/p><ol><li><strong>Cumplimiento con las Pautas WCAG:<\/strong> Pesca R\u00edas Baixas sigue las Pautas de Accesibilidad para el Contenido Web (WCAG 2.1) para garantizar que nuestro contenido en l\u00ednea sea accesible para todas las personas.<\/li><li><strong>Evaluaci\u00f3n Continua:<\/strong>\u00a0Realizamos evaluaciones peri\u00f3dicas de accesibilidad para identificar y abordar posibles barreras. Estamos comprometidos a mejorar constantemente nuestra accesibilidad y a implementar soluciones efectivas.<\/li><li><strong>Herramientas de Evaluaci\u00f3n:<\/strong>\u00a0Utilizamos herramientas autom\u00e1ticas y pruebas manuales para evaluar la accesibilidad de nuestro sitio web. Esto incluye pruebas de teclado, lectores de pantalla y otras tecnolog\u00edas asistivas.<\/li><\/ol><p><strong>Caracter\u00edsticas Accesibles:<\/strong><\/p><ul><li>Texto Alternativo: Proporcionamos texto alternativo descriptivo para todas las im\u00e1genes y elementos multimedia.<\/li><li>Navegaci\u00f3n Intuitiva: Dise\u00f1amos nuestra interfaz para facilitar la navegaci\u00f3n con teclado y otros dispositivos asistivos.<\/li><li>Contraste Adecuado: Garantizamos un alto contraste entre el texto y el fondo para mejorar la legibilidad.<\/li><li>T\u00edtulos y Encabezados: Utilizamos t\u00edtulos y encabezados descriptivos para estructurar y organizar el contenido.<\/li><\/ul><p><strong>\u00bfNecesitas Ayuda o Quieres Proporcionar Retroalimentaci\u00f3n?<\/strong><\/p><p>Valoramos la retroalimentaci\u00f3n de nuestros usuarios. Si encuentras alguna dificultad de accesibilidad o tienes sugerencias para mejorar, por favor cont\u00e1ctanos a trav\u00e9s de<\/p><p><strong>Actualizaciones de la Declaraci\u00f3n:<\/strong><\/p><p>Esta declaraci\u00f3n de accesibilidad se revisa y actualiza regularmente para reflejar nuestro compromiso continuo con la accesibilidad digital.<\/p><p>Gracias por elegir Pesca R\u00edas Baixas. Estamos dedicados a proporcionar una experiencia en l\u00ednea accesible para todos.<\/p><\/div><\/div>\t\t\t\t\t\t\t\t<\/div>\n\t\t\t\t<\/div>\n\t\t\t\t\t<\/div>\n\t\t<\/div>\n\t\t\t\t\t<\/div>\n\t\t<\/section>\n\t\t\t\t<\/div>\n\t\t","protected":false},"excerpt":{"rendered":"<p>Pesca R\u00edas Baixas se ha comprometido a hacer accesible su sitio web de conformidad con el\u00a0 Real Decreto 1112\/2018, de 13 de marzo, sobre accesibilidad de los sitios web y aplicaciones para dispositivos m\u00f3viles del sector p\u00fablico. La presente declaraci\u00f3n de accesibilidad se aplica al sitio web pescariasbaixas.com Este sitio web es plenamente conforme con [&hellip;]<\/p>\n","protected":false},"author":8,"featured_media":0,"parent":0,"menu_order":0,"comment_status":"closed","ping_status":"closed","template":"","meta":{"site-sidebar-layout":"no-sidebar","site-content-layout":"page-builder","ast-site-content-layout":"full-width-container","site-content-style":"default","site-sidebar-style":"default","ast-global-header-display":"","ast-banner-title-visibility":"","ast-main-header-display":"","ast-hfb-above-header-display":"","ast-hfb-below-header-display":"","ast-hfb-mobile-header-display":"","site-post-title":"disabled","ast-breadcrumbs-content":"","ast-featured-img":"disabled","footer-sml-layout":"","ast-disable-related-posts":"","theme-transparent-header-meta":"","adv-header-id-meta":"","stick-header-meta":"","header-above-stick-meta":"","header-main-stick-meta":"","header-below-stick-meta":"","astra-migrate-meta-layouts":"set","ast-page-background-enabled":"default","ast-page-background-meta":{"desktop":{"background-color":"var(--ast-global-color-4)","background-image":"","background-repeat":"repeat","background-position":"center center","background-size":"auto","background-attachment":"scroll","background-type":"","background-media":"","overlay-type":"","overlay-color":"","overlay-opacity":"","overlay-gradient":""},"tablet":{"background-color":"","background-image":"","background-repeat":"repeat","background-position":"center center","background-size":"auto","background-attachment":"scroll","background-type":"","background-media":"","overlay-type":"","overlay-color":"","overlay-opacity":"","overlay-gradient":""},"mobile":{"background-color":"","background-image":"","background-repeat":"repeat","background-position":"center center","background-size":"auto","background-attachment":"scroll","background-type":"","background-media":"","overlay-type":"","overlay-color":"","overlay-opacity":"","overlay-gradient":""}},"ast-content-background-meta":{"desktop":{"background-color":"var(--ast-global-color-5)","background-image":"","background-repeat":"repeat","background-position":"center center","background-size":"auto","background-attachment":"scroll","background-type":"","background-media":"","overlay-type":"","overlay-color":"","overlay-opacity":"","overlay-gradient":""},"tablet":{"background-color":"var(--ast-global-color-5)","background-image":"","background-repeat":"repeat","background-position":"center center","background-size":"auto","background-attachment":"scroll","background-type":"","background-media":"","overlay-type":"","overlay-color":"","overlay-opacity":"","overlay-gradient":""},"mobile":{"background-color":"var(--ast-global-color-5)","background-image":"","background-repeat":"repeat","background-position":"center center","background-size":"auto","background-attachment":"scroll","background-type":"","background-media":"","overlay-type":"","overlay-color":"","overlay-opacity":"","overlay-gradient":""}},"footnotes":""},"class_list":["post-34804","page","type-page","status-publish","hentry"],"_links":{"self":[{"href":"https:\/\/ontyche.net\/clientes\/backuppesca\/wp-json\/wp\/v2\/pages\/34804","targetHints":{"allow":["GET"]}}],"collection":[{"href":"https:\/\/ontyche.net\/clientes\/backuppesca\/wp-json\/wp\/v2\/pages"}],"about":[{"href":"https:\/\/ontyche.net\/clientes\/backuppesca\/wp-json\/wp\/v2\/types\/page"}],"author":[{"embeddable":true,"href":"https:\/\/ontyche.net\/clientes\/backuppesca\/wp-json\/wp\/v2\/users\/8"}],"replies":[{"embeddable":true,"href":"https:\/\/ontyche.net\/clientes\/backuppesca\/wp-json\/wp\/v2\/comments?post=34804"}],"version-history":[{"count":5,"href":"https:\/\/ontyche.net\/clientes\/backuppesca\/wp-json\/wp\/v2\/pages\/34804\/revisions"}],"predecessor-version":[{"id":34809,"href":"https:\/\/ontyche.net\/clientes\/backuppesca\/wp-json\/wp\/v2\/pages\/34804\/revisions\/34809"}],"wp:attachment":[{"href":"https:\/\/ontyche.net\/clientes\/backuppesca\/wp-json\/wp\/v2\/media?parent=34804"}],"curies":[{"name":"wp","href":"https:\/\/api.w.org\/{rel}","templated":true}]}}