{"id":5520,"date":"2018-03-13T12:20:46","date_gmt":"2018-03-13T12:20:46","guid":{"rendered":"http:\/\/ontyche.net\/clientes\/backuppesca\/politica-de-privacidad\/"},"modified":"2022-01-28T10:26:11","modified_gmt":"2022-01-28T10:26:11","slug":"politica-de-privacidad","status":"publish","type":"page","link":"https:\/\/ontyche.net\/clientes\/backuppesca\/politica-de-privacidad\/","title":{"rendered":"Pol\u00edtica de Privacidad"},"content":{"rendered":"\t\t<div data-elementor-type=\"wp-page\" data-elementor-id=\"5520\" class=\"elementor elementor-5520\">\n\t\t\t\t\t\t<section class=\"elementor-section elementor-top-section elementor-element elementor-element-ea11b4e elementor-section-boxed elementor-section-height-default elementor-section-height-default\" data-id=\"ea11b4e\" data-element_type=\"section\">\n\t\t\t\t\t\t<div class=\"elementor-container elementor-column-gap-default\">\n\t\t\t\t\t<div class=\"elementor-column elementor-col-100 elementor-top-column elementor-element elementor-element-85c7664\" data-id=\"85c7664\" data-element_type=\"column\">\n\t\t\t<div class=\"elementor-widget-wrap elementor-element-populated\">\n\t\t\t\t\t\t<div class=\"elementor-element elementor-element-392d65c elementor-widget elementor-widget-heading\" data-id=\"392d65c\" data-element_type=\"widget\" data-widget_type=\"heading.default\">\n\t\t\t\t<div class=\"elementor-widget-container\">\n\t\t\t\t\t<h1 class=\"elementor-heading-title elementor-size-default\">Pol\u00edtica de privacidad<\/h1>\t\t\t\t<\/div>\n\t\t\t\t<\/div>\n\t\t\t\t<div class=\"elementor-element elementor-element-9015a7a elementor-widget elementor-widget-spacer\" data-id=\"9015a7a\" data-element_type=\"widget\" data-widget_type=\"spacer.default\">\n\t\t\t\t<div class=\"elementor-widget-container\">\n\t\t\t\t\t\t\t<div class=\"elementor-spacer\">\n\t\t\t<div class=\"elementor-spacer-inner\"><\/div>\n\t\t<\/div>\n\t\t\t\t\t\t<\/div>\n\t\t\t\t<\/div>\n\t\t\t\t\t<\/div>\n\t\t<\/div>\n\t\t\t\t\t<\/div>\n\t\t<\/section>\n\t\t\t\t<section class=\"elementor-section elementor-top-section elementor-element elementor-element-53d458c elementor-section-boxed elementor-section-height-default elementor-section-height-default\" data-id=\"53d458c\" data-element_type=\"section\">\n\t\t\t\t\t\t<div class=\"elementor-container elementor-column-gap-default\">\n\t\t\t\t\t<div class=\"elementor-column elementor-col-100 elementor-top-column elementor-element elementor-element-5a001f7\" data-id=\"5a001f7\" data-element_type=\"column\" data-settings=\"{&quot;background_background&quot;:&quot;classic&quot;}\">\n\t\t\t<div class=\"elementor-widget-wrap elementor-element-populated\">\n\t\t\t\t\t\t<div class=\"elementor-element elementor-element-8707d8a elementor-widget elementor-widget-text-editor\" data-id=\"8707d8a\" data-element_type=\"widget\" data-widget_type=\"text-editor.default\">\n\t\t\t\t<div class=\"elementor-widget-container\">\n\t\t\t\t\t\t\t\t\t<h4><strong>Qui\u00e9nes somos<\/strong><\/h4><p>La direcci\u00f3n de nuestra web es: http:\/\/ontyche.net\/clientes\/backuppesca.<\/p><h4><strong>Datos de la empresa y propietaria de la web<br \/><\/strong><\/h4><p><strong>Nombre del titular:<\/strong>\u00a0Victor Cid Araujo<br \/><strong>Domicilio social:<\/strong>\u00a0Carretera de Camposancos N\u00ba 165 Bajo<br \/><strong>Poblaci\u00f3n:<\/strong>\u00a0Vigo<br \/><strong>Provincia:<\/strong>\u00a0PONTEVEDRA<br \/><strong>C.P.:<\/strong>\u00a036330<br \/><strong>C.I.F.:<\/strong>\u00a034999383F<br \/><strong>Tel\u00e9fono de contacto:<\/strong>\u00a0648830002<br \/><strong>Correo electr\u00f3nico:<\/strong>\u00a0info@pescariasbaixas.com<\/p><h4><strong>Qu\u00e9 datos personales recogemos y por qu\u00e9 los recogemos<\/strong><\/h4><h5><strong>Comentarios<\/strong><\/h5><p>Cuando una persona deja un comentario en la web, recopilamos los datos que se muestran en el formulario de comentarios, as\u00ed como la direcci\u00f3n IP del visitante y la cadena de agentes de usuario del navegador para ayudar a la detecci\u00f3n de spam.<\/p><p>Una cadena an\u00f3nima creada a partir de tu direcci\u00f3n de correo electr\u00f3nico (tambi\u00e9n llamada hash) puede ser proporcionada al servicio de Gravatar para ver si la est\u00e1s usando. La pol\u00edtica de privacidad del servicio Gravatar est\u00e1 disponible aqu\u00ed: https:\/\/automattic.com\/privacy\/. Despu\u00e9s de la aprobaci\u00f3n de tu comentario, la imagen de tu perfil es visible para el p\u00fablico en el contexto de su comentario.<\/p><h5><strong>Medios<\/strong><\/h5><p>Si subes im\u00e1genes a la web deber\u00edas evitar subir im\u00e1genes con datos de ubicaci\u00f3n (GPS EXIF) incluidos. Los visitantes de la web pueden descargar y extraer cualquier dato de localizaci\u00f3n de las im\u00e1genes de la web. En ning\u00fan caso recopilamos informaci\u00f3n geogr\u00e1fica a partir de las im\u00e1genes.<\/p><h5><strong>Formularios de contacto<\/strong><\/h5><p>A trav\u00e9s del formulario de contacto, s\u00f3lo solicitamos el nombre , tel\u00e9fono y el correo para poder ofrecer respuesta.<\/p><h5><strong>Cookies<\/strong><\/h5><p>Si dejas un comentario en nuestro sitio puedes elegir guardar tu nombre, direcci\u00f3n de correo electr\u00f3nico y web en cookies. Esto es para tu comodidad, para que no tengas que volver a rellenar tus datos cuando dejes otro comentario. Estas cookies tendr\u00e1n una duraci\u00f3n de un a\u00f1o.<\/p><p>Si tienes una cuenta y te conectas a este sitio, instalaremos una cookie temporal para determinar si tu navegador acepta cookies. Esta cookie no contiene datos personales y se elimina al cerrar el navegador, sirve para almacenar los datos de la sesi\u00f3n de compra.<\/p><p>Cuando inicias sesi\u00f3n, tambi\u00e9n instalaremos varias cookies para guardar tu informaci\u00f3n de inicio de sesi\u00f3n y tus opciones de visualizaci\u00f3n de pantalla. Las cookies de inicio de sesi\u00f3n duran dos d\u00edas, y las cookies de opciones de pantalla duran un a\u00f1o. Si seleccionas \u201cRecordarme\u201d, tu inicio de sesi\u00f3n perdurar\u00e1 durante dos semanas. Si sales de tu cuenta, las cookies de inicio de sesi\u00f3n se eliminar\u00e1n.<\/p><p>Si editas o publicas un art\u00edculo se guardar\u00e1 una cookie adicional en tu navegador. Esta cookie no incluye datos personales y simplemente indica el ID del art\u00edculo que acabas de editar. Caduca despu\u00e9s de 1 d\u00eda.<\/p><h5><strong>Contenido incrustado de otros sitios web<\/strong><\/h5><p>Los art\u00edculos de este sitio pueden incluir contenido incrustado (por ejemplo, v\u00eddeos, im\u00e1genes, art\u00edculos, etc.). El contenido incrustado de otras web se comporta exactamente de la misma manera que si el visitante hubiera visitado la otra web.<\/p><p>Estas web pueden recopilar datos sobre ti, utilizar cookies, incrustar un seguimiento adicional de terceros, y supervisar tu interacci\u00f3n con ese contenido incrustado, incluido el seguimiento de su interacci\u00f3n con el contenido incrustado si tienes una cuenta y est\u00e1s conectado a esa web.<\/p><h5><strong>Anal\u00edtica<\/strong><\/h5><p>Los datos recogidos son procesados a trav\u00e9s de Google Analytics, cuyo aviso de privacidad puedes encontarlo en https:\/\/www.google.es\/intl\/es_ALL\/analytics\/learn\/privacy.html<\/p><h5><strong>Tienda web<\/strong><\/h5><p>Los datos personales obligatorios que le pediremos si desea registrarse en nuestra p\u00e1gina o para realizar un pedido son los siguientes:<\/p><ul><li>Nombre y apellidos<\/li><li>DNI, NIF<\/li><li>Direcci\u00f3n de env\u00edo y facturaci\u00f3n<\/li><li>Direcci\u00f3n de e-mail<\/li><li>Tel\u00e9fono<\/li><\/ul><p>Estos datos s\u00f3lo ser\u00e1n utilizados para ofrecerle asistencia preventa y posventa y para que pueda utilizar algunos servicios de nuestra p\u00e1gina, y en ning\u00fan caso para cualquier otra funci\u00f3n. Dichos datos NO ser\u00e1n compartidos ni vendidos a otras empresas, y se depositan en un fichero confidencial de acceso restringido.<\/p><h4><strong>Con qui\u00e9n compartimos tus datos<\/strong><\/h4><p>Los datos de car\u00e1cter general que se faciliten a esta p\u00e1gina quedar\u00e1n registrados en un fichero propiedad de Victor Cid Araujo, con el \u00fanico fin de ofrecerle un mejor servicio, contestar a sus consultas y\/o brindarle, si usted lo desea, noticias, novedades u ofertas de nuestra tienda online http:\/\/ontyche.net\/clientes\/backuppesca.<\/p><p>Bajo ning\u00fan concepto estos datos ser\u00e1n cedidos, alquilados, vendidos o intercambiados con terceros.<\/p><p>Podr\u00e1 ejercitar en cualquier momento sus derechos de acceso, rectificaci\u00f3n, cancelaci\u00f3n y oposici\u00f3n por tel\u00e9fono o a trav\u00e9s de nuestro formulario de contacto con el asunto\u00a0 solicitado o en la direcci\u00f3n de email a info@pescariasbaixas.com.<\/p><h4><strong>Cu\u00e1nto tiempo conservamos tus datos<\/strong><\/h4><p>Si dejas un comentario, el comentario y sus metadatos se conservan indefinidamente. Esto es para que podamos reconocer y aprobar comentarios sucesivos autom\u00e1ticamente en lugar de mantenerlos en una cola de moderaci\u00f3n.<\/p><p>De los usuarios y usuarias que se registran en nuestra web (si los hay), tambi\u00e9n almacenamos la informaci\u00f3n personal que proporcionan en su perfil de usuario. Todos los usuarios pueden ver, editar o eliminar su informaci\u00f3n personal en cualquier momento (excepto que no pueden cambiar su nombre de usuario). Los administradores de la web tambi\u00e9n pueden ver y editar esa informaci\u00f3n.<\/p><h4><strong>Qu\u00e9 derechos tienes sobre tus datos<\/strong><\/h4><p>Si tienes una cuenta o has dejado comentarios en esta web, puedes solicitar recibir un archivo de exportaci\u00f3n de los datos personales que tenemos sobre ti, incluyendo cualquier dato que nos hayas proporcionado. Tambi\u00e9n puedes solicitar que eliminemos cualquier dato personal que tengamos sobre ti. Esto no incluye ning\u00fan dato que estemos obligados a conservar con fines administrativos, legales o de seguridad.<\/p><h5><strong>Darse de Baja en Nuestra Bases de Datos<\/strong><\/h5><p>Tus datos personales pueden ser eliminados en cualquier momento rellenando nuestro formulario de contacto y especificando en el asunto del mensaje \u201cBaja cliente\/a\u201d. Si usted ha realizado alguna compra, sus datos estar\u00e1n guardados a nivel contable, pero ser\u00e1n totalmente borrados de nuestra base de datos de clientes.<\/p><p>Con respecto a la baja en la newsletter, puede realizarla en cualquier momento pulsando en el enlace dispuesto para ello en cualquiera de los env\u00edos anteriormente realizados. De igual manera, puede solicitar la baja a trav\u00e9s del correo info@pescariasbaixas.com donde Victor Cid Araujo har\u00eda efectivo el cambio como responsable tecnol\u00f3gico de la web.<\/p><h4><strong>D\u00f3nde enviamos tus datos<\/strong><\/h4><p>Tus datos no se env\u00edan a ning\u00fan lado, ni fuera ni dentro de la Uni\u00f3n Europea. Los comentarios de los visitantes puede que los revise un servicio de detecci\u00f3n autom\u00e1tica de spam.<\/p><h4><strong>Informaci\u00f3n adicional<\/strong><\/h4><h5><strong>C\u00f3mo protegemos tus datos<\/strong><\/h5><p>Los datos facilitados en tu compra est\u00e1n protegidos en un servidor seguro con certificado SSL. Esto quiere decir que desde que sale de tu terminal hasta que es albergado en nuestro almac\u00e9n de datos, existe un t\u00fanel cifrado.<\/p><h5><strong>Seguridad de Pagos Online<\/strong><\/h5><p>Victor Cid Araujo, en representaci\u00f3n de la parte tecnol\u00f3gica este proyecto, ha desarrollado un sistema de compra online seguro y f\u00e1cil. Nuestro servicio de pagos cifra su informaci\u00f3n personal y la transmite directamente al banco mediante certificado SSL, todo realizado en la web de la plataforma de pago. Por tanto, no queda rastro o registro alguno de sus datos personales de pago en nuestros sistemas. Los datos de su tarjeta de cr\u00e9dito o de su cuenta bancaria est\u00e1n protegidos con un c\u00f3digo secreto que ni siquiera conocemos, y que tan s\u00f3lo recibe el banco que gestiona la operaci\u00f3n.<\/p><h5><strong>Qu\u00e9 procedimientos utilizamos contra las brechas de datos<\/strong><\/h5><p>Con el fin de ofrecer seguridad en los datos, hemos personalizado rutas que la plataforma WordPress ofrece por defecto para dificultar su localizaci\u00f3n.<\/p><h5><strong>De qu\u00e9 terceros recibimos datos<\/strong><\/h5><p>Pescariasbaixas.com no recibe datos de terceras entidades con fines comerciales.<\/p><h4><strong>Qu\u00e9 tipo de toma de decisiones automatizada y\/o perfilado hacemos con los datos de la persona usuaria<\/strong><\/h4><h5><strong>Datos Personales<\/strong><\/h5><p>La creaci\u00f3n de una cuenta de usuario no es obligatoria para realizar un pedido.<\/p><p>S\u00f3lo tendr\u00e1 que crear una cuenta de usuario para consultar su hist\u00f3rico de pedidos.<\/p><p>La informaci\u00f3n que se le pida ser\u00e1 utilizada \u00fanicamente para ofrecerle el servicio que haya solicitado. Usted podr\u00e1 pedirnos en cualquier momento que no volvamos a enviarle informaci\u00f3n o que borremos sus datos de nuestra base de datos.<\/p><h5><strong>Direcciones de e-mail<\/strong><\/h5><p>Si usted nos facilita su direcci\u00f3n de correo electr\u00f3nico, nos pondremos en contacto con usted \u00fanicamente por esta v\u00eda. NO utilizaremos su direcci\u00f3n de e-mail con fines comerciales NI fuera de nuestra empresa. Podr\u00e1 pedirnos en todo momento que no volvamos a enviarle m\u00e1s e-mails a trav\u00e9s del correo info@pescariasbaixas.com, canal que la empresa responsable de la plataforma tecnol\u00f3gica tiene abierta para las consultas sobre datos.<\/p><h5><strong>Direcciones IP<\/strong><\/h5><p>Tan s\u00f3lo utilizaremos su direcci\u00f3n IP, nunca la direcci\u00f3n de correo electr\u00f3nico, para identificar problemas con nuestro servidor, administrar nuestra p\u00e1gina Web o recopilar informaci\u00f3n geogr\u00e1fica an\u00f3nima de nuestras visitas.<\/p><p>Nuestro sistema bloquea determinadas direcciones IP que pueden ser origen de transacciones fraudulentas o de programas mal intencionados. Si no puede acceder a nuestras p\u00e1ginas de compra, puede que su direcci\u00f3n IP haya sido bloqueada por error. En ese caso, p\u00f3ngase en contacto con nosotros para que solucionemos el problema.<\/p><h5><strong>Requerimientos regulatorios de revelaci\u00f3n de informaci\u00f3n del sector<\/strong><\/h5><p>Pescariasbaixas.com no pertenece a ning\u00fan sector regulado, por lo que no disponemos de leyes de privacidad adicionales.<\/p>\t\t\t\t\t\t\t\t<\/div>\n\t\t\t\t<\/div>\n\t\t\t\t\t<\/div>\n\t\t<\/div>\n\t\t\t\t\t<\/div>\n\t\t<\/section>\n\t\t\t\t<\/div>\n\t\t","protected":false},"excerpt":{"rendered":"<p>Pol\u00edtica de privacidad Qui\u00e9nes somos La direcci\u00f3n de nuestra web es: http:\/\/ontyche.net\/clientes\/backuppesca. Datos de la empresa y propietaria de la web Nombre del titular:\u00a0Victor Cid AraujoDomicilio social:\u00a0Carretera de Camposancos N\u00ba 165 BajoPoblaci\u00f3n:\u00a0VigoProvincia:\u00a0PONTEVEDRAC.P.:\u00a036330C.I.F.:\u00a034999383FTel\u00e9fono de contacto:\u00a0648830002Correo electr\u00f3nico:\u00a0info@pescariasbaixas.com Qu\u00e9 datos personales recogemos y por qu\u00e9 los recogemos Comentarios Cuando una persona deja un comentario en la web, recopilamos [&hellip;]<\/p>\n","protected":false},"author":8,"featured_media":0,"parent":0,"menu_order":0,"comment_status":"closed","ping_status":"closed","template":"","meta":{"site-sidebar-layout":"no-sidebar","site-content-layout":"plain-container","ast-site-content-layout":"default","site-content-style":"default","site-sidebar-style":"default","ast-global-header-display":"","ast-banner-title-visibility":"","ast-main-header-display":"","ast-hfb-above-header-display":"","ast-hfb-below-header-display":"","ast-hfb-mobile-header-display":"","site-post-title":"","ast-breadcrumbs-content":"","ast-featured-img":"","footer-sml-layout":"","ast-disable-related-posts":"","theme-transparent-header-meta":"","adv-header-id-meta":"","stick-header-meta":"","header-above-stick-meta":"","header-main-stick-meta":"","header-below-stick-meta":"","astra-migrate-meta-layouts":"default","ast-page-background-enabled":"default","ast-page-background-meta":{"desktop":{"background-color":"var(--ast-global-color-4)","background-image":"","background-repeat":"repeat","background-position":"center center","background-size":"auto","background-attachment":"scroll","background-type":"","background-media":"","overlay-type":"","overlay-color":"","overlay-opacity":"","overlay-gradient":""},"tablet":{"background-color":"","background-image":"","background-repeat":"repeat","background-position":"center center","background-size":"auto","background-attachment":"scroll","background-type":"","background-media":"","overlay-type":"","overlay-color":"","overlay-opacity":"","overlay-gradient":""},"mobile":{"background-color":"","background-image":"","background-repeat":"repeat","background-position":"center center","background-size":"auto","background-attachment":"scroll","background-type":"","background-media":"","overlay-type":"","overlay-color":"","overlay-opacity":"","overlay-gradient":""}},"ast-content-background-meta":{"desktop":{"background-color":"var(--ast-global-color-5)","background-image":"","background-repeat":"repeat","background-position":"center center","background-size":"auto","background-attachment":"scroll","background-type":"","background-media":"","overlay-type":"","overlay-color":"","overlay-opacity":"","overlay-gradient":""},"tablet":{"background-color":"var(--ast-global-color-5)","background-image":"","background-repeat":"repeat","background-position":"center center","background-size":"auto","background-attachment":"scroll","background-type":"","background-media":"","overlay-type":"","overlay-color":"","overlay-opacity":"","overlay-gradient":""},"mobile":{"background-color":"var(--ast-global-color-5)","background-image":"","background-repeat":"repeat","background-position":"center center","background-size":"auto","background-attachment":"scroll","background-type":"","background-media":"","overlay-type":"","overlay-color":"","overlay-opacity":"","overlay-gradient":""}},"footnotes":""},"class_list":["post-5520","page","type-page","status-publish","hentry"],"_links":{"self":[{"href":"https:\/\/ontyche.net\/clientes\/backuppesca\/wp-json\/wp\/v2\/pages\/5520","targetHints":{"allow":["GET"]}}],"collection":[{"href":"https:\/\/ontyche.net\/clientes\/backuppesca\/wp-json\/wp\/v2\/pages"}],"about":[{"href":"https:\/\/ontyche.net\/clientes\/backuppesca\/wp-json\/wp\/v2\/types\/page"}],"author":[{"embeddable":true,"href":"https:\/\/ontyche.net\/clientes\/backuppesca\/wp-json\/wp\/v2\/users\/8"}],"replies":[{"embeddable":true,"href":"https:\/\/ontyche.net\/clientes\/backuppesca\/wp-json\/wp\/v2\/comments?post=5520"}],"version-history":[{"count":0,"href":"https:\/\/ontyche.net\/clientes\/backuppesca\/wp-json\/wp\/v2\/pages\/5520\/revisions"}],"wp:attachment":[{"href":"https:\/\/ontyche.net\/clientes\/backuppesca\/wp-json\/wp\/v2\/media?parent=5520"}],"curies":[{"name":"wp","href":"https:\/\/api.w.org\/{rel}","templated":true}]}}