{"id":10038,"date":"2020-04-21T09:50:07","date_gmt":"2020-04-21T09:50:07","guid":{"rendered":"http:\/\/ontyche.net\/clientes\/backuppesca\/?post_type=product&#038;p=10038"},"modified":"2022-12-22T09:43:56","modified_gmt":"2022-12-22T09:43:56","slug":"asari-prestige-300-metros","status":"publish","type":"product","link":"https:\/\/ontyche.net\/clientes\/backuppesca\/producto\/asari-prestige-300-metros\/","title":{"rendered":"Asari Prestige 300 metros"},"content":{"rendered":"<p><em><strong>La linea de pesca Special Fluoro Cotaing Prestige de Asari,\u00a0<\/strong><\/em>es un nylon con un tratamiento especial que se basa en combinar las dos ventajas principales del hilo normal y el fluorocarbono.<\/p>\n<p>Conseguimos as\u00ed una linea de nueva generaci\u00f3n de gran suavidad y una gran resistencia al nudo y a la tracci\u00f3n hasta en las peores condiciones de rozamiento.<\/p>\n<p>Este hilo ha sido durante muchas generaciones de pescadores consiguiendo unos resultados excelentes tanto en el mar como en el r\u00edo.<\/p>\n","protected":false},"excerpt":{"rendered":"<p><em><strong>Fluoro Coating presentado en bobinas de 300 metros.<\/strong><\/em><\/p>\n","protected":false},"featured_media":10042,"template":"","meta":{"site-sidebar-layout":"default","site-content-layout":"","ast-site-content-layout":"default","site-content-style":"default","site-sidebar-style":"default","ast-global-header-display":"","ast-banner-title-visibility":"","ast-main-header-display":"","ast-hfb-above-header-display":"","ast-hfb-below-header-display":"","ast-hfb-mobile-header-display":"","site-post-title":"","ast-breadcrumbs-content":"","ast-featured-img":"","footer-sml-layout":"","ast-disable-related-posts":"","theme-transparent-header-meta":"","adv-header-id-meta":"","stick-header-meta":"","header-above-stick-meta":"","header-main-stick-meta":"","header-below-stick-meta":"","astra-migrate-meta-layouts":"default","ast-page-background-enabled":"default","ast-page-background-meta":{"desktop":{"background-color":"var(--ast-global-color-4)","background-image":"","background-repeat":"repeat","background-position":"center center","background-size":"auto","background-attachment":"scroll","background-type":"","background-media":"","overlay-type":"","overlay-color":"","overlay-opacity":"","overlay-gradient":""},"tablet":{"background-color":"","background-image":"","background-repeat":"repeat","background-position":"center center","background-size":"auto","background-attachment":"scroll","background-type":"","background-media":"","overlay-type":"","overlay-color":"","overlay-opacity":"","overlay-gradient":""},"mobile":{"background-color":"","background-image":"","background-repeat":"repeat","background-position":"center center","background-size":"auto","background-attachment":"scroll","background-type":"","background-media":"","overlay-type":"","overlay-color":"","overlay-opacity":"","overlay-gradient":""}},"ast-content-background-meta":{"desktop":{"background-color":"var(--ast-global-color-5)","background-image":"","background-repeat":"repeat","background-position":"center center","background-size":"auto","background-attachment":"scroll","background-type":"","background-media":"","overlay-type":"","overlay-color":"","overlay-opacity":"","overlay-gradient":""},"tablet":{"background-color":"var(--ast-global-color-5)","background-image":"","background-repeat":"repeat","background-position":"center center","background-size":"auto","background-attachment":"scroll","background-type":"","background-media":"","overlay-type":"","overlay-color":"","overlay-opacity":"","overlay-gradient":""},"mobile":{"background-color":"var(--ast-global-color-5)","background-image":"","background-repeat":"repeat","background-position":"center center","background-size":"auto","background-attachment":"scroll","background-type":"","background-media":"","overlay-type":"","overlay-color":"","overlay-opacity":"","overlay-gradient":""}}},"product_brand":[544],"product_cat":[73],"product_tag":[],"class_list":{"0":"post-10038","1":"product","2":"type-product","3":"status-publish","4":"has-post-thumbnail","6":"product_brand-asari","7":"product_cat-monofilamentos","8":"desktop-align-left","9":"tablet-align-left","10":"mobile-align-left","11":"ast-product-gallery-layout-horizontal","12":"ast-product-gallery-with-no-image","13":"ast-product-single-variable","14":"ast-product-tabs-layout-accordion","16":"first","17":"instock","18":"sale","19":"taxable","20":"shipping-taxable","21":"purchasable","22":"product-type-variable"},"_links":{"self":[{"href":"https:\/\/ontyche.net\/clientes\/backuppesca\/wp-json\/wp\/v2\/product\/10038","targetHints":{"allow":["GET"]}}],"collection":[{"href":"https:\/\/ontyche.net\/clientes\/backuppesca\/wp-json\/wp\/v2\/product"}],"about":[{"href":"https:\/\/ontyche.net\/clientes\/backuppesca\/wp-json\/wp\/v2\/types\/product"}],"version-history":[{"count":0,"href":"https:\/\/ontyche.net\/clientes\/backuppesca\/wp-json\/wp\/v2\/product\/10038\/revisions"}],"wp:featuredmedia":[{"embeddable":true,"href":"https:\/\/ontyche.net\/clientes\/backuppesca\/wp-json\/wp\/v2\/media\/10042"}],"wp:attachment":[{"href":"https:\/\/ontyche.net\/clientes\/backuppesca\/wp-json\/wp\/v2\/media?parent=10038"}],"wp:term":[{"taxonomy":"product_brand","embeddable":true,"href":"https:\/\/ontyche.net\/clientes\/backuppesca\/wp-json\/wp\/v2\/product_brand?post=10038"},{"taxonomy":"product_cat","embeddable":true,"href":"https:\/\/ontyche.net\/clientes\/backuppesca\/wp-json\/wp\/v2\/product_cat?post=10038"},{"taxonomy":"product_tag","embeddable":true,"href":"https:\/\/ontyche.net\/clientes\/backuppesca\/wp-json\/wp\/v2\/product_tag?post=10038"}],"curies":[{"name":"wp","href":"https:\/\/api.w.org\/{rel}","templated":true}]}}