{"id":10777,"date":"2020-07-28T16:55:47","date_gmt":"2020-07-28T16:55:47","guid":{"rendered":"http:\/\/ontyche.net\/clientes\/backuppesca\/?post_type=product&#038;p=10777"},"modified":"2025-12-22T10:20:25","modified_gmt":"2025-12-22T09:20:25","slug":"tubertini-dr-f-85-c-06","status":"publish","type":"product","link":"https:\/\/ontyche.net\/clientes\/backuppesca\/producto\/tubertini-dr-f-85-c-06\/","title":{"rendered":"Tubertini DR. F 85 C. 06"},"content":{"rendered":"<p><em><strong>El se\u00f1uelo de superficie DR. F 85 de Tubertini, <\/strong><\/em>es un paseante totalmente novedoso que destaca por dos factores de dise\u00f1o muy llamativos, dos enganches en la boca y una salida de agua lateral.<\/p>\n<p>Este Top Water posee dos anillas en su boca que nos permitir\u00e1, seg\u00fan enganchemos nuestra linea al se\u00f1uelo, modificar la nataci\u00f3n del mismo. Consiguiendo con la anilla superior un cl\u00e1sico movimiento de walking the dog, y usando la anilla inferior un movimiento llamado por tubertini sideing movement, que se basa en un movimiento lateral imitando a un pez herido, volviendo a su eje principal de recogida en el momento que volvamos a imprimirle un movimiento con nuestra ca\u00f1a.<\/p>\n<p>Otro de sus elementos de dise\u00f1o es su boca que nos recuerda a un popper, pero con la novedad de tener solamente un orificio de salida lateral del agua. Con esto se consigue que el artificial imite a la perfecci\u00f3n a un pez en verdaderos apuros, escapando lateralmente del ataque de cualquier depredador.<\/p>\n<p>Sin duda un se\u00f1uelo totalmente diferente, el cual nos puede permitir desarrollar una combinaci\u00f3n de movimientos que ning\u00fan artificial del mercado nos permitir\u00eda.<\/p>\n<p>&nbsp;<\/p>\n","protected":false},"excerpt":{"rendered":"<p><b><i>Se\u00f1uelo de superficie DR. F de Tubertini:<\/i><\/b><\/p>\n<p><strong>Longitud: 85 mm<\/strong><\/p>\n<p><strong>Peso: 11.5 gr<\/strong><\/p>\n<p><strong>Color : 06<\/strong><\/p>\n","protected":false},"featured_media":10778,"template":"","meta":{"site-sidebar-layout":"default","site-content-layout":"default","ast-site-content-layout":"default","site-content-style":"default","site-sidebar-style":"default","ast-global-header-display":"","ast-banner-title-visibility":"","ast-main-header-display":"","ast-hfb-above-header-display":"","ast-hfb-below-header-display":"","ast-hfb-mobile-header-display":"","site-post-title":"","ast-breadcrumbs-content":"","ast-featured-img":"","footer-sml-layout":"","ast-disable-related-posts":"","theme-transparent-header-meta":"default","adv-header-id-meta":"","stick-header-meta":"default","header-above-stick-meta":"","header-main-stick-meta":"","header-below-stick-meta":"","astra-migrate-meta-layouts":"default","ast-page-background-enabled":"default","ast-page-background-meta":{"desktop":{"background-color":"var(--ast-global-color-4)","background-image":"","background-repeat":"repeat","background-position":"center center","background-size":"auto","background-attachment":"scroll","background-type":"","background-media":"","overlay-type":"","overlay-color":"","overlay-opacity":"","overlay-gradient":""},"tablet":{"background-color":"","background-image":"","background-repeat":"repeat","background-position":"center center","background-size":"auto","background-attachment":"scroll","background-type":"","background-media":"","overlay-type":"","overlay-color":"","overlay-opacity":"","overlay-gradient":""},"mobile":{"background-color":"","background-image":"","background-repeat":"repeat","background-position":"center center","background-size":"auto","background-attachment":"scroll","background-type":"","background-media":"","overlay-type":"","overlay-color":"","overlay-opacity":"","overlay-gradient":""}},"ast-content-background-meta":{"desktop":{"background-color":"var(--ast-global-color-5)","background-image":"","background-repeat":"repeat","background-position":"center center","background-size":"auto","background-attachment":"scroll","background-type":"","background-media":"","overlay-type":"","overlay-color":"","overlay-opacity":"","overlay-gradient":""},"tablet":{"background-color":"var(--ast-global-color-5)","background-image":"","background-repeat":"repeat","background-position":"center center","background-size":"auto","background-attachment":"scroll","background-type":"","background-media":"","overlay-type":"","overlay-color":"","overlay-opacity":"","overlay-gradient":""},"mobile":{"background-color":"var(--ast-global-color-5)","background-image":"","background-repeat":"repeat","background-position":"center center","background-size":"auto","background-attachment":"scroll","background-type":"","background-media":"","overlay-type":"","overlay-color":"","overlay-opacity":"","overlay-gradient":""}}},"product_brand":[405],"product_cat":[90,91],"product_tag":[],"class_list":{"0":"post-10777","1":"product","2":"type-product","3":"status-publish","4":"has-post-thumbnail","6":"product_brand-tubertini","7":"product_cat-paseante","8":"product_cat-popper","9":"desktop-align-left","10":"tablet-align-left","11":"mobile-align-left","12":"ast-product-gallery-layout-horizontal","13":"ast-product-tabs-layout-accordion","15":"first","16":"instock","17":"sale","18":"taxable","19":"shipping-taxable","20":"purchasable","21":"product-type-simple"},"_links":{"self":[{"href":"https:\/\/ontyche.net\/clientes\/backuppesca\/wp-json\/wp\/v2\/product\/10777","targetHints":{"allow":["GET"]}}],"collection":[{"href":"https:\/\/ontyche.net\/clientes\/backuppesca\/wp-json\/wp\/v2\/product"}],"about":[{"href":"https:\/\/ontyche.net\/clientes\/backuppesca\/wp-json\/wp\/v2\/types\/product"}],"version-history":[{"count":0,"href":"https:\/\/ontyche.net\/clientes\/backuppesca\/wp-json\/wp\/v2\/product\/10777\/revisions"}],"wp:featuredmedia":[{"embeddable":true,"href":"https:\/\/ontyche.net\/clientes\/backuppesca\/wp-json\/wp\/v2\/media\/10778"}],"wp:attachment":[{"href":"https:\/\/ontyche.net\/clientes\/backuppesca\/wp-json\/wp\/v2\/media?parent=10777"}],"wp:term":[{"taxonomy":"product_brand","embeddable":true,"href":"https:\/\/ontyche.net\/clientes\/backuppesca\/wp-json\/wp\/v2\/product_brand?post=10777"},{"taxonomy":"product_cat","embeddable":true,"href":"https:\/\/ontyche.net\/clientes\/backuppesca\/wp-json\/wp\/v2\/product_cat?post=10777"},{"taxonomy":"product_tag","embeddable":true,"href":"https:\/\/ontyche.net\/clientes\/backuppesca\/wp-json\/wp\/v2\/product_tag?post=10777"}],"curies":[{"name":"wp","href":"https:\/\/api.w.org\/{rel}","templated":true}]}}