{"id":12154,"date":"2021-04-20T15:42:59","date_gmt":"2021-04-20T15:42:59","guid":{"rendered":"http:\/\/ontyche.net\/clientes\/backuppesca\/?post_type=product&#038;p=12154"},"modified":"2025-12-19T18:05:33","modified_gmt":"2025-12-19T17:05:33","slug":"tackle-house-contact-feed-sinking-slider-85mm-18g-116","status":"publish","type":"product","link":"https:\/\/ontyche.net\/clientes\/backuppesca\/producto\/tackle-house-contact-feed-sinking-slider-85mm-18g-116\/","title":{"rendered":"Tackle House Contact Feed Sinking Slider 85mm 18g 116"},"content":{"rendered":"<p><em><strong>El paseante hundido Contact Feed Sinking Slider de Tackle House, <\/strong><\/em>es un se\u00f1uelo que se desliza a pocos cent\u00edmetros de la superficie mostrando un coleteo m\u00e1s que interesante.<\/p>\n<p>Este artificial destaca por su excelente lance, ya que al no poseer babero goza de una gran aerodin\u00e1mica. Siendo as\u00ed capaces de conseguir grandes distancias sin apenas esfuerzo, llegando a lugares que con otro tipo de se\u00f1uelos ser\u00eda impensable.<\/p>\n<p>Su nataci\u00f3n se produce f\u00e1cilmente con una recogida lineal, en la que mostrar\u00e1 sus flancos con una vistosidad pasmosa. Podemos adaptarle multitud de movimientos, como realizar peque\u00f1as paradas en las que esta muestra realizar\u00e1 una ca\u00edda produciendo un rolling muy llamativo para cualquier depredador que ronde la capa de agua en la que estamos pescando.<\/p>\n<p>En definitiva un artificial que esta marcando la diferencia, consiguiendo trabajar distintas profundidades de\u00a0 agua con el mismo se\u00f1uelo.<\/p>\n<p>Os dejamos un video del fabricante para que pod\u00e1is observar su movimiento:<\/p>\n<p>&nbsp;<\/p>\n<p><iframe title=\"CONTACT FEED.SINKING SLIDER\" width=\"500\" height=\"281\" src=\"https:\/\/www.youtube.com\/embed\/jpyQekWlMBE?feature=oembed\" frameborder=\"0\" allow=\"accelerometer; autoplay; clipboard-write; encrypted-media; gyroscope; picture-in-picture; web-share\" referrerpolicy=\"strict-origin-when-cross-origin\" allowfullscreen><\/iframe><\/p>\n<p>&nbsp;<\/p>\n<p>&nbsp;<\/p>\n","protected":false},"excerpt":{"rendered":"<p><em><strong>Contact Feed Sinking Slider\u00a0 :<\/strong><\/em><\/p>\n<p><strong>Tama\u00f1o: 85 mm<\/strong><\/p>\n<p><strong>Peso: 18 g<\/strong><\/p>\n<p><strong>Profundidad por segundo de ca\u00edda: 30cm<\/strong><\/p>\n<p><strong>Nataci\u00f3n : Sinking<\/strong><\/p>\n<p><strong>Color: #116 (BO)<\/strong><\/p>\n","protected":false},"featured_media":12155,"template":"","meta":{"site-sidebar-layout":"default","site-content-layout":"default","ast-site-content-layout":"default","site-content-style":"default","site-sidebar-style":"default","ast-global-header-display":"","ast-banner-title-visibility":"","ast-main-header-display":"","ast-hfb-above-header-display":"","ast-hfb-below-header-display":"","ast-hfb-mobile-header-display":"","site-post-title":"","ast-breadcrumbs-content":"","ast-featured-img":"","footer-sml-layout":"","ast-disable-related-posts":"","theme-transparent-header-meta":"default","adv-header-id-meta":"","stick-header-meta":"default","header-above-stick-meta":"","header-main-stick-meta":"","header-below-stick-meta":"","astra-migrate-meta-layouts":"default","ast-page-background-enabled":"default","ast-page-background-meta":{"desktop":{"background-color":"var(--ast-global-color-4)","background-image":"","background-repeat":"repeat","background-position":"center center","background-size":"auto","background-attachment":"scroll","background-type":"","background-media":"","overlay-type":"","overlay-color":"","overlay-opacity":"","overlay-gradient":""},"tablet":{"background-color":"","background-image":"","background-repeat":"repeat","background-position":"center center","background-size":"auto","background-attachment":"scroll","background-type":"","background-media":"","overlay-type":"","overlay-color":"","overlay-opacity":"","overlay-gradient":""},"mobile":{"background-color":"","background-image":"","background-repeat":"repeat","background-position":"center center","background-size":"auto","background-attachment":"scroll","background-type":"","background-media":"","overlay-type":"","overlay-color":"","overlay-opacity":"","overlay-gradient":""}},"ast-content-background-meta":{"desktop":{"background-color":"var(--ast-global-color-5)","background-image":"","background-repeat":"repeat","background-position":"center center","background-size":"auto","background-attachment":"scroll","background-type":"","background-media":"","overlay-type":"","overlay-color":"","overlay-opacity":"","overlay-gradient":""},"tablet":{"background-color":"var(--ast-global-color-5)","background-image":"","background-repeat":"repeat","background-position":"center center","background-size":"auto","background-attachment":"scroll","background-type":"","background-media":"","overlay-type":"","overlay-color":"","overlay-opacity":"","overlay-gradient":""},"mobile":{"background-color":"var(--ast-global-color-5)","background-image":"","background-repeat":"repeat","background-position":"center center","background-size":"auto","background-attachment":"scroll","background-type":"","background-media":"","overlay-type":"","overlay-color":"","overlay-opacity":"","overlay-gradient":""}}},"product_brand":[485],"product_cat":[788],"product_tag":[],"class_list":{"0":"post-12154","1":"product","2":"type-product","3":"status-publish","4":"has-post-thumbnail","6":"product_brand-tackle-house","7":"product_cat-paseantes-hundidos-stickbaits","8":"desktop-align-left","9":"tablet-align-left","10":"mobile-align-left","11":"ast-product-gallery-layout-horizontal","12":"ast-product-tabs-layout-accordion","14":"first","15":"instock","16":"taxable","17":"shipping-taxable","18":"purchasable","19":"product-type-simple"},"_links":{"self":[{"href":"https:\/\/ontyche.net\/clientes\/backuppesca\/wp-json\/wp\/v2\/product\/12154","targetHints":{"allow":["GET"]}}],"collection":[{"href":"https:\/\/ontyche.net\/clientes\/backuppesca\/wp-json\/wp\/v2\/product"}],"about":[{"href":"https:\/\/ontyche.net\/clientes\/backuppesca\/wp-json\/wp\/v2\/types\/product"}],"version-history":[{"count":0,"href":"https:\/\/ontyche.net\/clientes\/backuppesca\/wp-json\/wp\/v2\/product\/12154\/revisions"}],"wp:featuredmedia":[{"embeddable":true,"href":"https:\/\/ontyche.net\/clientes\/backuppesca\/wp-json\/wp\/v2\/media\/12155"}],"wp:attachment":[{"href":"https:\/\/ontyche.net\/clientes\/backuppesca\/wp-json\/wp\/v2\/media?parent=12154"}],"wp:term":[{"taxonomy":"product_brand","embeddable":true,"href":"https:\/\/ontyche.net\/clientes\/backuppesca\/wp-json\/wp\/v2\/product_brand?post=12154"},{"taxonomy":"product_cat","embeddable":true,"href":"https:\/\/ontyche.net\/clientes\/backuppesca\/wp-json\/wp\/v2\/product_cat?post=12154"},{"taxonomy":"product_tag","embeddable":true,"href":"https:\/\/ontyche.net\/clientes\/backuppesca\/wp-json\/wp\/v2\/product_tag?post=12154"}],"curies":[{"name":"wp","href":"https:\/\/api.w.org\/{rel}","templated":true}]}}