{"id":12525,"date":"2021-05-26T15:21:20","date_gmt":"2021-05-26T15:21:20","guid":{"rendered":"http:\/\/ontyche.net\/clientes\/backuppesca\/?post_type=product&#038;p=12525"},"modified":"2025-08-20T23:23:13","modified_gmt":"2025-08-20T23:23:13","slug":"fluorocarbono-unitika-nightgame-fc","status":"publish","type":"product","link":"https:\/\/ontyche.net\/clientes\/backuppesca\/producto\/fluorocarbono-unitika-nightgame-fc\/","title":{"rendered":"Fluorocarbono Unitika Nightgame FC"},"content":{"rendered":"<p><em><strong>La linea para la pesca a light game de Unitika, Nightgame FC,\u00a0<\/strong><\/em>es un fluorocarbono especialmente dise\u00f1ado para\u00a0 las pescas ligeras como ajing, rockfishing, mebaring&#8230;ect.<\/p>\n<p>Este hilo goza de una alta sensibilidad y resistencia que nos ayudar\u00e1 a sentir cualquier m\u00ednimo toque en nuestros se\u00f1uelos por peque\u00f1os que sean.<\/p>\n<p>Gracias a su baja absorci\u00f3n de agua conseguiremos un descenso r\u00e1pido y natural de nuestras muestras, tiene una densidad espec\u00edfica de 1,78 lo que nos ayudar\u00e1 a que los se\u00f1uelos lleguen r\u00e1pidamente al lugar que nosotros querramos.<\/p>\n<p>Un fluorocarbono que podremos usar de l\u00ednea principal o de bajo para nuestras l\u00edneas de polyester con la que no modificaremos la nataci\u00f3n de nuestros enga\u00f1os.<\/p>\n","protected":false},"excerpt":{"rendered":"<p><strong><em>Unitika Nightgame FC en bobinas de 150m:<\/em><\/strong><\/p>\n<ul>\n<li><strong>2Lb &#8211;0.117&#8211;Resistencia: 1 Kg<\/strong><\/li>\n<li><strong>2.5Lb&#8211;0.128mm&#8211;Resistencia 1.25 Kg<\/strong><\/li>\n<li><strong>3Lb&#8211;0.148mm&#8211;Resistencia 1.5 Kg<\/strong><\/li>\n<li><strong>4Lb&#8211;0.165mm&#8211;Resistencia 2 Kg<\/strong><\/li>\n<\/ul>\n","protected":false},"featured_media":12530,"template":"","meta":{"site-sidebar-layout":"default","site-content-layout":"","ast-site-content-layout":"default","site-content-style":"default","site-sidebar-style":"default","ast-global-header-display":"","ast-banner-title-visibility":"","ast-main-header-display":"","ast-hfb-above-header-display":"","ast-hfb-below-header-display":"","ast-hfb-mobile-header-display":"","site-post-title":"","ast-breadcrumbs-content":"","ast-featured-img":"","footer-sml-layout":"","ast-disable-related-posts":"","theme-transparent-header-meta":"","adv-header-id-meta":"","stick-header-meta":"","header-above-stick-meta":"","header-main-stick-meta":"","header-below-stick-meta":"","astra-migrate-meta-layouts":"default","ast-page-background-enabled":"default","ast-page-background-meta":{"desktop":{"background-color":"var(--ast-global-color-4)","background-image":"","background-repeat":"repeat","background-position":"center center","background-size":"auto","background-attachment":"scroll","background-type":"","background-media":"","overlay-type":"","overlay-color":"","overlay-opacity":"","overlay-gradient":""},"tablet":{"background-color":"","background-image":"","background-repeat":"repeat","background-position":"center center","background-size":"auto","background-attachment":"scroll","background-type":"","background-media":"","overlay-type":"","overlay-color":"","overlay-opacity":"","overlay-gradient":""},"mobile":{"background-color":"","background-image":"","background-repeat":"repeat","background-position":"center center","background-size":"auto","background-attachment":"scroll","background-type":"","background-media":"","overlay-type":"","overlay-color":"","overlay-opacity":"","overlay-gradient":""}},"ast-content-background-meta":{"desktop":{"background-color":"var(--ast-global-color-5)","background-image":"","background-repeat":"repeat","background-position":"center center","background-size":"auto","background-attachment":"scroll","background-type":"","background-media":"","overlay-type":"","overlay-color":"","overlay-opacity":"","overlay-gradient":""},"tablet":{"background-color":"var(--ast-global-color-5)","background-image":"","background-repeat":"repeat","background-position":"center center","background-size":"auto","background-attachment":"scroll","background-type":"","background-media":"","overlay-type":"","overlay-color":"","overlay-opacity":"","overlay-gradient":""},"mobile":{"background-color":"var(--ast-global-color-5)","background-image":"","background-repeat":"repeat","background-position":"center center","background-size":"auto","background-attachment":"scroll","background-type":"","background-media":"","overlay-type":"","overlay-color":"","overlay-opacity":"","overlay-gradient":""}}},"product_brand":[604],"product_cat":[75],"product_tag":[],"class_list":{"0":"post-12525","1":"product","2":"type-product","3":"status-publish","4":"has-post-thumbnail","6":"product_brand-unitika","7":"product_cat-fluorocarbonos","8":"desktop-align-left","9":"tablet-align-left","10":"mobile-align-left","11":"ast-product-gallery-layout-horizontal","12":"ast-product-gallery-with-no-image","13":"ast-product-single-variable","14":"ast-product-tabs-layout-accordion","16":"first","17":"instock","18":"sale","19":"taxable","20":"shipping-taxable","21":"purchasable","22":"product-type-variable"},"_links":{"self":[{"href":"https:\/\/ontyche.net\/clientes\/backuppesca\/wp-json\/wp\/v2\/product\/12525","targetHints":{"allow":["GET"]}}],"collection":[{"href":"https:\/\/ontyche.net\/clientes\/backuppesca\/wp-json\/wp\/v2\/product"}],"about":[{"href":"https:\/\/ontyche.net\/clientes\/backuppesca\/wp-json\/wp\/v2\/types\/product"}],"version-history":[{"count":0,"href":"https:\/\/ontyche.net\/clientes\/backuppesca\/wp-json\/wp\/v2\/product\/12525\/revisions"}],"wp:featuredmedia":[{"embeddable":true,"href":"https:\/\/ontyche.net\/clientes\/backuppesca\/wp-json\/wp\/v2\/media\/12530"}],"wp:attachment":[{"href":"https:\/\/ontyche.net\/clientes\/backuppesca\/wp-json\/wp\/v2\/media?parent=12525"}],"wp:term":[{"taxonomy":"product_brand","embeddable":true,"href":"https:\/\/ontyche.net\/clientes\/backuppesca\/wp-json\/wp\/v2\/product_brand?post=12525"},{"taxonomy":"product_cat","embeddable":true,"href":"https:\/\/ontyche.net\/clientes\/backuppesca\/wp-json\/wp\/v2\/product_cat?post=12525"},{"taxonomy":"product_tag","embeddable":true,"href":"https:\/\/ontyche.net\/clientes\/backuppesca\/wp-json\/wp\/v2\/product_tag?post=12525"}],"curies":[{"name":"wp","href":"https:\/\/api.w.org\/{rel}","templated":true}]}}