{"id":13648,"date":"2021-09-23T09:35:18","date_gmt":"2021-09-23T09:35:18","guid":{"rendered":"http:\/\/ontyche.net\/clientes\/backuppesca\/?post_type=product&#038;p=13648"},"modified":"2023-09-13T18:24:10","modified_gmt":"2023-09-13T18:24:10","slug":"cinnetic-blue-win-classic-jigging-180mh-80-180g","status":"publish","type":"product","link":"https:\/\/ontyche.net\/clientes\/backuppesca\/producto\/cinnetic-blue-win-classic-jigging-180mh-80-180g\/","title":{"rendered":"Cinnetic Blue Win Classic Jigging 180MH 80-180g"},"content":{"rendered":"<p><em><strong>La ca\u00f1a para la pr\u00e1ctica de pesca a Jigging Cinnetic Blue Win Classic Jigging ,<\/strong><\/em> esta dise\u00f1ada para la pr\u00e1ctica de la pesca a jigging.<\/p>\n<p>Este modelo esta pensado para iniciarse en el mundo de la pesca vertical en la modalidad de Jigging, con unas caracter\u00edsticas t\u00e9cnicas inigualables en este segmento de precio.<\/p>\n<p>Esta ca\u00f1a cuenta con los \u00faltimos avances y conocimientos de los dise\u00f1adores de Cinnetic, es perfecta para comenzar a pescar a jigging, posee un precio muy contenido y podremos disfrutar de esta afamada t\u00e9cnica de pesca sin un desembolso muy grande.<\/p>\n<p>Tiene una est\u00e9tica muy cuidada, montada con anillas tipo K, para un perfecto descenso de nuestros jigs. Conta de un solo tramo con lo que tendremos un extra de potencia en el butt de la ca\u00f1a, ya que no tiene uniones.<\/p>\n<p><img fetchpriority=\"high\" decoding=\"async\" class=\" wp-image-13649 aligncenter\" src=\"http:\/\/ontyche.net\/clientes\/backuppesca\/wp-content\/uploads\/2021\/09\/cana-cinnetic-blue-win-classic-jigging-detalle.jpg\" alt=\"\" width=\"230\" height=\"230\" srcset=\"https:\/\/ontyche.net\/clientes\/backuppesca\/wp-content\/uploads\/2021\/09\/cana-cinnetic-blue-win-classic-jigging-detalle.jpg 500w, https:\/\/ontyche.net\/clientes\/backuppesca\/wp-content\/uploads\/2021\/09\/cana-cinnetic-blue-win-classic-jigging-detalle-320x320.jpg 320w, https:\/\/ontyche.net\/clientes\/backuppesca\/wp-content\/uploads\/2021\/09\/cana-cinnetic-blue-win-classic-jigging-detalle-100x100.jpg 100w, https:\/\/ontyche.net\/clientes\/backuppesca\/wp-content\/uploads\/2021\/09\/cana-cinnetic-blue-win-classic-jigging-detalle-64x64.jpg 64w, https:\/\/ontyche.net\/clientes\/backuppesca\/wp-content\/uploads\/2021\/09\/cana-cinnetic-blue-win-classic-jigging-detalle-330x330.jpg 330w, https:\/\/ontyche.net\/clientes\/backuppesca\/wp-content\/uploads\/2021\/09\/cana-cinnetic-blue-win-classic-jigging-detalle-400x400.jpg 400w, https:\/\/ontyche.net\/clientes\/backuppesca\/wp-content\/uploads\/2021\/09\/cana-cinnetic-blue-win-classic-jigging-detalle-367x367.jpg 367w, https:\/\/ontyche.net\/clientes\/backuppesca\/wp-content\/uploads\/2021\/09\/cana-cinnetic-blue-win-classic-jigging-detalle-85x85.jpg 85w, https:\/\/ontyche.net\/clientes\/backuppesca\/wp-content\/uploads\/2021\/09\/cana-cinnetic-blue-win-classic-jigging-detalle-32x32.jpg 32w\" sizes=\"(max-width: 230px) 100vw, 230px\" \/><\/p>\n<p>Fabricada en carbono de 24 Tons que le aporta gran durabilidad y polivalencia durante nuestras jornadas de pesca vertical a Jigging.<\/p>\n<p>&nbsp;<\/p>\n<h2><em><b>Ca\u00f1a Cinnetic Blue Win Classic Jigging- Caracter\u00edsticas T\u00e9cnicas:<\/b><\/em><\/h2>\n<ul>\n<li>Longitud: 1.80 metros.<\/li>\n<li>Tramos: 1<\/li>\n<li>Peso: 215 gramos.<\/li>\n<li>Acci\u00f3n: 80-180 gramos.<\/li>\n<li>Mono tramo.<\/li>\n<\/ul>\n","protected":false},"excerpt":{"rendered":"<p><em><strong>Ca\u00f1a Cinnetic Blue Win Classic Jigging:<\/strong><\/em><\/p>\n<ul>\n<li><strong>Longitud: 1.80 metros.<\/strong><\/li>\n<li><strong>Tramos: 1<\/strong><\/li>\n<li><strong>Peso: 215 gramos.<\/strong><\/li>\n<li><strong>Acci\u00f3n: 80-180 gramos.<\/strong><\/li>\n<li><strong>Mono tramo.<\/strong><\/li>\n<\/ul>\n","protected":false},"featured_media":13650,"template":"","meta":{"site-sidebar-layout":"default","site-content-layout":"","ast-site-content-layout":"default","site-content-style":"default","site-sidebar-style":"default","ast-global-header-display":"","ast-banner-title-visibility":"","ast-main-header-display":"","ast-hfb-above-header-display":"","ast-hfb-below-header-display":"","ast-hfb-mobile-header-display":"","site-post-title":"","ast-breadcrumbs-content":"","ast-featured-img":"","footer-sml-layout":"","ast-disable-related-posts":"","theme-transparent-header-meta":"","adv-header-id-meta":"","stick-header-meta":"","header-above-stick-meta":"","header-main-stick-meta":"","header-below-stick-meta":"","astra-migrate-meta-layouts":"default","ast-page-background-enabled":"default","ast-page-background-meta":{"desktop":{"background-color":"var(--ast-global-color-4)","background-image":"","background-repeat":"repeat","background-position":"center center","background-size":"auto","background-attachment":"scroll","background-type":"","background-media":"","overlay-type":"","overlay-color":"","overlay-opacity":"","overlay-gradient":""},"tablet":{"background-color":"","background-image":"","background-repeat":"repeat","background-position":"center center","background-size":"auto","background-attachment":"scroll","background-type":"","background-media":"","overlay-type":"","overlay-color":"","overlay-opacity":"","overlay-gradient":""},"mobile":{"background-color":"","background-image":"","background-repeat":"repeat","background-position":"center center","background-size":"auto","background-attachment":"scroll","background-type":"","background-media":"","overlay-type":"","overlay-color":"","overlay-opacity":"","overlay-gradient":""}},"ast-content-background-meta":{"desktop":{"background-color":"var(--ast-global-color-5)","background-image":"","background-repeat":"repeat","background-position":"center center","background-size":"auto","background-attachment":"scroll","background-type":"","background-media":"","overlay-type":"","overlay-color":"","overlay-opacity":"","overlay-gradient":""},"tablet":{"background-color":"var(--ast-global-color-5)","background-image":"","background-repeat":"repeat","background-position":"center center","background-size":"auto","background-attachment":"scroll","background-type":"","background-media":"","overlay-type":"","overlay-color":"","overlay-opacity":"","overlay-gradient":""},"mobile":{"background-color":"var(--ast-global-color-5)","background-image":"","background-repeat":"repeat","background-position":"center center","background-size":"auto","background-attachment":"scroll","background-type":"","background-media":"","overlay-type":"","overlay-color":"","overlay-opacity":"","overlay-gradient":""}}},"product_brand":[486],"product_cat":[63],"product_tag":[],"class_list":{"0":"post-13648","1":"product","2":"type-product","3":"status-publish","4":"has-post-thumbnail","6":"product_brand-cinnetic","7":"product_cat-jigging","8":"desktop-align-left","9":"tablet-align-left","10":"mobile-align-left","11":"ast-product-gallery-layout-horizontal","12":"ast-product-tabs-layout-accordion","14":"first","15":"outofstock","16":"taxable","17":"shipping-taxable","18":"purchasable","19":"product-type-simple"},"_links":{"self":[{"href":"https:\/\/ontyche.net\/clientes\/backuppesca\/wp-json\/wp\/v2\/product\/13648","targetHints":{"allow":["GET"]}}],"collection":[{"href":"https:\/\/ontyche.net\/clientes\/backuppesca\/wp-json\/wp\/v2\/product"}],"about":[{"href":"https:\/\/ontyche.net\/clientes\/backuppesca\/wp-json\/wp\/v2\/types\/product"}],"version-history":[{"count":0,"href":"https:\/\/ontyche.net\/clientes\/backuppesca\/wp-json\/wp\/v2\/product\/13648\/revisions"}],"wp:featuredmedia":[{"embeddable":true,"href":"https:\/\/ontyche.net\/clientes\/backuppesca\/wp-json\/wp\/v2\/media\/13650"}],"wp:attachment":[{"href":"https:\/\/ontyche.net\/clientes\/backuppesca\/wp-json\/wp\/v2\/media?parent=13648"}],"wp:term":[{"taxonomy":"product_brand","embeddable":true,"href":"https:\/\/ontyche.net\/clientes\/backuppesca\/wp-json\/wp\/v2\/product_brand?post=13648"},{"taxonomy":"product_cat","embeddable":true,"href":"https:\/\/ontyche.net\/clientes\/backuppesca\/wp-json\/wp\/v2\/product_cat?post=13648"},{"taxonomy":"product_tag","embeddable":true,"href":"https:\/\/ontyche.net\/clientes\/backuppesca\/wp-json\/wp\/v2\/product_tag?post=13648"}],"curies":[{"name":"wp","href":"https:\/\/api.w.org\/{rel}","templated":true}]}}