{"id":14038,"date":"2021-11-09T09:45:56","date_gmt":"2021-11-09T09:45:56","guid":{"rendered":"http:\/\/ontyche.net\/clientes\/backuppesca\/?post_type=product&#038;p=14038"},"modified":"2026-01-05T10:35:31","modified_gmt":"2026-01-05T09:35:31","slug":"yamaga-blanks-early-for-seabass-97mmh","status":"publish","type":"product","link":"https:\/\/ontyche.net\/clientes\/backuppesca\/producto\/yamaga-blanks-early-for-seabass-97mmh\/","title":{"rendered":"Yamaga Blanks Early For Seabass 97MMH"},"content":{"rendered":"<p><em><b>La ca\u00f1a para la pr\u00e1ctica de la pesca a spinning <strong><a href=\"http:\/\/ontyche.net\/clientes\/backuppesca\/brand\/yamaga-blanks\/\">Yamaga Blanks<\/a> Early for Seabass 97MMH<\/strong> , <\/b><\/em>ha sido presentada en 2021 como una ca\u00f1a especifica para la pesca de lubinas.<\/p>\n<p>Lo que buscamos en una ca\u00f1a de lubina en Yamaga Blanks son \u00abcaracter\u00edsticas est\u00e1ndar\u00bb para que cualquiera pueda usarlas f\u00e1cilmente. Nuestros dise\u00f1os se enfocan en un punto de liberaci\u00f3n tolerante para que todos puedan lanzar largas distancias con el menor esfuerzo mientras conservan la ligereza para el lanzamiento durante todo el d\u00eda y la sensibilidad para aprovechar los bocados m\u00e1s peque\u00f1os. Una vez enganchados, los blanks se doblar\u00e1n muy bien para reducir los enganches causados generalmente por las ca\u00f1as que son demasiado r\u00edgidas.<br \/>\nLos modelos EARLY for Seabass tienen una buena relaci\u00f3n calidad-precio teniendo en cuenta la calidad de las ca\u00f1as.<br \/>\nLa longitud y la configuraci\u00f3n de los modelos est\u00e1n dise\u00f1ados para lanzamientos de larga distancia que son adecuados para vadear en aguas poco profundas, pescar en rocas, cantos rodados, muelles y rompeolas.<\/p>\n<p>Podr\u00e1 rastrear sus se\u00f1uelos en las fuertes y espesas corrientes de r\u00edos y estrechos a gran escala, as\u00ed como en lugares extremos de rocas y cantos rodados. Posee una punta sensible capaz de transmitir los detalles m\u00e1s peque\u00f1os en la corriente y utilizar pececillos y l\u00e1pices hundidos de tan solo 9 cm. Habiendo dicho eso, los pescadores a\u00fan podr\u00e1n lanzar se\u00f1uelos de cebo grandes de hasta 15 cm para situaciones en las que sus objetivos se alimentan de cebos m\u00e1s grandes y detener la paliza de la lubina antes del desove del tama\u00f1o de un lunker con el fuerte poder del trasero.<\/p>\n<h2>Early For Seabass 97MMH &#8211; Caracter\u00edsticas T\u00e9cnicas:<\/h2>\n<ul>\n<li><strong>Longitud: 2,925 metros<\/strong><\/li>\n<li><strong>Acci\u00f3n: 8-42<\/strong><strong>\u00a0gramos<\/strong><\/li>\n<li><strong>Peso: 156 gramos<\/strong><\/li>\n<li><strong>Linea: PE #1.0-2.0<\/strong><\/li>\n<li><strong>Anillas:\u00a0 9 Fuji K Sic-guide Stainless<\/strong><\/li>\n<\/ul>\n<p>Os dejamos un video de la ca\u00f1a en cuesti\u00f3n lanzando con distintos se\u00f1uelos y pesos:<\/p>\n<p><iframe title=\"EARLY for Seabass 97MMH\" width=\"500\" height=\"281\" src=\"https:\/\/www.youtube.com\/embed\/KSq2N_hVKnk?feature=oembed&#038;enablejsapi=1&#038;origin=http:\/\/ontyche.net\/clientes\/backuppesca\" frameborder=\"0\" allow=\"accelerometer; autoplay; clipboard-write; encrypted-media; gyroscope; picture-in-picture; web-share\" referrerpolicy=\"strict-origin-when-cross-origin\" allowfullscreen><\/iframe><\/p>\n","protected":false},"excerpt":{"rendered":"<p><em><strong>Yamaga Blanks Early For Seabass 97MMH:<\/strong><\/em><\/p>\n<ul>\n<li><strong>Longitud: 2,925 metros<\/strong><\/li>\n<li><strong>Acci\u00f3n: 8-42<\/strong><strong>\u00a0gramos<\/strong><\/li>\n<li><strong>Peso: 156 gramos<\/strong><\/li>\n<li><strong>Linea: PE #1.0-2.0<\/strong><\/li>\n<li><strong>Anillas:\u00a0 9 Fuji K Sic-guide Stainless<\/strong><\/li>\n<\/ul>\n","protected":false},"featured_media":14039,"template":"","meta":{"site-sidebar-layout":"default","site-content-layout":"","ast-site-content-layout":"default","site-content-style":"default","site-sidebar-style":"default","ast-global-header-display":"","ast-banner-title-visibility":"","ast-main-header-display":"","ast-hfb-above-header-display":"","ast-hfb-below-header-display":"","ast-hfb-mobile-header-display":"","site-post-title":"","ast-breadcrumbs-content":"","ast-featured-img":"","footer-sml-layout":"","ast-disable-related-posts":"","theme-transparent-header-meta":"default","adv-header-id-meta":"","stick-header-meta":"default","header-above-stick-meta":"","header-main-stick-meta":"","header-below-stick-meta":"","astra-migrate-meta-layouts":"set","ast-page-background-enabled":"default","ast-page-background-meta":{"desktop":{"background-color":"var(--ast-global-color-4)","background-image":"","background-repeat":"repeat","background-position":"center center","background-size":"auto","background-attachment":"scroll","background-type":"","background-media":"","overlay-type":"","overlay-color":"","overlay-opacity":"","overlay-gradient":""},"tablet":{"background-color":"","background-image":"","background-repeat":"repeat","background-position":"center center","background-size":"auto","background-attachment":"scroll","background-type":"","background-media":"","overlay-type":"","overlay-color":"","overlay-opacity":"","overlay-gradient":""},"mobile":{"background-color":"","background-image":"","background-repeat":"repeat","background-position":"center center","background-size":"auto","background-attachment":"scroll","background-type":"","background-media":"","overlay-type":"","overlay-color":"","overlay-opacity":"","overlay-gradient":""}},"ast-content-background-meta":{"desktop":{"background-color":"var(--ast-global-color-5)","background-image":"","background-repeat":"repeat","background-position":"center center","background-size":"auto","background-attachment":"scroll","background-type":"","background-media":"","overlay-type":"","overlay-color":"","overlay-opacity":"","overlay-gradient":""},"tablet":{"background-color":"var(--ast-global-color-5)","background-image":"","background-repeat":"repeat","background-position":"center center","background-size":"auto","background-attachment":"scroll","background-type":"","background-media":"","overlay-type":"","overlay-color":"","overlay-opacity":"","overlay-gradient":""},"mobile":{"background-color":"var(--ast-global-color-5)","background-image":"","background-repeat":"repeat","background-position":"center center","background-size":"auto","background-attachment":"scroll","background-type":"","background-media":"","overlay-type":"","overlay-color":"","overlay-opacity":"","overlay-gradient":""}}},"product_brand":[615],"product_cat":[59],"product_tag":[],"class_list":{"0":"post-14038","1":"product","2":"type-product","3":"status-publish","4":"has-post-thumbnail","6":"product_brand-yamaga-blanks","7":"product_cat-spinning","8":"desktop-align-left","9":"tablet-align-left","10":"mobile-align-left","11":"ast-product-gallery-layout-horizontal","12":"ast-product-tabs-layout-accordion","14":"first","15":"instock","16":"featured","17":"taxable","18":"shipping-taxable","19":"purchasable","20":"product-type-simple"},"_links":{"self":[{"href":"https:\/\/ontyche.net\/clientes\/backuppesca\/wp-json\/wp\/v2\/product\/14038","targetHints":{"allow":["GET"]}}],"collection":[{"href":"https:\/\/ontyche.net\/clientes\/backuppesca\/wp-json\/wp\/v2\/product"}],"about":[{"href":"https:\/\/ontyche.net\/clientes\/backuppesca\/wp-json\/wp\/v2\/types\/product"}],"version-history":[{"count":1,"href":"https:\/\/ontyche.net\/clientes\/backuppesca\/wp-json\/wp\/v2\/product\/14038\/revisions"}],"predecessor-version":[{"id":35099,"href":"https:\/\/ontyche.net\/clientes\/backuppesca\/wp-json\/wp\/v2\/product\/14038\/revisions\/35099"}],"wp:featuredmedia":[{"embeddable":true,"href":"https:\/\/ontyche.net\/clientes\/backuppesca\/wp-json\/wp\/v2\/media\/14039"}],"wp:attachment":[{"href":"https:\/\/ontyche.net\/clientes\/backuppesca\/wp-json\/wp\/v2\/media?parent=14038"}],"wp:term":[{"taxonomy":"product_brand","embeddable":true,"href":"https:\/\/ontyche.net\/clientes\/backuppesca\/wp-json\/wp\/v2\/product_brand?post=14038"},{"taxonomy":"product_cat","embeddable":true,"href":"https:\/\/ontyche.net\/clientes\/backuppesca\/wp-json\/wp\/v2\/product_cat?post=14038"},{"taxonomy":"product_tag","embeddable":true,"href":"https:\/\/ontyche.net\/clientes\/backuppesca\/wp-json\/wp\/v2\/product_tag?post=14038"}],"curies":[{"name":"wp","href":"https:\/\/api.w.org\/{rel}","templated":true}]}}