{"id":14334,"date":"2022-01-19T12:10:50","date_gmt":"2022-01-19T12:10:50","guid":{"rendered":"http:\/\/ontyche.net\/clientes\/backuppesca\/?post_type=product&#038;p=14334"},"modified":"2023-07-14T15:11:18","modified_gmt":"2023-07-14T15:11:18","slug":"daiwa-triforce-bombette-39th","status":"publish","type":"product","link":"https:\/\/ontyche.net\/clientes\/backuppesca\/producto\/daiwa-triforce-bombette-39th\/","title":{"rendered":"Daiwa Triforce Bombette &#8211; 39TH"},"content":{"rendered":"<p><em><b>Las ca\u00f1as para la practica de la pesca con bombeta\u00a0 <strong><a href=\"http:\/\/ontyche.net\/clientes\/backuppesca\/brand\/daiwa\/\">Daiwa<\/a> Triforce Bombette<\/strong>\u00a0\u00a0<\/b><\/em>, han sido dise\u00f1adas para la pesca de depredadores con se\u00f1uelos ultra ligeros.<\/p>\n<p>Esta serie de ca\u00f1as han sido desarrolladas para iniciarse en este tipo de pesca, cuidando hasta el m\u00e1s m\u00ednimo detalle para conseguir una relaci\u00f3n calidad\/precio inigualable en el mercado actual.<\/p>\n<p>Esta serie de ca\u00f1as han sido desarrolladas principalmente para la pesca de truchas a gran distancia, con la ayuda de bombetas y buldos. Ya sea en r\u00edos de gran caudal as\u00ed como lagos y embalses.<\/p>\n<h2>Ca\u00f1a Daiwa Triforce Bombette &#8211; Caracter\u00edsticas T\u00e9cnicas:<\/h2>\n<ul>\n<li>Blank de carbono y composite<\/li>\n<li>Telesc\u00f3pica<\/li>\n<li>Anillas mono patas SiC (2 deslizantes ligadas sobre tubo) con refuerzo de carbono para evitar que las anillas se choquen<\/li>\n<li>Porta-carretes de placa<\/li>\n<li>Pu\u00f1o liso<\/li>\n<li>Acci\u00f3n de punta progresiva<\/li>\n<li>Tap\u00f3n anti choque a rosca en el tal\u00f3n<\/li>\n<\/ul>\n","protected":false},"excerpt":{"rendered":"<p><em><strong>Daiwa Triforce Bombette -TFBB39THCF\u00a0 :\u00a0<\/strong><\/em><\/p>\n<p><strong>Longitud: 3.88 metros<\/strong><br \/>\n<strong>Tramos: 6<\/strong><br \/>\n<strong>Longitud de Plegado: 129 cent\u00edmetros<\/strong><br \/>\n<strong>Peso: 220 gramos<\/strong><br \/>\n<strong>Anillas: 8\u00a0 Mono Pata SIC<\/strong><br \/>\n<strong>Acci\u00f3n: 30-80 -gramos<\/strong><\/p>\n","protected":false},"featured_media":14335,"template":"","meta":{"site-sidebar-layout":"default","site-content-layout":"default","ast-site-content-layout":"default","site-content-style":"default","site-sidebar-style":"default","ast-global-header-display":"","ast-banner-title-visibility":"","ast-main-header-display":"","ast-hfb-above-header-display":"","ast-hfb-below-header-display":"","ast-hfb-mobile-header-display":"","site-post-title":"","ast-breadcrumbs-content":"","ast-featured-img":"","footer-sml-layout":"","ast-disable-related-posts":"","theme-transparent-header-meta":"","adv-header-id-meta":"","stick-header-meta":"","header-above-stick-meta":"","header-main-stick-meta":"","header-below-stick-meta":"","astra-migrate-meta-layouts":"default","ast-page-background-enabled":"default","ast-page-background-meta":{"desktop":{"background-color":"var(--ast-global-color-4)","background-image":"","background-repeat":"repeat","background-position":"center center","background-size":"auto","background-attachment":"scroll","background-type":"","background-media":"","overlay-type":"","overlay-color":"","overlay-opacity":"","overlay-gradient":""},"tablet":{"background-color":"","background-image":"","background-repeat":"repeat","background-position":"center center","background-size":"auto","background-attachment":"scroll","background-type":"","background-media":"","overlay-type":"","overlay-color":"","overlay-opacity":"","overlay-gradient":""},"mobile":{"background-color":"","background-image":"","background-repeat":"repeat","background-position":"center center","background-size":"auto","background-attachment":"scroll","background-type":"","background-media":"","overlay-type":"","overlay-color":"","overlay-opacity":"","overlay-gradient":""}},"ast-content-background-meta":{"desktop":{"background-color":"var(--ast-global-color-5)","background-image":"","background-repeat":"repeat","background-position":"center center","background-size":"auto","background-attachment":"scroll","background-type":"","background-media":"","overlay-type":"","overlay-color":"","overlay-opacity":"","overlay-gradient":""},"tablet":{"background-color":"var(--ast-global-color-5)","background-image":"","background-repeat":"repeat","background-position":"center center","background-size":"auto","background-attachment":"scroll","background-type":"","background-media":"","overlay-type":"","overlay-color":"","overlay-opacity":"","overlay-gradient":""},"mobile":{"background-color":"var(--ast-global-color-5)","background-image":"","background-repeat":"repeat","background-position":"center center","background-size":"auto","background-attachment":"scroll","background-type":"","background-media":"","overlay-type":"","overlay-color":"","overlay-opacity":"","overlay-gradient":""}}},"product_brand":[384],"product_cat":[789],"product_tag":[],"class_list":{"0":"post-14334","1":"product","2":"type-product","3":"status-publish","4":"has-post-thumbnail","6":"product_brand-daiwa","7":"product_cat-canas-telescopicas-surfcasting-bolonesa","8":"desktop-align-left","9":"tablet-align-left","10":"mobile-align-left","11":"ast-product-gallery-layout-horizontal","12":"ast-product-gallery-with-no-image","13":"ast-product-tabs-layout-accordion","15":"first","16":"instock","17":"featured","18":"taxable","19":"shipping-taxable","20":"purchasable","21":"product-type-simple"},"_links":{"self":[{"href":"https:\/\/ontyche.net\/clientes\/backuppesca\/wp-json\/wp\/v2\/product\/14334","targetHints":{"allow":["GET"]}}],"collection":[{"href":"https:\/\/ontyche.net\/clientes\/backuppesca\/wp-json\/wp\/v2\/product"}],"about":[{"href":"https:\/\/ontyche.net\/clientes\/backuppesca\/wp-json\/wp\/v2\/types\/product"}],"version-history":[{"count":0,"href":"https:\/\/ontyche.net\/clientes\/backuppesca\/wp-json\/wp\/v2\/product\/14334\/revisions"}],"wp:featuredmedia":[{"embeddable":true,"href":"https:\/\/ontyche.net\/clientes\/backuppesca\/wp-json\/wp\/v2\/media\/14335"}],"wp:attachment":[{"href":"https:\/\/ontyche.net\/clientes\/backuppesca\/wp-json\/wp\/v2\/media?parent=14334"}],"wp:term":[{"taxonomy":"product_brand","embeddable":true,"href":"https:\/\/ontyche.net\/clientes\/backuppesca\/wp-json\/wp\/v2\/product_brand?post=14334"},{"taxonomy":"product_cat","embeddable":true,"href":"https:\/\/ontyche.net\/clientes\/backuppesca\/wp-json\/wp\/v2\/product_cat?post=14334"},{"taxonomy":"product_tag","embeddable":true,"href":"https:\/\/ontyche.net\/clientes\/backuppesca\/wp-json\/wp\/v2\/product_tag?post=14334"}],"curies":[{"name":"wp","href":"https:\/\/api.w.org\/{rel}","templated":true}]}}