{"id":14947,"date":"2022-02-16T16:18:48","date_gmt":"2022-02-16T16:18:48","guid":{"rendered":"http:\/\/ontyche.net\/clientes\/backuppesca\/?post_type=product&#038;p=14947"},"modified":"2022-12-22T09:45:34","modified_gmt":"2022-12-22T09:45:34","slug":"daiwa-airity-2000-s-lt","status":"publish","type":"product","link":"https:\/\/ontyche.net\/clientes\/backuppesca\/producto\/daiwa-airity-2000-s-lt\/","title":{"rendered":"Daiwa Airity 2000 S &#8211; LT"},"content":{"rendered":"<p><b>El carrete para la pesca a spinning <strong><a href=\"http:\/\/ontyche.net\/clientes\/backuppesca\/brand\/daiwa\/\">Daiwa<\/a> Airity 2000 S<\/strong> LT<\/b>, es un modelo presentado en el a\u00f1o 2020, que marca una revoluci\u00f3n en la gama de carretes de light game.<\/p>\n<p>Cuenta con un bastidor monocoque fabricado en carbono Zaion, que lo dota de una gran ligereza. As\u00ed lo podremos emparejar con ca\u00f1as de ultra light spinning y conseguir un equilibrio del equipo perfecto, para poder disfrutar de nuestras jornadas de pesca a lo m\u00e1ximo.<\/p>\n<p>Sin embargo, al tener el cuerpo\u00a0 de una sola pieza, conseguiremos m\u00e1s durabilidad y menos holguras. Adem\u00e1s, gracias a la construcci\u00f3n del bastidor en una sola pieza, los riesgos de infiltraci\u00f3n de impurezas se minimizan en gran medida. Y para la parte superior del carrete, el MagSealed bloquea cualquier intrusi\u00f3n que pueda da\u00f1ar el carrete.<\/p>\n<p>El cuerpo monocasco deja m\u00e1s espacio para la rueda de control Tough Digigear, cuyo tama\u00f1o aprovecha todo el espacio interno . Este desarrollo no s\u00f3lo mejora la resistencia, sino que tambi\u00e9n disminuye la inercia del bobinado, produciendo una rotaci\u00f3n m\u00e1s suave y sin esfuerzo.<\/p>\n<h2>Carrete Daiwa Airity &#8211; Caracter\u00edsticas T\u00e9cnicas:<\/h2>\n<ul>\n<li>Freno con tecnolog\u00eda ATD (Automatic Tournament Drag)<\/li>\n<li>Rodamientos: 8 + 1 con 3 CRBB en los modelos 2000 y 4 CRBB en el modelo 2500-3000<\/li>\n<li>Bastidor de carbono ZAION y rotor en DS5<\/li>\n<li>Bobina LC-ABS (Long Cast)<\/li>\n<li>Bobinado por espiras cruzadas<\/li>\n<li>Manivela monobloque aluminio desenroscable<\/li>\n<li>Rueda de control Tough Digigear de aluminio<\/li>\n<li>Air Bail monobloque<\/li>\n<\/ul>\n","protected":false},"excerpt":{"rendered":"<ul>\n<li style=\"list-style-type: none;\">\n<ul>\n<li><strong>Ratio: 5,1 :1 ( 67 cm )<\/strong><\/li>\n<li><strong>Peso : 160 gramos<\/strong><\/li>\n<li><strong>Capacidad: Nylon 0.20mm\/150m &#8211; Trenzado: PE#0.4\/200m<\/strong><\/li>\n<li><strong>Freno : 5 Kg<\/strong><\/li>\n<li><strong>Rodamientos: 8 + 1 con 3 CRBB<\/strong><\/li>\n<\/ul>\n<\/li>\n<\/ul>\n<p>&nbsp;<\/p>\n","protected":false},"featured_media":14948,"template":"","meta":{"site-sidebar-layout":"default","site-content-layout":"default","ast-site-content-layout":"default","site-content-style":"default","site-sidebar-style":"default","ast-global-header-display":"","ast-banner-title-visibility":"","ast-main-header-display":"","ast-hfb-above-header-display":"","ast-hfb-below-header-display":"","ast-hfb-mobile-header-display":"","site-post-title":"","ast-breadcrumbs-content":"","ast-featured-img":"","footer-sml-layout":"","ast-disable-related-posts":"","theme-transparent-header-meta":"","adv-header-id-meta":"","stick-header-meta":"","header-above-stick-meta":"","header-main-stick-meta":"","header-below-stick-meta":"","astra-migrate-meta-layouts":"default","ast-page-background-enabled":"default","ast-page-background-meta":{"desktop":{"background-color":"var(--ast-global-color-4)","background-image":"","background-repeat":"repeat","background-position":"center center","background-size":"auto","background-attachment":"scroll","background-type":"","background-media":"","overlay-type":"","overlay-color":"","overlay-opacity":"","overlay-gradient":""},"tablet":{"background-color":"","background-image":"","background-repeat":"repeat","background-position":"center center","background-size":"auto","background-attachment":"scroll","background-type":"","background-media":"","overlay-type":"","overlay-color":"","overlay-opacity":"","overlay-gradient":""},"mobile":{"background-color":"","background-image":"","background-repeat":"repeat","background-position":"center center","background-size":"auto","background-attachment":"scroll","background-type":"","background-media":"","overlay-type":"","overlay-color":"","overlay-opacity":"","overlay-gradient":""}},"ast-content-background-meta":{"desktop":{"background-color":"var(--ast-global-color-5)","background-image":"","background-repeat":"repeat","background-position":"center center","background-size":"auto","background-attachment":"scroll","background-type":"","background-media":"","overlay-type":"","overlay-color":"","overlay-opacity":"","overlay-gradient":""},"tablet":{"background-color":"var(--ast-global-color-5)","background-image":"","background-repeat":"repeat","background-position":"center center","background-size":"auto","background-attachment":"scroll","background-type":"","background-media":"","overlay-type":"","overlay-color":"","overlay-opacity":"","overlay-gradient":""},"mobile":{"background-color":"var(--ast-global-color-5)","background-image":"","background-repeat":"repeat","background-position":"center center","background-size":"auto","background-attachment":"scroll","background-type":"","background-media":"","overlay-type":"","overlay-color":"","overlay-opacity":"","overlay-gradient":""}}},"product_brand":[384],"product_cat":[68],"product_tag":[],"class_list":{"0":"post-14947","1":"product","2":"type-product","3":"status-publish","4":"has-post-thumbnail","6":"product_brand-daiwa","7":"product_cat-spinning-carretes","8":"desktop-align-left","9":"tablet-align-left","10":"mobile-align-left","11":"ast-product-gallery-layout-horizontal","12":"ast-product-gallery-with-no-image","13":"ast-product-tabs-layout-accordion","15":"first","16":"outofstock","17":"taxable","18":"shipping-taxable","19":"purchasable","20":"product-type-simple"},"_links":{"self":[{"href":"https:\/\/ontyche.net\/clientes\/backuppesca\/wp-json\/wp\/v2\/product\/14947","targetHints":{"allow":["GET"]}}],"collection":[{"href":"https:\/\/ontyche.net\/clientes\/backuppesca\/wp-json\/wp\/v2\/product"}],"about":[{"href":"https:\/\/ontyche.net\/clientes\/backuppesca\/wp-json\/wp\/v2\/types\/product"}],"version-history":[{"count":0,"href":"https:\/\/ontyche.net\/clientes\/backuppesca\/wp-json\/wp\/v2\/product\/14947\/revisions"}],"wp:featuredmedia":[{"embeddable":true,"href":"https:\/\/ontyche.net\/clientes\/backuppesca\/wp-json\/wp\/v2\/media\/14948"}],"wp:attachment":[{"href":"https:\/\/ontyche.net\/clientes\/backuppesca\/wp-json\/wp\/v2\/media?parent=14947"}],"wp:term":[{"taxonomy":"product_brand","embeddable":true,"href":"https:\/\/ontyche.net\/clientes\/backuppesca\/wp-json\/wp\/v2\/product_brand?post=14947"},{"taxonomy":"product_cat","embeddable":true,"href":"https:\/\/ontyche.net\/clientes\/backuppesca\/wp-json\/wp\/v2\/product_cat?post=14947"},{"taxonomy":"product_tag","embeddable":true,"href":"https:\/\/ontyche.net\/clientes\/backuppesca\/wp-json\/wp\/v2\/product_tag?post=14947"}],"curies":[{"name":"wp","href":"https:\/\/api.w.org\/{rel}","templated":true}]}}