{"id":20351,"date":"2022-09-26T11:26:44","date_gmt":"2022-09-26T11:26:44","guid":{"rendered":"http:\/\/ontyche.net\/clientes\/backuppesca\/?post_type=product&#038;p=20351"},"modified":"2024-03-13T09:33:24","modified_gmt":"2024-03-13T09:33:24","slug":"shimano-vanquish-4000xg-fb","status":"publish","type":"product","link":"https:\/\/ontyche.net\/clientes\/backuppesca\/producto\/shimano-vanquish-4000xg-fb\/","title":{"rendered":"Shimano Vanquish -4000 XG FB"},"content":{"rendered":"<p><b>El carrete para la pesca a spinnig <strong>Shimano Vanquish -4000 XG FB<\/strong><\/b>, es uno de los carretes m\u00e1s ligeros del mercado.<\/p>\n<p>El nuevo VANQUISH 2019 es el carrete insignia de la serie MAGNUMLITE. La serie MAGNUMLITE trata sobre el peso ligero, la rotaci\u00f3n ligera (baja inercia) y la alta sensibilidad. La rotaci\u00f3n ligera (baja inercia del carrete) se logra mediante el dise\u00f1o exclusivo del rotor de Magnumlite.<\/p>\n<p>La sensibilidad se logra mediante la combinaci\u00f3n de Silent Drive y Micromodule Gear II. Debido al peso ligero y la sensibilidad de este carrete, es perfecto en su uso para las t\u00e9cnicas de pesca ligera y ultra ligera para especies como la perca, la trucha y la lucioperca. Sin embargo, el Vanquish viene en muchos tama\u00f1os y puede usarse para muchas t\u00e9cnicas y especies diferentes.<\/p>\n<p>Tecnolog\u00edas que se utilizan en este carrete:<\/p>\n<p><b>HAGANE:<\/b><\/p>\n<p>El HAGANE es un concepto de dise\u00f1o de carrete Shimano creado para resistir el uso continuo y el abuso extremo. HAGANE es una innovaci\u00f3n con resistencia y durabilidad integradas que funciona junto con la ingenier\u00eda de precisi\u00f3n de Shimano. HAGANE es para todos los pescadores.<\/p>\n<p><b>HAGANE GEAR:\u00a0<\/b><\/p>\n<p><img fetchpriority=\"high\" decoding=\"async\" class=\"size-full wp-image-20353 aligncenter\" src=\"http:\/\/ontyche.net\/clientes\/backuppesca\/wp-content\/uploads\/2022\/09\/HAGANE-GEAR.jpeg\" alt=\"\" width=\"319\" height=\"319\" srcset=\"https:\/\/ontyche.net\/clientes\/backuppesca\/wp-content\/uploads\/2022\/09\/HAGANE-GEAR.jpeg 319w, https:\/\/ontyche.net\/clientes\/backuppesca\/wp-content\/uploads\/2022\/09\/HAGANE-GEAR-12x12.jpeg 12w, https:\/\/ontyche.net\/clientes\/backuppesca\/wp-content\/uploads\/2022\/09\/HAGANE-GEAR-100x100.jpeg 100w, https:\/\/ontyche.net\/clientes\/backuppesca\/wp-content\/uploads\/2022\/09\/HAGANE-GEAR-64x64.jpeg 64w\" sizes=\"(max-width: 319px) 100vw, 319px\" \/><\/p>\n<p>El engranaje HAGANE se produce mediante la tecnolog\u00eda de forjado en fr\u00edo de Shimano, sin la necesidad de un mecanizado adicional. Esto proporciona una suavidad, resistencia y ligereza duraderas, y potencia en el coraz\u00f3n del carrete. Los engranajes mecanizados a presi\u00f3n tradicionales son menos duraderos bajo cargas pesadas.<\/p>\n<p>&nbsp;<\/p>\n<h2>Carrete Shimano Vanquish &#8211; Caracter\u00edsticas T\u00e9cnicas:<\/h2>\n<ul>\n<li>Ratio: 6,2 : 1 (101 cm )<\/li>\n<li>Peso : 200 gramos<\/li>\n<li>Capacidad: 0.30mm-180m, 0.35mm-130m\u00a0 &#8211;\u00a0 PE#1-490m,PE#1.5-320m, PE#2-240m<\/li>\n<li>Freno : 11 Kg<\/li>\n<li>Rodamientos: 11 + 1<\/li>\n<\/ul>\n<p><iframe title=\"NEW SHIMANO 2019 VANQUISH FB spinning reel\" width=\"500\" height=\"281\" src=\"https:\/\/www.youtube.com\/embed\/q-4xOiWxrYE?feature=oembed\" frameborder=\"0\" allow=\"accelerometer; autoplay; clipboard-write; encrypted-media; gyroscope; picture-in-picture; web-share\" referrerpolicy=\"strict-origin-when-cross-origin\" allowfullscreen><\/iframe><\/p>\n","protected":false},"excerpt":{"rendered":"<ul>\n<li>Ratio: 6,2 : 1 (101 cm )<\/li>\n<li>Peso : 200 gramos<\/li>\n<li>Capacidad: 0.30mm-180m, 0.35mm-130m\u00a0 &#8211;\u00a0 PE#1-490m,PE#1.5-320m, PE#2-240m<\/li>\n<li>Freno : 11 Kg<\/li>\n<li>Rodamientos: 11 + 1<\/li>\n<\/ul>\n","protected":false},"featured_media":20352,"template":"","meta":{"site-sidebar-layout":"default","site-content-layout":"default","ast-site-content-layout":"default","site-content-style":"default","site-sidebar-style":"default","ast-global-header-display":"","ast-banner-title-visibility":"","ast-main-header-display":"","ast-hfb-above-header-display":"","ast-hfb-below-header-display":"","ast-hfb-mobile-header-display":"","site-post-title":"","ast-breadcrumbs-content":"","ast-featured-img":"","footer-sml-layout":"","ast-disable-related-posts":"","theme-transparent-header-meta":"default","adv-header-id-meta":"","stick-header-meta":"default","header-above-stick-meta":"","header-main-stick-meta":"","header-below-stick-meta":"","astra-migrate-meta-layouts":"set","ast-page-background-enabled":"default","ast-page-background-meta":{"desktop":{"background-color":"var(--ast-global-color-4)","background-image":"","background-repeat":"repeat","background-position":"center center","background-size":"auto","background-attachment":"scroll","background-type":"","background-media":"","overlay-type":"","overlay-color":"","overlay-opacity":"","overlay-gradient":""},"tablet":{"background-color":"","background-image":"","background-repeat":"repeat","background-position":"center center","background-size":"auto","background-attachment":"scroll","background-type":"","background-media":"","overlay-type":"","overlay-color":"","overlay-opacity":"","overlay-gradient":""},"mobile":{"background-color":"","background-image":"","background-repeat":"repeat","background-position":"center center","background-size":"auto","background-attachment":"scroll","background-type":"","background-media":"","overlay-type":"","overlay-color":"","overlay-opacity":"","overlay-gradient":""}},"ast-content-background-meta":{"desktop":{"background-color":"var(--ast-global-color-5)","background-image":"","background-repeat":"repeat","background-position":"center center","background-size":"auto","background-attachment":"scroll","background-type":"","background-media":"","overlay-type":"","overlay-color":"","overlay-opacity":"","overlay-gradient":""},"tablet":{"background-color":"var(--ast-global-color-5)","background-image":"","background-repeat":"repeat","background-position":"center center","background-size":"auto","background-attachment":"scroll","background-type":"","background-media":"","overlay-type":"","overlay-color":"","overlay-opacity":"","overlay-gradient":""},"mobile":{"background-color":"var(--ast-global-color-5)","background-image":"","background-repeat":"repeat","background-position":"center center","background-size":"auto","background-attachment":"scroll","background-type":"","background-media":"","overlay-type":"","overlay-color":"","overlay-opacity":"","overlay-gradient":""}}},"product_brand":[],"product_cat":[68],"product_tag":[],"class_list":{"0":"post-20351","1":"product","2":"type-product","3":"status-publish","4":"has-post-thumbnail","6":"product_cat-spinning-carretes","7":"desktop-align-left","8":"tablet-align-left","9":"mobile-align-left","10":"ast-product-gallery-layout-horizontal","11":"ast-product-gallery-with-no-image","12":"ast-product-tabs-layout-accordion","14":"first","15":"instock","16":"sale","17":"taxable","18":"shipping-taxable","19":"purchasable","20":"product-type-simple"},"_links":{"self":[{"href":"https:\/\/ontyche.net\/clientes\/backuppesca\/wp-json\/wp\/v2\/product\/20351","targetHints":{"allow":["GET"]}}],"collection":[{"href":"https:\/\/ontyche.net\/clientes\/backuppesca\/wp-json\/wp\/v2\/product"}],"about":[{"href":"https:\/\/ontyche.net\/clientes\/backuppesca\/wp-json\/wp\/v2\/types\/product"}],"version-history":[{"count":0,"href":"https:\/\/ontyche.net\/clientes\/backuppesca\/wp-json\/wp\/v2\/product\/20351\/revisions"}],"wp:featuredmedia":[{"embeddable":true,"href":"https:\/\/ontyche.net\/clientes\/backuppesca\/wp-json\/wp\/v2\/media\/20352"}],"wp:attachment":[{"href":"https:\/\/ontyche.net\/clientes\/backuppesca\/wp-json\/wp\/v2\/media?parent=20351"}],"wp:term":[{"taxonomy":"product_brand","embeddable":true,"href":"https:\/\/ontyche.net\/clientes\/backuppesca\/wp-json\/wp\/v2\/product_brand?post=20351"},{"taxonomy":"product_cat","embeddable":true,"href":"https:\/\/ontyche.net\/clientes\/backuppesca\/wp-json\/wp\/v2\/product_cat?post=20351"},{"taxonomy":"product_tag","embeddable":true,"href":"https:\/\/ontyche.net\/clientes\/backuppesca\/wp-json\/wp\/v2\/product_tag?post=20351"}],"curies":[{"name":"wp","href":"https:\/\/api.w.org\/{rel}","templated":true}]}}