{"id":21454,"date":"2022-11-22T11:23:33","date_gmt":"2022-11-22T11:23:33","guid":{"rendered":"http:\/\/ontyche.net\/clientes\/backuppesca\/?post_type=product&#038;p=21454"},"modified":"2023-04-20T09:15:06","modified_gmt":"2023-04-20T09:15:06","slug":"major-craft-aji-do-5g-s622l-aji","status":"publish","type":"product","link":"https:\/\/ontyche.net\/clientes\/backuppesca\/producto\/major-craft-aji-do-5g-s622l-aji\/","title":{"rendered":"Major Craft Aji-Do 5G &#8211; S622L\/Aji"},"content":{"rendered":"<p><b>La ca\u00f1a para la practica de Ajing <strong>Major Craft Aji-Do 5G<\/strong> &#8211; S622L\/Aji<\/b>, se trata de unas ca\u00f1as especificas para la pesca de jureles, caballas&#8230;ect con peque\u00f1os vinilos, que est\u00e1n dotadas de una extremada sensibilidad.<\/p>\n<p>En esta nueva serie Major Craft ha incorporado un nuevo m\u00e9todo de fabricaci\u00f3n apodado \u00bb R360 Structure\u00bb, que consiste en colocar las l\u00e1minas de carbono en direcci\u00f3n multiaxial, consiguiendo as\u00ed una combinaci\u00f3n de ligereza, potencia y tensi\u00f3n.<\/p>\n<p>Esta fabricada en carbono Toray T1110G que la dotar\u00e1 de una gran reserva de potencia y una gran elasticidad.<\/p>\n<p>Toda esta nueva serie de ca\u00f1as llamadas 5G, vienen montadas con anillas Fuji Sic Stainless Steel y porta-carretes Fuji DPS.<\/p>\n<p>Los modelos que hemos elegido han sido con la puntera maciza de carbono para conseguir la mayor sensibilidad posible hasta con los se\u00f1uelos mas peque\u00f1os que usemos.<\/p>\n<h2>Ca\u00f1a Major Craft Aji-Do &#8211; Caracter\u00edsticas T\u00e9cnicas:<\/h2>\n<ul>\n<li>Longitud: 6\u00b42&#8243; &#8211; 1.89 metros<\/li>\n<li>Acci\u00f3n: 0.2-3 gramos\u00a0 Extra Fast<\/li>\n<li>Peso: 52 gramos<\/li>\n<li>Linea : PE# 0.1-0.4<\/li>\n<li>Tramos: 2<\/li>\n<li>Solid Tip \/ Puntera Maciza<\/li>\n<\/ul>\n","protected":false},"excerpt":{"rendered":"<ul>\n<li>Longitud: 6\u00b42&#8243; &#8211; 1.89 metros<\/li>\n<li>Acci\u00f3n: 0.2-3 gramos\u00a0 Extra Fast<\/li>\n<li>Peso: 52 gramos<\/li>\n<li>Linea : PE# 0.1-0.4<\/li>\n<li>Tramos: 2<\/li>\n<li>Solid Tip \/ Puntera Maciza<\/li>\n<\/ul>\n","protected":false},"featured_media":16965,"template":"","meta":{"site-sidebar-layout":"default","site-content-layout":"default","ast-site-content-layout":"default","site-content-style":"default","site-sidebar-style":"default","ast-global-header-display":"","ast-banner-title-visibility":"","ast-main-header-display":"","ast-hfb-above-header-display":"","ast-hfb-below-header-display":"","ast-hfb-mobile-header-display":"","site-post-title":"","ast-breadcrumbs-content":"","ast-featured-img":"","footer-sml-layout":"","ast-disable-related-posts":"","theme-transparent-header-meta":"default","adv-header-id-meta":"","stick-header-meta":"default","header-above-stick-meta":"","header-main-stick-meta":"","header-below-stick-meta":"","astra-migrate-meta-layouts":"default","ast-page-background-enabled":"default","ast-page-background-meta":{"desktop":{"background-color":"var(--ast-global-color-4)","background-image":"","background-repeat":"repeat","background-position":"center center","background-size":"auto","background-attachment":"scroll","background-type":"","background-media":"","overlay-type":"","overlay-color":"","overlay-opacity":"","overlay-gradient":""},"tablet":{"background-color":"","background-image":"","background-repeat":"repeat","background-position":"center center","background-size":"auto","background-attachment":"scroll","background-type":"","background-media":"","overlay-type":"","overlay-color":"","overlay-opacity":"","overlay-gradient":""},"mobile":{"background-color":"","background-image":"","background-repeat":"repeat","background-position":"center center","background-size":"auto","background-attachment":"scroll","background-type":"","background-media":"","overlay-type":"","overlay-color":"","overlay-opacity":"","overlay-gradient":""}},"ast-content-background-meta":{"desktop":{"background-color":"var(--ast-global-color-5)","background-image":"","background-repeat":"repeat","background-position":"center center","background-size":"auto","background-attachment":"scroll","background-type":"","background-media":"","overlay-type":"","overlay-color":"","overlay-opacity":"","overlay-gradient":""},"tablet":{"background-color":"var(--ast-global-color-5)","background-image":"","background-repeat":"repeat","background-position":"center center","background-size":"auto","background-attachment":"scroll","background-type":"","background-media":"","overlay-type":"","overlay-color":"","overlay-opacity":"","overlay-gradient":""},"mobile":{"background-color":"var(--ast-global-color-5)","background-image":"","background-repeat":"repeat","background-position":"center center","background-size":"auto","background-attachment":"scroll","background-type":"","background-media":"","overlay-type":"","overlay-color":"","overlay-opacity":"","overlay-gradient":""}}},"product_brand":[],"product_cat":[61],"product_tag":[],"class_list":{"0":"post-21454","1":"product","2":"type-product","3":"status-publish","4":"has-post-thumbnail","6":"product_cat-rockfishing","7":"desktop-align-left","8":"tablet-align-left","9":"mobile-align-left","10":"ast-product-gallery-layout-horizontal","11":"ast-product-gallery-with-no-image","12":"ast-product-tabs-layout-accordion","14":"first","15":"outofstock","16":"taxable","17":"shipping-taxable","18":"purchasable","19":"product-type-simple"},"_links":{"self":[{"href":"https:\/\/ontyche.net\/clientes\/backuppesca\/wp-json\/wp\/v2\/product\/21454","targetHints":{"allow":["GET"]}}],"collection":[{"href":"https:\/\/ontyche.net\/clientes\/backuppesca\/wp-json\/wp\/v2\/product"}],"about":[{"href":"https:\/\/ontyche.net\/clientes\/backuppesca\/wp-json\/wp\/v2\/types\/product"}],"version-history":[{"count":0,"href":"https:\/\/ontyche.net\/clientes\/backuppesca\/wp-json\/wp\/v2\/product\/21454\/revisions"}],"wp:featuredmedia":[{"embeddable":true,"href":"https:\/\/ontyche.net\/clientes\/backuppesca\/wp-json\/wp\/v2\/media\/16965"}],"wp:attachment":[{"href":"https:\/\/ontyche.net\/clientes\/backuppesca\/wp-json\/wp\/v2\/media?parent=21454"}],"wp:term":[{"taxonomy":"product_brand","embeddable":true,"href":"https:\/\/ontyche.net\/clientes\/backuppesca\/wp-json\/wp\/v2\/product_brand?post=21454"},{"taxonomy":"product_cat","embeddable":true,"href":"https:\/\/ontyche.net\/clientes\/backuppesca\/wp-json\/wp\/v2\/product_cat?post=21454"},{"taxonomy":"product_tag","embeddable":true,"href":"https:\/\/ontyche.net\/clientes\/backuppesca\/wp-json\/wp\/v2\/product_tag?post=21454"}],"curies":[{"name":"wp","href":"https:\/\/api.w.org\/{rel}","templated":true}]}}