{"id":24747,"date":"2023-05-05T16:59:22","date_gmt":"2023-05-05T16:59:22","guid":{"rendered":"http:\/\/ontyche.net\/clientes\/backuppesca\/?post_type=product&#038;p=24747"},"modified":"2025-06-21T10:34:04","modified_gmt":"2025-06-21T10:34:04","slug":"zipbaits-fakie-dog-zbl-90mm-bo-012","status":"publish","type":"product","link":"https:\/\/ontyche.net\/clientes\/backuppesca\/producto\/zipbaits-fakie-dog-zbl-90mm-bo-012\/","title":{"rendered":"Zipbaits Fakie Dog ZBL &#8211; 90mm BO-012"},"content":{"rendered":"<p><b>El se\u00f1uelo de superficie<\/b> <strong>Zipbaits Fakie Dog ZBL &#8211; 90mm #BO-012<\/strong>, es sin duda uno de los grandes peque\u00f1os del mercado para la pesca en superficie.<\/p>\n<p>Silencioso, sin estridencias pero a la vez muy pero muy efectivo, su nervioso movimiento hace atacar a los peces m\u00e1s resabiados sin contemplaci\u00f3n alguna.<\/p>\n<p>Para su peque\u00f1o tama\u00f1o consigue lances m\u00e1s que destacables, gracias en\u00a0 parte a su cuidado dise\u00f1o y equilibrio que le hacen cortar el viento sin inmutarse.<\/p>\n<p>Su nataci\u00f3n permite un rango mas que extenso de diferentes movimientos, desde nerviosos zigzagueos\u00a0 chapoteando por encima del agua imitando a la perfecci\u00f3n a un pez herido, a movimientos mas cl\u00e1sicos y tranquilos realizando un gran haz de agua que har\u00e1 volver locas a las especies mas listos y desconfiados.<\/p>\n<p>El ZBL Fakie Dog ZBL de ZIPBAITS est\u00e1 hecho de un cuerpo de pl\u00e1stico duro muy robusto, que puede resistir f\u00e1cilmente incluso los ataques duros de los peces de agua salada.<\/p>\n<p>Es precisamente la combinaci\u00f3n de su cuerpo aerodin\u00e1mico y las bolas de tungsteno (aleaci\u00f3n MZ-19) lo que le confiere al ZBL Fakie Dog de ZIPBAITS tan buenas propiedades de lanzamiento, incluso contra el viento.<\/p>\n<p>Sin duda uno de los \u00abgigantes\u00bb en este tipo de pesca, no por su tama\u00f1o pero si por sus incre\u00edbles caracter\u00edsticas y abanico de posibilidades para moverlo\u00a0 y sacarle el mayor partido para aumentar nuestras capturas.<\/p>\n<h2>Fakie Dog 90 G-Point &#8211; Caracter\u00edsticas T\u00e9cnicas:<\/h2>\n<ul>\n<li>Tama\u00f1o: 90 mil\u00edmetros.<\/li>\n<li>Peso: 12 gramos<\/li>\n<li>Flotante<\/li>\n<li>Color: #BO-12 G-Point<\/li>\n<\/ul>\n<p>Os dejamos un video donde podr\u00e9is comprobar las bondades de este peque\u00f1o se\u00f1uelo de los nipones Zip Baits:<\/p>\n<p><iframe title=\"ZBL Fakie Dog CB Action &amp; \u5b9f\u91e3\u30e0\u30fc\u30d3\u30fc\" width=\"500\" height=\"281\" src=\"https:\/\/www.youtube.com\/embed\/96uzTVugGgk?feature=oembed&#038;enablejsapi=1&#038;origin=http:\/\/ontyche.net\/clientes\/backuppesca\" frameborder=\"0\" allow=\"accelerometer; autoplay; clipboard-write; encrypted-media; gyroscope; picture-in-picture; web-share\" referrerpolicy=\"strict-origin-when-cross-origin\" allowfullscreen><\/iframe><\/p>\n","protected":false},"excerpt":{"rendered":"<ul>\n<li>Tama\u00f1o: 90 mil\u00edmetros.<\/li>\n<li>Peso: 12 gramos<\/li>\n<li>Flotante<\/li>\n<li>Color: #BO-12 G-Point<\/li>\n<\/ul>\n","protected":false},"featured_media":24748,"template":"","meta":{"site-sidebar-layout":"default","site-content-layout":"default","ast-site-content-layout":"default","site-content-style":"default","site-sidebar-style":"default","ast-global-header-display":"","ast-banner-title-visibility":"","ast-main-header-display":"","ast-hfb-above-header-display":"","ast-hfb-below-header-display":"","ast-hfb-mobile-header-display":"","site-post-title":"","ast-breadcrumbs-content":"","ast-featured-img":"","footer-sml-layout":"","ast-disable-related-posts":"","theme-transparent-header-meta":"default","adv-header-id-meta":"","stick-header-meta":"default","header-above-stick-meta":"","header-main-stick-meta":"","header-below-stick-meta":"","astra-migrate-meta-layouts":"set","ast-page-background-enabled":"default","ast-page-background-meta":{"desktop":{"background-color":"var(--ast-global-color-4)","background-image":"","background-repeat":"repeat","background-position":"center center","background-size":"auto","background-attachment":"scroll","background-type":"","background-media":"","overlay-type":"","overlay-color":"","overlay-opacity":"","overlay-gradient":""},"tablet":{"background-color":"","background-image":"","background-repeat":"repeat","background-position":"center center","background-size":"auto","background-attachment":"scroll","background-type":"","background-media":"","overlay-type":"","overlay-color":"","overlay-opacity":"","overlay-gradient":""},"mobile":{"background-color":"","background-image":"","background-repeat":"repeat","background-position":"center center","background-size":"auto","background-attachment":"scroll","background-type":"","background-media":"","overlay-type":"","overlay-color":"","overlay-opacity":"","overlay-gradient":""}},"ast-content-background-meta":{"desktop":{"background-color":"var(--ast-global-color-5)","background-image":"","background-repeat":"repeat","background-position":"center center","background-size":"auto","background-attachment":"scroll","background-type":"","background-media":"","overlay-type":"","overlay-color":"","overlay-opacity":"","overlay-gradient":""},"tablet":{"background-color":"var(--ast-global-color-5)","background-image":"","background-repeat":"repeat","background-position":"center center","background-size":"auto","background-attachment":"scroll","background-type":"","background-media":"","overlay-type":"","overlay-color":"","overlay-opacity":"","overlay-gradient":""},"mobile":{"background-color":"var(--ast-global-color-5)","background-image":"","background-repeat":"repeat","background-position":"center center","background-size":"auto","background-attachment":"scroll","background-type":"","background-media":"","overlay-type":"","overlay-color":"","overlay-opacity":"","overlay-gradient":""}}},"product_brand":[],"product_cat":[90],"product_tag":[],"class_list":{"0":"post-24747","1":"product","2":"type-product","3":"status-publish","4":"has-post-thumbnail","6":"product_cat-paseante","7":"desktop-align-left","8":"tablet-align-left","9":"mobile-align-left","10":"ast-product-gallery-layout-horizontal","11":"ast-product-gallery-with-no-image","12":"ast-product-tabs-layout-accordion","14":"first","15":"instock","16":"taxable","17":"shipping-taxable","18":"purchasable","19":"product-type-simple"},"_links":{"self":[{"href":"https:\/\/ontyche.net\/clientes\/backuppesca\/wp-json\/wp\/v2\/product\/24747","targetHints":{"allow":["GET"]}}],"collection":[{"href":"https:\/\/ontyche.net\/clientes\/backuppesca\/wp-json\/wp\/v2\/product"}],"about":[{"href":"https:\/\/ontyche.net\/clientes\/backuppesca\/wp-json\/wp\/v2\/types\/product"}],"version-history":[{"count":0,"href":"https:\/\/ontyche.net\/clientes\/backuppesca\/wp-json\/wp\/v2\/product\/24747\/revisions"}],"wp:featuredmedia":[{"embeddable":true,"href":"https:\/\/ontyche.net\/clientes\/backuppesca\/wp-json\/wp\/v2\/media\/24748"}],"wp:attachment":[{"href":"https:\/\/ontyche.net\/clientes\/backuppesca\/wp-json\/wp\/v2\/media?parent=24747"}],"wp:term":[{"taxonomy":"product_brand","embeddable":true,"href":"https:\/\/ontyche.net\/clientes\/backuppesca\/wp-json\/wp\/v2\/product_brand?post=24747"},{"taxonomy":"product_cat","embeddable":true,"href":"https:\/\/ontyche.net\/clientes\/backuppesca\/wp-json\/wp\/v2\/product_cat?post=24747"},{"taxonomy":"product_tag","embeddable":true,"href":"https:\/\/ontyche.net\/clientes\/backuppesca\/wp-json\/wp\/v2\/product_tag?post=24747"}],"curies":[{"name":"wp","href":"https:\/\/api.w.org\/{rel}","templated":true}]}}