{"id":25798,"date":"2023-07-31T10:46:30","date_gmt":"2023-07-31T10:46:30","guid":{"rendered":"http:\/\/ontyche.net\/clientes\/backuppesca\/?post_type=product&#038;p=25798"},"modified":"2023-12-08T14:17:29","modified_gmt":"2023-12-08T14:17:29","slug":"daiwa-saltiga-5000-xh","status":"publish","type":"product","link":"https:\/\/ontyche.net\/clientes\/backuppesca\/producto\/daiwa-saltiga-5000-xh\/","title":{"rendered":"Daiwa Saltiga 5000 XH"},"content":{"rendered":"<p><b><em>El carrete para la pesca a spinning,<strong> <a href=\"http:\/\/ontyche.net\/clientes\/backuppesca\/brand\/daiwa\/\">Daiwa<\/a> Saltiga 5000 XH<\/strong><\/em><\/b>, sigue siendo el buque insignia de los nipones Daiwa, siendo este el carrete m\u00e1s alto de gama de la marca pensado y redise\u00f1ado para los pescadores m\u00e1s exigentes.<\/p>\n<p>Una nueva generaci\u00f3n de carretes Saltiga ya est\u00e1 disponible en tama\u00f1o peque\u00f1o.<\/p>\n<p>Posiblemente el lanzamiento m\u00e1s esperado en la historia reciente de Daiwa, el Saltiga 23 representa la cima de los avances tecnol\u00f3gicos de Daiwa. Para satisfacer las necesidades de todos los pescadores, ahora se ofrecen los nuevos tama\u00f1os 4000, 5000 y 6000. Este carrete espec\u00edfico para la pesca en el mar es el primero que se beneficia de la tecnolog\u00eda AIRDRIVE DESIGN en los puntos clave, como el rotor, el aro del pick-up, la bobina y el eje, para una reducci\u00f3n del peso, un aumento de la resistencia, de la robustez y de la fiabilidad.<\/p>\n<p>Durabilidad mejorada, ligereza desconcertante, rotaci\u00f3n y fluidez incre\u00edbles: el Saltiga 23 os promete robustez y confianza. Perfecto para la pesca fuerte de la lubina o los grandes lucios, su ligereza lo convierte en el carrete ideal para tus salidas de pesca a bordo o tus viajes al extranjero.<\/p>\n<p>Estas nuevas caracter\u00edsticas del concepto AIRDRIVE DESIGN se basan obviamente en el marco monocoque MQ, una \u00fanica pieza mecanizada sim\u00e9trica que proporciona al carrete una mayor durabilidad.<\/p>\n<h2>\u00bf Cuales son las principales tecnolog\u00edas que se han incorporado en el Carrete Saltiga 23?<\/h2>\n<p>&nbsp;<\/p>\n<ul>\n<li style=\"list-style-type: none;\">\n<ul class=\"product-specifications\">\n<li>Freno ATD de carbono<\/li>\n<li>Rodamientos: 12 con 7 CRBB<\/li>\n<li>Bastidor Monocoque de aluminio y \u00abAir Rotor\u00bb de ZAION<\/li>\n<li>Rueda de control Tough Digigear de duraluminio G1<\/li>\n<li>Air Drive Design<\/li>\n<\/ul>\n<\/li>\n<\/ul>\n<h2>Carrete Daiwa Saltiga 2023 &#8211; Caracter\u00edsticas T\u00e9cnicas:<\/h2>\n<ul>\n<li>Tama\u00f1o: 5000<\/li>\n<li>Ratio: 6,2 (104 cm)<\/li>\n<li>Peso: 365 gramos<\/li>\n<li>Capacidad: PE #2.0-350m \/ PE#2.5 &#8211; 300m \/PE#3.0-210m<\/li>\n<li>Freno: 15 Kg<\/li>\n<li>Rodamientos: 12\u00a0 y 7 CRBB<\/li>\n<\/ul>\n<p>Os dejamos un v\u00eddeo con la presentaci\u00f3n de este carrete:<\/p>\n<p><iframe title=\"DAIWA 23 SALTIGA\" width=\"500\" height=\"281\" src=\"https:\/\/www.youtube.com\/embed\/Ft5BoBR6K8I?feature=oembed\" frameborder=\"0\" allow=\"accelerometer; autoplay; clipboard-write; encrypted-media; gyroscope; picture-in-picture; web-share\" referrerpolicy=\"strict-origin-when-cross-origin\" allowfullscreen><\/iframe><\/p>\n","protected":false},"excerpt":{"rendered":"<ul>\n<li>Tama\u00f1o: 5000<\/li>\n<li>Ratio: 6,2 (104 cm)<\/li>\n<li>Peso: 365 g<\/li>\n<li>Capacidad: PE #2.0-350m \/ PE#2.5 &#8211; 300m \/PE#3.0-210m<\/li>\n<li>Freno: 15 Kg<\/li>\n<li>Rodamientos: 12\u00a0 y 7 CRBB<\/li>\n<\/ul>\n","protected":false},"featured_media":25799,"template":"","meta":{"site-sidebar-layout":"default","site-content-layout":"default","ast-site-content-layout":"default","site-content-style":"default","site-sidebar-style":"default","ast-global-header-display":"","ast-banner-title-visibility":"","ast-main-header-display":"","ast-hfb-above-header-display":"","ast-hfb-below-header-display":"","ast-hfb-mobile-header-display":"","site-post-title":"","ast-breadcrumbs-content":"","ast-featured-img":"","footer-sml-layout":"","ast-disable-related-posts":"","theme-transparent-header-meta":"default","adv-header-id-meta":"","stick-header-meta":"default","header-above-stick-meta":"","header-main-stick-meta":"","header-below-stick-meta":"","astra-migrate-meta-layouts":"set","ast-page-background-enabled":"default","ast-page-background-meta":{"desktop":{"background-color":"var(--ast-global-color-4)","background-image":"","background-repeat":"repeat","background-position":"center center","background-size":"auto","background-attachment":"scroll","background-type":"","background-media":"","overlay-type":"","overlay-color":"","overlay-opacity":"","overlay-gradient":""},"tablet":{"background-color":"","background-image":"","background-repeat":"repeat","background-position":"center center","background-size":"auto","background-attachment":"scroll","background-type":"","background-media":"","overlay-type":"","overlay-color":"","overlay-opacity":"","overlay-gradient":""},"mobile":{"background-color":"","background-image":"","background-repeat":"repeat","background-position":"center center","background-size":"auto","background-attachment":"scroll","background-type":"","background-media":"","overlay-type":"","overlay-color":"","overlay-opacity":"","overlay-gradient":""}},"ast-content-background-meta":{"desktop":{"background-color":"var(--ast-global-color-5)","background-image":"","background-repeat":"repeat","background-position":"center center","background-size":"auto","background-attachment":"scroll","background-type":"","background-media":"","overlay-type":"","overlay-color":"","overlay-opacity":"","overlay-gradient":""},"tablet":{"background-color":"var(--ast-global-color-5)","background-image":"","background-repeat":"repeat","background-position":"center center","background-size":"auto","background-attachment":"scroll","background-type":"","background-media":"","overlay-type":"","overlay-color":"","overlay-opacity":"","overlay-gradient":""},"mobile":{"background-color":"var(--ast-global-color-5)","background-image":"","background-repeat":"repeat","background-position":"center center","background-size":"auto","background-attachment":"scroll","background-type":"","background-media":"","overlay-type":"","overlay-color":"","overlay-opacity":"","overlay-gradient":""}}},"product_brand":[],"product_cat":[70,68],"product_tag":[],"class_list":{"0":"post-25798","1":"product","2":"type-product","3":"status-publish","4":"has-post-thumbnail","6":"product_cat-jigging-carretes","7":"product_cat-spinning-carretes","8":"desktop-align-left","9":"tablet-align-left","10":"mobile-align-left","11":"ast-product-gallery-layout-horizontal","12":"ast-product-gallery-with-no-image","13":"ast-product-tabs-layout-accordion","15":"first","16":"instock","17":"featured","18":"taxable","19":"shipping-taxable","20":"purchasable","21":"product-type-simple"},"_links":{"self":[{"href":"https:\/\/ontyche.net\/clientes\/backuppesca\/wp-json\/wp\/v2\/product\/25798","targetHints":{"allow":["GET"]}}],"collection":[{"href":"https:\/\/ontyche.net\/clientes\/backuppesca\/wp-json\/wp\/v2\/product"}],"about":[{"href":"https:\/\/ontyche.net\/clientes\/backuppesca\/wp-json\/wp\/v2\/types\/product"}],"version-history":[{"count":0,"href":"https:\/\/ontyche.net\/clientes\/backuppesca\/wp-json\/wp\/v2\/product\/25798\/revisions"}],"wp:featuredmedia":[{"embeddable":true,"href":"https:\/\/ontyche.net\/clientes\/backuppesca\/wp-json\/wp\/v2\/media\/25799"}],"wp:attachment":[{"href":"https:\/\/ontyche.net\/clientes\/backuppesca\/wp-json\/wp\/v2\/media?parent=25798"}],"wp:term":[{"taxonomy":"product_brand","embeddable":true,"href":"https:\/\/ontyche.net\/clientes\/backuppesca\/wp-json\/wp\/v2\/product_brand?post=25798"},{"taxonomy":"product_cat","embeddable":true,"href":"https:\/\/ontyche.net\/clientes\/backuppesca\/wp-json\/wp\/v2\/product_cat?post=25798"},{"taxonomy":"product_tag","embeddable":true,"href":"https:\/\/ontyche.net\/clientes\/backuppesca\/wp-json\/wp\/v2\/product_tag?post=25798"}],"curies":[{"name":"wp","href":"https:\/\/api.w.org\/{rel}","templated":true}]}}