{"id":25905,"date":"2023-08-03T09:41:23","date_gmt":"2023-08-03T09:41:23","guid":{"rendered":"http:\/\/ontyche.net\/clientes\/backuppesca\/?post_type=product&#038;p=25905"},"modified":"2025-09-13T15:48:24","modified_gmt":"2025-09-13T15:48:24","slug":"popper-yo-zuri-3d-inshore-120f-hhay","status":"publish","type":"product","link":"https:\/\/ontyche.net\/clientes\/backuppesca\/producto\/popper-yo-zuri-3d-inshore-120f-hhay\/","title":{"rendered":"Popper Yo-zuri 3D Inshore 120F &#8211; HHAY"},"content":{"rendered":"<p><strong>El Popper Yo-zuri 3D Inshore 120F,\u00a0<\/strong>se trata de un se\u00f1uelo de superficie de agua salada, pensado para la captura de atunes, bonitos, anjovas&#8230;<\/p>\n<p>Este popper destaca por su excelente equilibrio con una capacidad de acci\u00f3n r\u00e1pida seg\u00fan toque la superficie del agua. Este modelo est\u00e1 pensado para pescar en aguas poco profundas as\u00ed como bah\u00edas, y zonas rocosas.<\/p>\n<p>Este artificial pos\u00e9 un prisma tridimensional patentado por Yo-Zuri que emite grandes destellos de luz, seg\u00fan le imprimamos movimiento con nuestra ca\u00f1a de pesca. Este holograma interno nunca se desgastar\u00e1 y seguir\u00e1 parpadeando aunque este se ralle, ya que tiene un cuerpo transparente.<\/p>\n<p>La posici\u00f3n estrat\u00e9gica de los contrapesos le da al 3D Inshore Popper una acci\u00f3n emergente que arroja una gran cantidad de agua cuando se trabaja con una parada y una recuperaci\u00f3n r\u00e1pida. \u00a1Ponlo todo junto y tendr\u00e1s un cebo duro japon\u00e9s de agua salada de alta calidad a un precio extraordinario!<\/p>\n<h2>Popper Yo-Zuri\u00a0 &#8211; Caracter\u00edsticas T\u00e9cnicas:<\/h2>\n<ul>\n<li>Longitud: 120 mil\u00edmetros<\/li>\n<li>Peso: 45 gramos<\/li>\n<li>Flotante<\/li>\n<li>Color: HHAY<\/li>\n<\/ul>\n<p>&nbsp;<\/p>\n","protected":false},"excerpt":{"rendered":"<ul>\n<li>Longitud: 120 mil\u00edmetros<\/li>\n<li>Peso: 45 gramos<\/li>\n<li>Flotante<\/li>\n<li>Color: HHAY<\/li>\n<\/ul>\n<p>&nbsp;<\/p>\n","protected":false},"featured_media":25906,"template":"","meta":{"site-sidebar-layout":"default","site-content-layout":"default","ast-site-content-layout":"default","site-content-style":"default","site-sidebar-style":"default","ast-global-header-display":"","ast-banner-title-visibility":"","ast-main-header-display":"","ast-hfb-above-header-display":"","ast-hfb-below-header-display":"","ast-hfb-mobile-header-display":"","site-post-title":"","ast-breadcrumbs-content":"","ast-featured-img":"","footer-sml-layout":"","ast-disable-related-posts":"","theme-transparent-header-meta":"default","adv-header-id-meta":"","stick-header-meta":"default","header-above-stick-meta":"","header-main-stick-meta":"","header-below-stick-meta":"","astra-migrate-meta-layouts":"default","ast-page-background-enabled":"default","ast-page-background-meta":{"desktop":{"background-color":"var(--ast-global-color-4)","background-image":"","background-repeat":"repeat","background-position":"center center","background-size":"auto","background-attachment":"scroll","background-type":"","background-media":"","overlay-type":"","overlay-color":"","overlay-opacity":"","overlay-gradient":""},"tablet":{"background-color":"","background-image":"","background-repeat":"repeat","background-position":"center center","background-size":"auto","background-attachment":"scroll","background-type":"","background-media":"","overlay-type":"","overlay-color":"","overlay-opacity":"","overlay-gradient":""},"mobile":{"background-color":"","background-image":"","background-repeat":"repeat","background-position":"center center","background-size":"auto","background-attachment":"scroll","background-type":"","background-media":"","overlay-type":"","overlay-color":"","overlay-opacity":"","overlay-gradient":""}},"ast-content-background-meta":{"desktop":{"background-color":"var(--ast-global-color-5)","background-image":"","background-repeat":"repeat","background-position":"center center","background-size":"auto","background-attachment":"scroll","background-type":"","background-media":"","overlay-type":"","overlay-color":"","overlay-opacity":"","overlay-gradient":""},"tablet":{"background-color":"var(--ast-global-color-5)","background-image":"","background-repeat":"repeat","background-position":"center center","background-size":"auto","background-attachment":"scroll","background-type":"","background-media":"","overlay-type":"","overlay-color":"","overlay-opacity":"","overlay-gradient":""},"mobile":{"background-color":"var(--ast-global-color-5)","background-image":"","background-repeat":"repeat","background-position":"center center","background-size":"auto","background-attachment":"scroll","background-type":"","background-media":"","overlay-type":"","overlay-color":"","overlay-opacity":"","overlay-gradient":""}}},"product_brand":[],"product_cat":[91],"product_tag":[],"class_list":{"0":"post-25905","1":"product","2":"type-product","3":"status-publish","4":"has-post-thumbnail","6":"product_cat-popper","7":"desktop-align-left","8":"tablet-align-left","9":"mobile-align-left","10":"ast-product-gallery-layout-horizontal","11":"ast-product-gallery-with-no-image","12":"ast-product-tabs-layout-accordion","14":"first","15":"instock","16":"taxable","17":"shipping-taxable","18":"purchasable","19":"product-type-simple"},"_links":{"self":[{"href":"https:\/\/ontyche.net\/clientes\/backuppesca\/wp-json\/wp\/v2\/product\/25905","targetHints":{"allow":["GET"]}}],"collection":[{"href":"https:\/\/ontyche.net\/clientes\/backuppesca\/wp-json\/wp\/v2\/product"}],"about":[{"href":"https:\/\/ontyche.net\/clientes\/backuppesca\/wp-json\/wp\/v2\/types\/product"}],"version-history":[{"count":0,"href":"https:\/\/ontyche.net\/clientes\/backuppesca\/wp-json\/wp\/v2\/product\/25905\/revisions"}],"wp:featuredmedia":[{"embeddable":true,"href":"https:\/\/ontyche.net\/clientes\/backuppesca\/wp-json\/wp\/v2\/media\/25906"}],"wp:attachment":[{"href":"https:\/\/ontyche.net\/clientes\/backuppesca\/wp-json\/wp\/v2\/media?parent=25905"}],"wp:term":[{"taxonomy":"product_brand","embeddable":true,"href":"https:\/\/ontyche.net\/clientes\/backuppesca\/wp-json\/wp\/v2\/product_brand?post=25905"},{"taxonomy":"product_cat","embeddable":true,"href":"https:\/\/ontyche.net\/clientes\/backuppesca\/wp-json\/wp\/v2\/product_cat?post=25905"},{"taxonomy":"product_tag","embeddable":true,"href":"https:\/\/ontyche.net\/clientes\/backuppesca\/wp-json\/wp\/v2\/product_tag?post=25905"}],"curies":[{"name":"wp","href":"https:\/\/api.w.org\/{rel}","templated":true}]}}