{"id":27802,"date":"2023-12-12T10:49:28","date_gmt":"2023-12-12T10:49:28","guid":{"rendered":"http:\/\/ontyche.net\/clientes\/backuppesca\/?post_type=product&#038;p=27802"},"modified":"2025-09-14T20:49:24","modified_gmt":"2025-09-14T20:49:24","slug":"cheburashka-asari-c-ball","status":"publish","type":"product","link":"https:\/\/ontyche.net\/clientes\/backuppesca\/producto\/cheburashka-asari-c-ball\/","title":{"rendered":"Cheburashka Asari C-Ball"},"content":{"rendered":"<p><strong>El Cheburashka Asari C-Ball<\/strong>, son unas c\u00f3modas\u00a0 plomadas que podemos utilizar para lastrar nuestros montajes con vinilos, imprimi\u00e9ndoles una naturalidad excepcional a\u00a0 nuestros montajes.<\/p>\n<h2>\u00bf Como hacer el montaje Cheburashka en nuestros vinilos de pesca?<\/h2>\n<ul>\n<li>Montaje ideal para tus\u00a0vinilos\u00a0de\u00a0pesca, dando una naturalidad incre\u00edble, ideal para pescar por el fondo sin enganches o en recogida lineal.<\/li>\n<li>La forma de montarlo es muy sencilla, extraemos el alambre interior del plomo, lo introducimos en la argolla del anzuelo o se\u00f1uelo a montar, una vez montado metemos la bola de plomo y en el extremo posterior anudamos nuestra l\u00ednea o grapa. Os dejamos una imagen para que lo ve\u00e1is mas f\u00e1cilmente:<\/li>\n<\/ul>\n<p><img fetchpriority=\"high\" decoding=\"async\" class=\"size-full wp-image-27803 aligncenter\" src=\"http:\/\/ontyche.net\/clientes\/backuppesca\/wp-content\/uploads\/2023\/12\/Montaje-Cheburashka.jpg\" alt=\"\" width=\"350\" height=\"350\" srcset=\"https:\/\/ontyche.net\/clientes\/backuppesca\/wp-content\/uploads\/2023\/12\/Montaje-Cheburashka.jpg 350w, https:\/\/ontyche.net\/clientes\/backuppesca\/wp-content\/uploads\/2023\/12\/Montaje-Cheburashka-320x320.jpg 320w, https:\/\/ontyche.net\/clientes\/backuppesca\/wp-content\/uploads\/2023\/12\/Montaje-Cheburashka-100x100.jpg 100w, https:\/\/ontyche.net\/clientes\/backuppesca\/wp-content\/uploads\/2023\/12\/Montaje-Cheburashka-64x64.jpg 64w\" sizes=\"(max-width: 350px) 100vw, 350px\" \/><\/p>\n<h2>Cheburashka para pescar &#8211; Caracter\u00edsticas T\u00e9cnicas:<\/h2>\n<ul>\n<li>Peso: 2 Gramos &#8211; 5 unidades por Bl\u00edster.<\/li>\n<li>Peso: 4 Gramos &#8211; 5 unidades por Bl\u00edster.<\/li>\n<li>Peso: 6 Gramos &#8211; 5 unidades por Bl\u00edster.<\/li>\n<li>Peso: 8 Gramos &#8211; 4 unidades por Bl\u00edster.<\/li>\n<li>Peso: 10 Gramos &#8211; 4 unidades por Bl\u00edster.<\/li>\n<li>Peso: 12 Gramos &#8211; 4 unidades por Bl\u00edster.<\/li>\n<\/ul>\n<p>Os dejamos un video con el montaje en cuesti\u00f3n donde podr\u00e9is comprobar f\u00e1cilmente lo sencillo y practico que es este montaje:<\/p>\n<p><iframe title=\"Pierde MENOS Se\u00f1uelos con ESTE MONTAJE [Cheburashka] | Rockfishing y Spinning\" width=\"500\" height=\"281\" src=\"https:\/\/www.youtube.com\/embed\/5CI-GSIoJ0w?feature=oembed\" frameborder=\"0\" allow=\"accelerometer; autoplay; clipboard-write; encrypted-media; gyroscope; picture-in-picture; web-share\" referrerpolicy=\"strict-origin-when-cross-origin\" allowfullscreen><\/iframe><\/p>\n","protected":false},"excerpt":{"rendered":"<ul>\n<li>Peso: 2 Gramos &#8211; 5 unidades por Bl\u00edster.<\/li>\n<li>Peso: 4 Gramos &#8211; 5 unidades por Bl\u00edster.<\/li>\n<li>Peso: 6 Gramos &#8211; 5 unidades por Bl\u00edster.<\/li>\n<li>Peso: 8 Gramos &#8211; 4 unidades por Bl\u00edster.<\/li>\n<li>Peso: 10 Gramos &#8211; 4 unidades por Bl\u00edster.<\/li>\n<li>Peso: 12 Gramos &#8211; 4 unidades por Bl\u00edster.<\/li>\n<\/ul>\n","protected":false},"featured_media":27810,"template":"","meta":{"site-sidebar-layout":"default","site-content-layout":"","ast-site-content-layout":"default","site-content-style":"default","site-sidebar-style":"default","ast-global-header-display":"","ast-banner-title-visibility":"","ast-main-header-display":"","ast-hfb-above-header-display":"","ast-hfb-below-header-display":"","ast-hfb-mobile-header-display":"","site-post-title":"","ast-breadcrumbs-content":"","ast-featured-img":"","footer-sml-layout":"","ast-disable-related-posts":"","theme-transparent-header-meta":"default","adv-header-id-meta":"","stick-header-meta":"default","header-above-stick-meta":"","header-main-stick-meta":"","header-below-stick-meta":"","astra-migrate-meta-layouts":"set","ast-page-background-enabled":"default","ast-page-background-meta":{"desktop":{"background-color":"var(--ast-global-color-4)","background-image":"","background-repeat":"repeat","background-position":"center center","background-size":"auto","background-attachment":"scroll","background-type":"","background-media":"","overlay-type":"","overlay-color":"","overlay-opacity":"","overlay-gradient":""},"tablet":{"background-color":"","background-image":"","background-repeat":"repeat","background-position":"center center","background-size":"auto","background-attachment":"scroll","background-type":"","background-media":"","overlay-type":"","overlay-color":"","overlay-opacity":"","overlay-gradient":""},"mobile":{"background-color":"","background-image":"","background-repeat":"repeat","background-position":"center center","background-size":"auto","background-attachment":"scroll","background-type":"","background-media":"","overlay-type":"","overlay-color":"","overlay-opacity":"","overlay-gradient":""}},"ast-content-background-meta":{"desktop":{"background-color":"var(--ast-global-color-5)","background-image":"","background-repeat":"repeat","background-position":"center center","background-size":"auto","background-attachment":"scroll","background-type":"","background-media":"","overlay-type":"","overlay-color":"","overlay-opacity":"","overlay-gradient":""},"tablet":{"background-color":"var(--ast-global-color-5)","background-image":"","background-repeat":"repeat","background-position":"center center","background-size":"auto","background-attachment":"scroll","background-type":"","background-media":"","overlay-type":"","overlay-color":"","overlay-opacity":"","overlay-gradient":""},"mobile":{"background-color":"var(--ast-global-color-5)","background-image":"","background-repeat":"repeat","background-position":"center center","background-size":"auto","background-attachment":"scroll","background-type":"","background-media":"","overlay-type":"","overlay-color":"","overlay-opacity":"","overlay-gradient":""}}},"product_brand":[],"product_cat":[82],"product_tag":[],"class_list":{"0":"post-27802","1":"product","2":"type-product","3":"status-publish","4":"has-post-thumbnail","6":"product_cat-cabezas-plomadasanzuelos","7":"desktop-align-left","8":"tablet-align-left","9":"mobile-align-left","10":"ast-product-gallery-layout-horizontal","11":"ast-product-single-variable","12":"ast-product-tabs-layout-accordion","14":"first","15":"instock","16":"taxable","17":"shipping-taxable","18":"purchasable","19":"product-type-variable"},"_links":{"self":[{"href":"https:\/\/ontyche.net\/clientes\/backuppesca\/wp-json\/wp\/v2\/product\/27802","targetHints":{"allow":["GET"]}}],"collection":[{"href":"https:\/\/ontyche.net\/clientes\/backuppesca\/wp-json\/wp\/v2\/product"}],"about":[{"href":"https:\/\/ontyche.net\/clientes\/backuppesca\/wp-json\/wp\/v2\/types\/product"}],"version-history":[{"count":0,"href":"https:\/\/ontyche.net\/clientes\/backuppesca\/wp-json\/wp\/v2\/product\/27802\/revisions"}],"wp:featuredmedia":[{"embeddable":true,"href":"https:\/\/ontyche.net\/clientes\/backuppesca\/wp-json\/wp\/v2\/media\/27810"}],"wp:attachment":[{"href":"https:\/\/ontyche.net\/clientes\/backuppesca\/wp-json\/wp\/v2\/media?parent=27802"}],"wp:term":[{"taxonomy":"product_brand","embeddable":true,"href":"https:\/\/ontyche.net\/clientes\/backuppesca\/wp-json\/wp\/v2\/product_brand?post=27802"},{"taxonomy":"product_cat","embeddable":true,"href":"https:\/\/ontyche.net\/clientes\/backuppesca\/wp-json\/wp\/v2\/product_cat?post=27802"},{"taxonomy":"product_tag","embeddable":true,"href":"https:\/\/ontyche.net\/clientes\/backuppesca\/wp-json\/wp\/v2\/product_tag?post=27802"}],"curies":[{"name":"wp","href":"https:\/\/api.w.org\/{rel}","templated":true}]}}