{"id":29031,"date":"2024-03-28T11:41:02","date_gmt":"2024-03-28T11:41:02","guid":{"rendered":"http:\/\/ontyche.net\/clientes\/backuppesca\/?post_type=product&#038;p=29031"},"modified":"2025-08-21T12:47:21","modified_gmt":"2025-08-21T12:47:21","slug":"kali-kunnan-mythic-mk21-shore-2-10","status":"publish","type":"product","link":"https:\/\/ontyche.net\/clientes\/backuppesca\/producto\/kali-kunnan-mythic-mk21-shore-2-10\/","title":{"rendered":"Kali Kunnan Mythic MK21 Shore -2.10"},"content":{"rendered":"<p><b>La ca\u00f1a para la pr\u00e1ctica de la pesca desde embarcaci\u00f3n <\/b><strong>Kali Kunnan Mythic MK21 Shore -2.10<\/strong>, es la ca\u00f1a m\u00e1s alta de gama jam\u00e1s dise\u00f1ada y sacada al mercado por los desarrolladores de producto de la marca Kali Kunnan.<\/p>\n<p>Este modelo llamado MK21 Spin ha sido pensado para los pescadores que utilicen se\u00f1uelos artificiales, ya sean tanto duros como fabricados en vinilo. Se caracteriza por su extremada ligereza, su acci\u00f3n extra r\u00e1pida y su reserva de potencia. Todo esto, se ha conseguido gracias a la calidad y estructura del carbono utilizado para la construcci\u00f3n de su blank.<\/p>\n<p>Los carbonos utilizados en esta serie de ca\u00f1as de pesca a spinning son de la m\u00e1s alta calidad incorporando dos tipos diferentes de estructuras y combin\u00e1ndolas, Se ha introducido HM Carbon y Woven Carbon consiguiendo una ca\u00f1a con una rapidez y potencia incre\u00edbles.<\/p>\n<p>Esta ca\u00f1a pensada para un spinning y jig-spinning desde embarcaci\u00f3n se caracteriza por su ligereza y su acci\u00f3n de punta as\u00ed como por su gran reserva de potencia capaz de luchar con peces de gran tama\u00f1o sin ning\u00fan tipo de tapujo.<\/p>\n<p>Este modelo viene montado con anillas Fuji K Sic y porta carretes Fuji con eva acolchada.<\/p>\n<h2>\u00bf Que hace que la ca\u00f1a de pesca Mythic Mk21 sea tan buena para la pesca con se\u00f1uelos desde embarcaci\u00f3n?<\/h2>\n<ul>\n<li>\n<h3>Carbono de alto modulo y diferente estructura molecular:<\/h3>\n<\/li>\n<\/ul>\n<p>En este modelo se han combinado diferentes tipos de carbono: HM Carbon y Woven Carbon, lo que la dotan de una gran reserva de potencia y mucha sensibilidad, se le ha reforzado el espigot para dotarla de una sujeci\u00f3n extra y mas reserva de potencia:<\/p>\n<p><img fetchpriority=\"high\" decoding=\"async\" class=\" wp-image-28971 aligncenter\" src=\"http:\/\/ontyche.net\/clientes\/backuppesca\/wp-content\/uploads\/2024\/03\/Kali-Kunnan-Mythic-MK21-detalle-carbono.jpg\" alt=\"\" width=\"298\" height=\"298\" srcset=\"https:\/\/ontyche.net\/clientes\/backuppesca\/wp-content\/uploads\/2024\/03\/Kali-Kunnan-Mythic-MK21-detalle-carbono.jpg 800w, https:\/\/ontyche.net\/clientes\/backuppesca\/wp-content\/uploads\/2024\/03\/Kali-Kunnan-Mythic-MK21-detalle-carbono-768x768.jpg 768w, https:\/\/ontyche.net\/clientes\/backuppesca\/wp-content\/uploads\/2024\/03\/Kali-Kunnan-Mythic-MK21-detalle-carbono-320x320.jpg 320w, https:\/\/ontyche.net\/clientes\/backuppesca\/wp-content\/uploads\/2024\/03\/Kali-Kunnan-Mythic-MK21-detalle-carbono-600x600.jpg 600w, https:\/\/ontyche.net\/clientes\/backuppesca\/wp-content\/uploads\/2024\/03\/Kali-Kunnan-Mythic-MK21-detalle-carbono-100x100.jpg 100w, https:\/\/ontyche.net\/clientes\/backuppesca\/wp-content\/uploads\/2024\/03\/Kali-Kunnan-Mythic-MK21-detalle-carbono-64x64.jpg 64w\" sizes=\"(max-width: 298px) 100vw, 298px\" \/><\/p>\n<ul>\n<li>\n<h3>Anillas Fuji K Sic:<\/h3>\n<\/li>\n<\/ul>\n<p>Las anillas Fuji K Sic han sido desarrolladas para evitar que nuestras l\u00edneas trenzadas no se enreden al salir del carrete, evitando pelucas y nudos en nuestras l\u00edneas. La cer\u00e1mica de Sic evita que exista rozamiento, entre el hilo y la anilla consiguiendo as\u00ed mas metros de lance.<\/p>\n<p><img decoding=\"async\" class=\" wp-image-28972 aligncenter\" src=\"http:\/\/ontyche.net\/clientes\/backuppesca\/wp-content\/uploads\/2024\/03\/Kali-Kunnan-Mythic-MK21-detalle-anillas.jpg\" alt=\"\" width=\"405\" height=\"405\" srcset=\"https:\/\/ontyche.net\/clientes\/backuppesca\/wp-content\/uploads\/2024\/03\/Kali-Kunnan-Mythic-MK21-detalle-anillas.jpg 1000w, https:\/\/ontyche.net\/clientes\/backuppesca\/wp-content\/uploads\/2024\/03\/Kali-Kunnan-Mythic-MK21-detalle-anillas-768x768.jpg 768w, https:\/\/ontyche.net\/clientes\/backuppesca\/wp-content\/uploads\/2024\/03\/Kali-Kunnan-Mythic-MK21-detalle-anillas-320x320.jpg 320w, https:\/\/ontyche.net\/clientes\/backuppesca\/wp-content\/uploads\/2024\/03\/Kali-Kunnan-Mythic-MK21-detalle-anillas-600x600.jpg 600w, https:\/\/ontyche.net\/clientes\/backuppesca\/wp-content\/uploads\/2024\/03\/Kali-Kunnan-Mythic-MK21-detalle-anillas-100x100.jpg 100w, https:\/\/ontyche.net\/clientes\/backuppesca\/wp-content\/uploads\/2024\/03\/Kali-Kunnan-Mythic-MK21-detalle-anillas-64x64.jpg 64w\" sizes=\"(max-width: 405px) 100vw, 405px\" \/><\/p>\n<ul>\n<li>\n<h3>Funda de Neopreno m\u00e1s funda r\u00edgida con cremallera:<\/h3>\n<\/li>\n<\/ul>\n<p>Este modelo el Mythic Mk21 se sirve con una funda de neopreno con dos divisiones para cada tramo de la ca\u00f1a y tambien con una funda r\u00edgida con cremallera para evitar roturas por golpes durante el transporte:<\/p>\n<p><img decoding=\"async\" class=\" wp-image-28973 aligncenter\" src=\"http:\/\/ontyche.net\/clientes\/backuppesca\/wp-content\/uploads\/2024\/03\/Kali-Kunnan-Mythic-MK21-detalle-fundas.jpg\" alt=\"\" width=\"519\" height=\"519\" srcset=\"https:\/\/ontyche.net\/clientes\/backuppesca\/wp-content\/uploads\/2024\/03\/Kali-Kunnan-Mythic-MK21-detalle-fundas.jpg 800w, https:\/\/ontyche.net\/clientes\/backuppesca\/wp-content\/uploads\/2024\/03\/Kali-Kunnan-Mythic-MK21-detalle-fundas-768x768.jpg 768w, https:\/\/ontyche.net\/clientes\/backuppesca\/wp-content\/uploads\/2024\/03\/Kali-Kunnan-Mythic-MK21-detalle-fundas-320x320.jpg 320w, https:\/\/ontyche.net\/clientes\/backuppesca\/wp-content\/uploads\/2024\/03\/Kali-Kunnan-Mythic-MK21-detalle-fundas-600x600.jpg 600w, https:\/\/ontyche.net\/clientes\/backuppesca\/wp-content\/uploads\/2024\/03\/Kali-Kunnan-Mythic-MK21-detalle-fundas-100x100.jpg 100w, https:\/\/ontyche.net\/clientes\/backuppesca\/wp-content\/uploads\/2024\/03\/Kali-Kunnan-Mythic-MK21-detalle-fundas-64x64.jpg 64w\" sizes=\"(max-width: 519px) 100vw, 519px\" \/><\/p>\n<h2>Ca\u00f1a MK21 2.10m &#8211; Caracter\u00edsticas T\u00e9cnicas:<\/h2>\n<ul>\n<li>Medida: 2.16 Metros.<\/li>\n<li>Acci\u00f3n: 12- 60 Gramos.<\/li>\n<li>Peso: 180 Gramos.<\/li>\n<li>Longitud de Plegado: 115 cent\u00edmetros.<\/li>\n<li>Se sirve con dos fundas una de neopreno y una funda r\u00edgida con cremallera.<\/li>\n<\/ul>\n<p>&nbsp;<\/p>\n","protected":false},"excerpt":{"rendered":"<ul>\n<li>Medida: 2.16 Metros.<\/li>\n<li>Acci\u00f3n: 12- 60 Gramos.<\/li>\n<li>Peso: 180 Gramos.<\/li>\n<li>Longitud de Plegado: 115 cent\u00edmetros.<\/li>\n<li>Se sirve con dos fundas una de neopreno y una funda r\u00edgida con cremallera.<\/li>\n<\/ul>\n<p>&nbsp;<\/p>\n","protected":false},"featured_media":29032,"template":"","meta":{"site-sidebar-layout":"default","site-content-layout":"","ast-site-content-layout":"default","site-content-style":"default","site-sidebar-style":"default","ast-global-header-display":"","ast-banner-title-visibility":"","ast-main-header-display":"","ast-hfb-above-header-display":"","ast-hfb-below-header-display":"","ast-hfb-mobile-header-display":"","site-post-title":"","ast-breadcrumbs-content":"","ast-featured-img":"","footer-sml-layout":"","ast-disable-related-posts":"","theme-transparent-header-meta":"default","adv-header-id-meta":"","stick-header-meta":"default","header-above-stick-meta":"","header-main-stick-meta":"","header-below-stick-meta":"","astra-migrate-meta-layouts":"set","ast-page-background-enabled":"default","ast-page-background-meta":{"desktop":{"background-color":"var(--ast-global-color-4)","background-image":"","background-repeat":"repeat","background-position":"center center","background-size":"auto","background-attachment":"scroll","background-type":"","background-media":"","overlay-type":"","overlay-color":"","overlay-opacity":"","overlay-gradient":""},"tablet":{"background-color":"","background-image":"","background-repeat":"repeat","background-position":"center center","background-size":"auto","background-attachment":"scroll","background-type":"","background-media":"","overlay-type":"","overlay-color":"","overlay-opacity":"","overlay-gradient":""},"mobile":{"background-color":"","background-image":"","background-repeat":"repeat","background-position":"center center","background-size":"auto","background-attachment":"scroll","background-type":"","background-media":"","overlay-type":"","overlay-color":"","overlay-opacity":"","overlay-gradient":""}},"ast-content-background-meta":{"desktop":{"background-color":"var(--ast-global-color-5)","background-image":"","background-repeat":"repeat","background-position":"center center","background-size":"auto","background-attachment":"scroll","background-type":"","background-media":"","overlay-type":"","overlay-color":"","overlay-opacity":"","overlay-gradient":""},"tablet":{"background-color":"var(--ast-global-color-5)","background-image":"","background-repeat":"repeat","background-position":"center center","background-size":"auto","background-attachment":"scroll","background-type":"","background-media":"","overlay-type":"","overlay-color":"","overlay-opacity":"","overlay-gradient":""},"mobile":{"background-color":"var(--ast-global-color-5)","background-image":"","background-repeat":"repeat","background-position":"center center","background-size":"auto","background-attachment":"scroll","background-type":"","background-media":"","overlay-type":"","overlay-color":"","overlay-opacity":"","overlay-gradient":""}}},"product_brand":[],"product_cat":[363,59],"product_tag":[],"class_list":{"0":"post-29031","1":"product","2":"type-product","3":"status-publish","4":"has-post-thumbnail","6":"product_cat-embarcacion","7":"product_cat-spinning","8":"desktop-align-left","9":"tablet-align-left","10":"mobile-align-left","11":"ast-product-gallery-layout-horizontal","12":"ast-product-tabs-layout-accordion","14":"first","15":"instock","16":"sale","17":"taxable","18":"shipping-taxable","19":"purchasable","20":"product-type-simple"},"_links":{"self":[{"href":"https:\/\/ontyche.net\/clientes\/backuppesca\/wp-json\/wp\/v2\/product\/29031","targetHints":{"allow":["GET"]}}],"collection":[{"href":"https:\/\/ontyche.net\/clientes\/backuppesca\/wp-json\/wp\/v2\/product"}],"about":[{"href":"https:\/\/ontyche.net\/clientes\/backuppesca\/wp-json\/wp\/v2\/types\/product"}],"version-history":[{"count":0,"href":"https:\/\/ontyche.net\/clientes\/backuppesca\/wp-json\/wp\/v2\/product\/29031\/revisions"}],"wp:featuredmedia":[{"embeddable":true,"href":"https:\/\/ontyche.net\/clientes\/backuppesca\/wp-json\/wp\/v2\/media\/29032"}],"wp:attachment":[{"href":"https:\/\/ontyche.net\/clientes\/backuppesca\/wp-json\/wp\/v2\/media?parent=29031"}],"wp:term":[{"taxonomy":"product_brand","embeddable":true,"href":"https:\/\/ontyche.net\/clientes\/backuppesca\/wp-json\/wp\/v2\/product_brand?post=29031"},{"taxonomy":"product_cat","embeddable":true,"href":"https:\/\/ontyche.net\/clientes\/backuppesca\/wp-json\/wp\/v2\/product_cat?post=29031"},{"taxonomy":"product_tag","embeddable":true,"href":"https:\/\/ontyche.net\/clientes\/backuppesca\/wp-json\/wp\/v2\/product_tag?post=29031"}],"curies":[{"name":"wp","href":"https:\/\/api.w.org\/{rel}","templated":true}]}}