{"id":36604,"date":"2025-12-16T17:49:13","date_gmt":"2025-12-16T16:49:13","guid":{"rendered":"http:\/\/ontyche.net\/clientes\/backuppesca\/?post_type=product&#038;p=36604"},"modified":"2025-12-17T12:51:45","modified_gmt":"2025-12-17T11:51:45","slug":"gan-craft-z-claw-100-original-waka-ayu","status":"publish","type":"product","link":"https:\/\/ontyche.net\/clientes\/backuppesca\/producto\/gan-craft-z-claw-100-original-waka-ayu\/","title":{"rendered":"Gan Craft Z-Claw 100 Original &#8211; Waka Ayu"},"content":{"rendered":"<p><em><b>El se\u00f1uelo de superficie<\/b> <strong>Gan Craft Z-Claw 100 Original &#8211; Waka Ayu <\/strong>,<\/em> es un cl\u00e1sico para la pesca con paseantes de depredadores en nuestras costas, y se ha realizado una edici\u00f3n limitada de este m\u00edtico se\u00f1uelo mediante una colaboraci\u00f3n de los Nipones Gan Craft y Rosso Corsa.<\/p>\n<p>Destaca por su excelente lance, ya que gracias a su compacto formato y su excelente equilibrado consigue grandes distancias de lance sin apenas esfuerzo, llega all\u00ed donde otros no son capaces de llegar.<\/p>\n<p>La forma de trabajarlo y conseguir que los peces ataquen son \u00ednfimas, se puede trabajar con el movimiento cl\u00e1sico <em><b>\u00abWalking the Dog\u00bb<\/b><\/em>, o mediante toques m\u00e1s r\u00e1pidos y agresivos. Una de las maneras de usarlo y que a nosotros personalmente m\u00e1s nos gusta es a golpes de puntera, cortos y verticales, que producen que este gran pez se sumerja unos cent\u00edmetros en la superficie del agua ense\u00f1ando sus reales y llamativas libreas, emergiendo al poco tiempo otra vez a la superficie.<\/p>\n<p>En definitiva uno de los mejores paseantes del mercado que creemos que no puede faltar en nuestras salidas de pesca.<\/p>\n<h2>Se\u00f1uelo Z Claw &#8211; Caracter\u00edsticas T\u00e9cnicas:<\/h2>\n<ul>\n<li>Longitud: 100 mil\u00edmetros<\/li>\n<li>Peso: 20 gramos<\/li>\n<li>Superficie<\/li>\n<li>Color: Waka Ayu<\/li>\n<\/ul>\n<p>Os dejamos un video donde podr\u00e9is comprobar con detalle la nataci\u00f3n de este espectacular se\u00f1uelo de superficie:<\/p>\n<p><iframe title=\"Z-CLAW \/ GAN CRAFT\" width=\"500\" height=\"281\" src=\"https:\/\/www.youtube.com\/embed\/gmT_HJXQ-Gs?start=37&#038;feature=oembed&#038;enablejsapi=1&#038;origin=http:\/\/ontyche.net\/clientes\/backuppesca\" frameborder=\"0\" allow=\"accelerometer; autoplay; clipboard-write; encrypted-media; gyroscope; picture-in-picture; web-share\" referrerpolicy=\"strict-origin-when-cross-origin\" allowfullscreen><\/iframe><\/p>\n","protected":false},"excerpt":{"rendered":"<p><em><strong>Zenith Z-Claw Original:<\/strong><\/em><\/p>\n<p><strong>Longitud: 100 mm<\/strong><\/p>\n<p><strong>Peso: 20 gr<\/strong><\/p>\n<p><strong>Color: Waka Ayu<\/strong><\/p>\n","protected":false},"featured_media":36605,"template":"","meta":{"site-sidebar-layout":"default","site-content-layout":"","ast-site-content-layout":"default","site-content-style":"default","site-sidebar-style":"default","ast-global-header-display":"","ast-banner-title-visibility":"","ast-main-header-display":"","ast-hfb-above-header-display":"","ast-hfb-below-header-display":"","ast-hfb-mobile-header-display":"","site-post-title":"","ast-breadcrumbs-content":"","ast-featured-img":"","footer-sml-layout":"","ast-disable-related-posts":"","theme-transparent-header-meta":"default","adv-header-id-meta":"","stick-header-meta":"default","header-above-stick-meta":"","header-main-stick-meta":"","header-below-stick-meta":"","astra-migrate-meta-layouts":"set","ast-page-background-enabled":"default","ast-page-background-meta":{"desktop":{"background-color":"var(--ast-global-color-4)","background-image":"","background-repeat":"repeat","background-position":"center center","background-size":"auto","background-attachment":"scroll","background-type":"","background-media":"","overlay-type":"","overlay-color":"","overlay-opacity":"","overlay-gradient":""},"tablet":{"background-color":"","background-image":"","background-repeat":"repeat","background-position":"center center","background-size":"auto","background-attachment":"scroll","background-type":"","background-media":"","overlay-type":"","overlay-color":"","overlay-opacity":"","overlay-gradient":""},"mobile":{"background-color":"","background-image":"","background-repeat":"repeat","background-position":"center center","background-size":"auto","background-attachment":"scroll","background-type":"","background-media":"","overlay-type":"","overlay-color":"","overlay-opacity":"","overlay-gradient":""}},"ast-content-background-meta":{"desktop":{"background-color":"var(--ast-global-color-5)","background-image":"","background-repeat":"repeat","background-position":"center center","background-size":"auto","background-attachment":"scroll","background-type":"","background-media":"","overlay-type":"","overlay-color":"","overlay-opacity":"","overlay-gradient":""},"tablet":{"background-color":"var(--ast-global-color-5)","background-image":"","background-repeat":"repeat","background-position":"center center","background-size":"auto","background-attachment":"scroll","background-type":"","background-media":"","overlay-type":"","overlay-color":"","overlay-opacity":"","overlay-gradient":""},"mobile":{"background-color":"var(--ast-global-color-5)","background-image":"","background-repeat":"repeat","background-position":"center center","background-size":"auto","background-attachment":"scroll","background-type":"","background-media":"","overlay-type":"","overlay-color":"","overlay-opacity":"","overlay-gradient":""}}},"product_brand":[396],"product_cat":[90],"product_tag":[],"class_list":{"0":"post-36604","1":"product","2":"type-product","3":"status-publish","4":"has-post-thumbnail","6":"product_brand-zenith","7":"product_cat-paseante","8":"desktop-align-left","9":"tablet-align-left","10":"mobile-align-left","11":"ast-product-gallery-layout-horizontal","12":"ast-product-tabs-layout-accordion","14":"first","15":"instock","16":"taxable","17":"shipping-taxable","18":"purchasable","19":"product-type-simple"},"_links":{"self":[{"href":"https:\/\/ontyche.net\/clientes\/backuppesca\/wp-json\/wp\/v2\/product\/36604","targetHints":{"allow":["GET"]}}],"collection":[{"href":"https:\/\/ontyche.net\/clientes\/backuppesca\/wp-json\/wp\/v2\/product"}],"about":[{"href":"https:\/\/ontyche.net\/clientes\/backuppesca\/wp-json\/wp\/v2\/types\/product"}],"version-history":[{"count":2,"href":"https:\/\/ontyche.net\/clientes\/backuppesca\/wp-json\/wp\/v2\/product\/36604\/revisions"}],"predecessor-version":[{"id":36628,"href":"https:\/\/ontyche.net\/clientes\/backuppesca\/wp-json\/wp\/v2\/product\/36604\/revisions\/36628"}],"wp:featuredmedia":[{"embeddable":true,"href":"https:\/\/ontyche.net\/clientes\/backuppesca\/wp-json\/wp\/v2\/media\/36605"}],"wp:attachment":[{"href":"https:\/\/ontyche.net\/clientes\/backuppesca\/wp-json\/wp\/v2\/media?parent=36604"}],"wp:term":[{"taxonomy":"product_brand","embeddable":true,"href":"https:\/\/ontyche.net\/clientes\/backuppesca\/wp-json\/wp\/v2\/product_brand?post=36604"},{"taxonomy":"product_cat","embeddable":true,"href":"https:\/\/ontyche.net\/clientes\/backuppesca\/wp-json\/wp\/v2\/product_cat?post=36604"},{"taxonomy":"product_tag","embeddable":true,"href":"https:\/\/ontyche.net\/clientes\/backuppesca\/wp-json\/wp\/v2\/product_tag?post=36604"}],"curies":[{"name":"wp","href":"https:\/\/api.w.org\/{rel}","templated":true}]}}