{"id":36782,"date":"2026-01-05T18:25:32","date_gmt":"2026-01-05T17:25:32","guid":{"rendered":"http:\/\/ontyche.net\/clientes\/backuppesca\/?post_type=product&#038;p=36782"},"modified":"2026-01-05T18:32:47","modified_gmt":"2026-01-05T17:32:47","slug":"yamaga-blanks-calista-86m-pf","status":"publish","type":"product","link":"https:\/\/ontyche.net\/clientes\/backuppesca\/producto\/yamaga-blanks-calista-86m-pf\/","title":{"rendered":"Yamaga Blanks Calista 86M \/ PF"},"content":{"rendered":"<p><b>La ca\u00f1a para la pesca a eging <strong>Yamaga Blanks Calista 86M \/ PF<\/strong><\/b>, es una ca\u00f1a de alta gama especialmente dise\u00f1ada para la captura de cefal\u00f3podos. Este modelo especializado tiene un concepto m\u00e1s exclusivo para un enfoque m\u00e1s agresivo.<\/p>\n<h2>\u00bf Para que ha sido desarrollada la nueva serie de ca\u00f1as Yamaga Blanks Calista?<\/h2>\n<ul>\n<li>Desde el lanzamiento del primer modelo de Calista en 2013 y a trav\u00e9s de su historial de actualizaciones, muchos pescadores de todo el mundo han amado la ligereza y el f\u00e1cil manejo de la serie Calista.<br \/>\nA partir de 2023, se actualiz\u00f3 toda la gama. En el panorama actual de la pesca del calamar se ha tecnificado, existen diversas t\u00e9cnicas y la habilidades de los pescadores ha mejorado dr\u00e1sticamente. Hay una sencilla raz\u00f3n por la que la marca se ha embarcado en la renovaci\u00f3n de la serie. No es otro que el hecho de que los pescadores tengan las ca\u00f1as mas ligeras, m\u00e1s receptivas y la m\u00e1xima capacidad de lance que tenemos para ofrecer con la tecnolog\u00eda actual.<br \/>\nPara la nueva \u201cCalista\u201d, no hace falta decir que se ha utilizado el \u00faltimo material de carbono, pero tambi\u00e9n han desafiado los l\u00edmites de los dise\u00f1os estructurales del blank. Todos los modelos est\u00e1n equipados con un alto nivel de rendimiento est\u00e1ndar para que cada pescador pueda expresar al m\u00e1ximo sus t\u00e9cnicas.<br \/>\nManteniendo el concepto original de \u201clanzamiento f\u00e1cil y a larga distancia\u201d, cada modelo de la serie ha sido perfeccionado para expresar los valores del nuevo modelo.<br \/>\nLa nueva serie Calista ha sido reconstruida desde el principio y es la corona de las t\u00e9cnicas y esfuerzos de fabricaci\u00f3n. Es m\u00e1s que una \u201crenovaci\u00f3n\u201d o un \u201cnuevo modelo\u201d, es el \u201cOrigen de Calista\u201d.<br \/>\nComo fabricante de blanks de carbono, no hay mejor desaf\u00edo que crear esta serie Calista totalmente nueva para la pesca del calamar.<\/li>\n<\/ul>\n<h2>\u00bf Para que ha sido pensada y desarrollada la Calista 86M Power Finesse?<\/h2>\n<ul>\n<li>Calista 86M \/ PF (Potencia y Finura): Esta ca\u00f1a fue desarrollada con una capacidad de lanceo, una respuesta y una ligereza incomprensibles para un modelo de esta potencia.Al igual que la 82ML\/AR, es un modelo todoterreno, ideal para la pesca durante todo el a\u00f1o, con ligereza y respuesta como cualidades distintivas. El blank se redise\u00f1\u00f3 desde cero para romper con todos los estereotipos de las especificaciones est\u00e1ndar de la 86M para la pesca del calamar. Si bien es un modelo potente de la nueva serie Calista, no hemos olvidado los valores cruciales de sensibilidad y ligereza. Incluso si posee una ca\u00f1a con especificaciones similares a la 86M, nos gustar\u00eda que probara esta ca\u00f1a para experimentar de primera mano la gran capacidad de control del egi y la excepcional distancia de lance que ofrece.<br \/>\nEste modelo est\u00e1 dedicado a los pescadores altamente t\u00e9cnicos que desean lanzar sus pajaritos a grandes distancias, aprovechando tanto la quietud como el movimiento.<\/li>\n<\/ul>\n<h2>Nueva Ca\u00f1a Calista 86M &#8211; Caracter\u00edsticas T\u00e9cnicas:<\/h2>\n<ul>\n<li>Longitud: 2573 mm.<\/li>\n<li>Longitud de plegado: 1320 mm.<\/li>\n<li>Acci\u00f3n: Egi #2.5~4.0<\/li>\n<li>Peso: 98 gramos<\/li>\n<li>L\u00ednea: PE 0.4~1<\/li>\n<li>Anillas: TORZITE Titanium frame K Guide+ Anilla del tal\u00f3n : SiC Titanium frame RV Guide(Fuji)<\/li>\n<li>Porta Carretes: VSS16(Fuji)<\/li>\n<li>Tama\u00f1o de Carrete Recomendado: Daiwa #LT2500 \/ Shimano #2500<\/li>\n<li>% de Carbono: 99.6%<\/li>\n<\/ul>\n<p>Os dejamos un video donde podr\u00e9is ver con detalle las caracter\u00edsticas de esta ca\u00f1a en acci\u00f3n de pesca:<\/p>\n<p><iframe title=\"\u3010English Commentary\u3011New Calista \uff5eCommentary of characteristics\uff5e\" width=\"500\" height=\"281\" src=\"https:\/\/www.youtube.com\/embed\/xsTfJ4nRyYY?feature=oembed&#038;enablejsapi=1&#038;origin=http:\/\/ontyche.net\/clientes\/backuppesca\" frameborder=\"0\" allow=\"accelerometer; autoplay; clipboard-write; encrypted-media; gyroscope; picture-in-picture; web-share\" referrerpolicy=\"strict-origin-when-cross-origin\" allowfullscreen><\/iframe><\/p>\n","protected":false},"excerpt":{"rendered":"<ul>\n<li>Longitud: 2573 mm.<\/li>\n<li>Longitud de plegado: 1320 mm.<\/li>\n<li>Acci\u00f3n: Egi #2.5~4.0<\/li>\n<li>Peso: 98 gramos<\/li>\n<li>L\u00ednea: PE 0.4~1<\/li>\n<li>Anillas: TORZITE Titanium frame K Guide+ Anilla del tal\u00f3n : SiC Titanium frame RV Guide(Fuji)<\/li>\n<li>Porta Carretes: VSS16(Fuji)<\/li>\n<li>Tama\u00f1o de Carrete Recomendado: Daiwa #LT2500 \/ Shimano #2500<\/li>\n<li>% de Carbono: 99.6%<\/li>\n<\/ul>\n","protected":false},"featured_media":36783,"template":"","meta":{"site-sidebar-layout":"default","site-content-layout":"","ast-site-content-layout":"default","site-content-style":"default","site-sidebar-style":"default","ast-global-header-display":"","ast-banner-title-visibility":"","ast-main-header-display":"","ast-hfb-above-header-display":"","ast-hfb-below-header-display":"","ast-hfb-mobile-header-display":"","site-post-title":"","ast-breadcrumbs-content":"","ast-featured-img":"","footer-sml-layout":"","ast-disable-related-posts":"","theme-transparent-header-meta":"default","adv-header-id-meta":"","stick-header-meta":"default","header-above-stick-meta":"","header-main-stick-meta":"","header-below-stick-meta":"","astra-migrate-meta-layouts":"set","ast-page-background-enabled":"default","ast-page-background-meta":{"desktop":{"background-color":"var(--ast-global-color-4)","background-image":"","background-repeat":"repeat","background-position":"center center","background-size":"auto","background-attachment":"scroll","background-type":"","background-media":"","overlay-type":"","overlay-color":"","overlay-opacity":"","overlay-gradient":""},"tablet":{"background-color":"","background-image":"","background-repeat":"repeat","background-position":"center center","background-size":"auto","background-attachment":"scroll","background-type":"","background-media":"","overlay-type":"","overlay-color":"","overlay-opacity":"","overlay-gradient":""},"mobile":{"background-color":"","background-image":"","background-repeat":"repeat","background-position":"center center","background-size":"auto","background-attachment":"scroll","background-type":"","background-media":"","overlay-type":"","overlay-color":"","overlay-opacity":"","overlay-gradient":""}},"ast-content-background-meta":{"desktop":{"background-color":"var(--ast-global-color-5)","background-image":"","background-repeat":"repeat","background-position":"center center","background-size":"auto","background-attachment":"scroll","background-type":"","background-media":"","overlay-type":"","overlay-color":"","overlay-opacity":"","overlay-gradient":""},"tablet":{"background-color":"var(--ast-global-color-5)","background-image":"","background-repeat":"repeat","background-position":"center center","background-size":"auto","background-attachment":"scroll","background-type":"","background-media":"","overlay-type":"","overlay-color":"","overlay-opacity":"","overlay-gradient":""},"mobile":{"background-color":"var(--ast-global-color-5)","background-image":"","background-repeat":"repeat","background-position":"center center","background-size":"auto","background-attachment":"scroll","background-type":"","background-media":"","overlay-type":"","overlay-color":"","overlay-opacity":"","overlay-gradient":""}}},"product_brand":[],"product_cat":[62],"product_tag":[],"class_list":{"0":"post-36782","1":"product","2":"type-product","3":"status-publish","4":"has-post-thumbnail","6":"product_cat-calamareging","7":"desktop-align-left","8":"tablet-align-left","9":"mobile-align-left","10":"ast-product-gallery-layout-horizontal","11":"ast-product-tabs-layout-accordion","13":"first","14":"instock","15":"taxable","16":"shipping-taxable","17":"purchasable","18":"product-type-simple"},"_links":{"self":[{"href":"https:\/\/ontyche.net\/clientes\/backuppesca\/wp-json\/wp\/v2\/product\/36782","targetHints":{"allow":["GET"]}}],"collection":[{"href":"https:\/\/ontyche.net\/clientes\/backuppesca\/wp-json\/wp\/v2\/product"}],"about":[{"href":"https:\/\/ontyche.net\/clientes\/backuppesca\/wp-json\/wp\/v2\/types\/product"}],"version-history":[{"count":1,"href":"https:\/\/ontyche.net\/clientes\/backuppesca\/wp-json\/wp\/v2\/product\/36782\/revisions"}],"predecessor-version":[{"id":36786,"href":"https:\/\/ontyche.net\/clientes\/backuppesca\/wp-json\/wp\/v2\/product\/36782\/revisions\/36786"}],"wp:featuredmedia":[{"embeddable":true,"href":"https:\/\/ontyche.net\/clientes\/backuppesca\/wp-json\/wp\/v2\/media\/36783"}],"wp:attachment":[{"href":"https:\/\/ontyche.net\/clientes\/backuppesca\/wp-json\/wp\/v2\/media?parent=36782"}],"wp:term":[{"taxonomy":"product_brand","embeddable":true,"href":"https:\/\/ontyche.net\/clientes\/backuppesca\/wp-json\/wp\/v2\/product_brand?post=36782"},{"taxonomy":"product_cat","embeddable":true,"href":"https:\/\/ontyche.net\/clientes\/backuppesca\/wp-json\/wp\/v2\/product_cat?post=36782"},{"taxonomy":"product_tag","embeddable":true,"href":"https:\/\/ontyche.net\/clientes\/backuppesca\/wp-json\/wp\/v2\/product_tag?post=36782"}],"curies":[{"name":"wp","href":"https:\/\/api.w.org\/{rel}","templated":true}]}}