{"id":5927,"date":"2018-03-24T09:37:46","date_gmt":"2018-03-24T09:37:46","guid":{"rendered":"http:\/\/ontyche.net\/clientes\/backuppesca\/?post_type=product&#038;p=5927"},"modified":"2025-12-02T23:47:14","modified_gmt":"2025-12-02T23:47:14","slug":"paseante-spittin-wire-19chc-abra-katabira","status":"publish","type":"product","link":"https:\/\/ontyche.net\/clientes\/backuppesca\/producto\/paseante-spittin-wire-19chc-abra-katabira\/","title":{"rendered":"Spittin Wire &#8211; 19chc Abra Katabira"},"content":{"rendered":"<p><em><b>El paseante de <a href=\"http:\/\/ontyche.net\/clientes\/backuppesca\/brand\/whiplash-factory\/\">Whiplash Factory<\/a>, <strong>Spittin Wire<\/strong>, <\/b><\/em>es sin lugar a duda el se\u00f1uelo de superficie m\u00e1s codiciado por los pescadores de lubina de nuestro pa\u00eds.<\/p>\n<p>Esto no sucede por casualidad ni por ser una moda pasajera. Su peque\u00f1o y rechoncho cuerpo nos permitir\u00e1 hacer lances inimaginables con solamente 15.5 gramos de peso.<\/p>\n<p>Su nataci\u00f3n tiene una atracci\u00f3n incre\u00edble para los depredadores, su alegre zig zageo hace mostrar sus libreas laterales de una manera inusual, en esto tiene que ver mucho la forma de su cuerpo redondeado que hace que el equilibrio del se\u00f1uelo modifique su movimiento, logrando as\u00ed una imitaci\u00f3n perfecta de un pez herido. Sumamos a esto la forma de su boca, similar a un peque\u00f1o popper lo que hace chapotear a la vez que muestra todos los brillos de sus exclusivas y logradisimos colores.<\/p>\n<p>En definitiva, el se\u00f1uelo de superficie n\u00famero uno para la gran mayor\u00eda de los pescadores de spinning, un killer en toda regla para la pesca de nuestra querida lubina. Sin duda el que lo prueba no duda en ponerlo de titular en sus salidas de pesca.<\/p>\n<h2>Spittin &#8211; Caracter\u00edsticas T\u00e9cnicas:<\/h2>\n<ul>\n<li>Longitud: 95 mm<\/li>\n<li>Peso: 15,5 Gr.<\/li>\n<li>Color: 19 CHC\/ Abra Katabira<\/li>\n<li>Top Water<\/li>\n<\/ul>\n<p>&nbsp;<\/p>\n","protected":false},"excerpt":{"rendered":"<p><em><strong>Se\u00f1uelo de Superficie Spittin\u00b4 Wire:<\/strong><\/em><\/p>\n<ul>\n<li><strong>Longitud: 95 mm<\/strong><\/li>\n<li><strong>Peso: 15,5 Gr.<\/strong><\/li>\n<li><strong>Color: 19 CHC\/ Abra Katabira<\/strong><\/li>\n<li><strong>Top Water<\/strong><\/li>\n<\/ul>\n","protected":false},"featured_media":5937,"template":"","meta":{"site-sidebar-layout":"default","site-content-layout":"","ast-site-content-layout":"default","site-content-style":"default","site-sidebar-style":"default","ast-global-header-display":"","ast-banner-title-visibility":"","ast-main-header-display":"","ast-hfb-above-header-display":"","ast-hfb-below-header-display":"","ast-hfb-mobile-header-display":"","site-post-title":"","ast-breadcrumbs-content":"","ast-featured-img":"","footer-sml-layout":"","ast-disable-related-posts":"","theme-transparent-header-meta":"default","adv-header-id-meta":"","stick-header-meta":"default","header-above-stick-meta":"","header-main-stick-meta":"","header-below-stick-meta":"","astra-migrate-meta-layouts":"set","ast-page-background-enabled":"default","ast-page-background-meta":{"desktop":{"background-color":"var(--ast-global-color-4)","background-image":"","background-repeat":"repeat","background-position":"center center","background-size":"auto","background-attachment":"scroll","background-type":"","background-media":"","overlay-type":"","overlay-color":"","overlay-opacity":"","overlay-gradient":""},"tablet":{"background-color":"","background-image":"","background-repeat":"repeat","background-position":"center center","background-size":"auto","background-attachment":"scroll","background-type":"","background-media":"","overlay-type":"","overlay-color":"","overlay-opacity":"","overlay-gradient":""},"mobile":{"background-color":"","background-image":"","background-repeat":"repeat","background-position":"center center","background-size":"auto","background-attachment":"scroll","background-type":"","background-media":"","overlay-type":"","overlay-color":"","overlay-opacity":"","overlay-gradient":""}},"ast-content-background-meta":{"desktop":{"background-color":"var(--ast-global-color-5)","background-image":"","background-repeat":"repeat","background-position":"center center","background-size":"auto","background-attachment":"scroll","background-type":"","background-media":"","overlay-type":"","overlay-color":"","overlay-opacity":"","overlay-gradient":""},"tablet":{"background-color":"var(--ast-global-color-5)","background-image":"","background-repeat":"repeat","background-position":"center center","background-size":"auto","background-attachment":"scroll","background-type":"","background-media":"","overlay-type":"","overlay-color":"","overlay-opacity":"","overlay-gradient":""},"mobile":{"background-color":"var(--ast-global-color-5)","background-image":"","background-repeat":"repeat","background-position":"center center","background-size":"auto","background-attachment":"scroll","background-type":"","background-media":"","overlay-type":"","overlay-color":"","overlay-opacity":"","overlay-gradient":""}}},"product_brand":[391],"product_cat":[90],"product_tag":[],"class_list":{"0":"post-5927","1":"product","2":"type-product","3":"status-publish","4":"has-post-thumbnail","6":"product_brand-whiplash-factory","7":"product_cat-paseante","8":"desktop-align-left","9":"tablet-align-left","10":"mobile-align-left","11":"ast-product-gallery-layout-horizontal","12":"ast-product-tabs-layout-accordion","14":"first","15":"instock","16":"taxable","17":"shipping-taxable","18":"purchasable","19":"product-type-simple"},"_links":{"self":[{"href":"https:\/\/ontyche.net\/clientes\/backuppesca\/wp-json\/wp\/v2\/product\/5927","targetHints":{"allow":["GET"]}}],"collection":[{"href":"https:\/\/ontyche.net\/clientes\/backuppesca\/wp-json\/wp\/v2\/product"}],"about":[{"href":"https:\/\/ontyche.net\/clientes\/backuppesca\/wp-json\/wp\/v2\/types\/product"}],"version-history":[{"count":1,"href":"https:\/\/ontyche.net\/clientes\/backuppesca\/wp-json\/wp\/v2\/product\/5927\/revisions"}],"predecessor-version":[{"id":36418,"href":"https:\/\/ontyche.net\/clientes\/backuppesca\/wp-json\/wp\/v2\/product\/5927\/revisions\/36418"}],"wp:featuredmedia":[{"embeddable":true,"href":"https:\/\/ontyche.net\/clientes\/backuppesca\/wp-json\/wp\/v2\/media\/5937"}],"wp:attachment":[{"href":"https:\/\/ontyche.net\/clientes\/backuppesca\/wp-json\/wp\/v2\/media?parent=5927"}],"wp:term":[{"taxonomy":"product_brand","embeddable":true,"href":"https:\/\/ontyche.net\/clientes\/backuppesca\/wp-json\/wp\/v2\/product_brand?post=5927"},{"taxonomy":"product_cat","embeddable":true,"href":"https:\/\/ontyche.net\/clientes\/backuppesca\/wp-json\/wp\/v2\/product_cat?post=5927"},{"taxonomy":"product_tag","embeddable":true,"href":"https:\/\/ontyche.net\/clientes\/backuppesca\/wp-json\/wp\/v2\/product_tag?post=5927"}],"curies":[{"name":"wp","href":"https:\/\/api.w.org\/{rel}","templated":true}]}}