{"id":8620,"date":"2019-10-15T15:40:00","date_gmt":"2019-10-15T15:40:00","guid":{"rendered":"http:\/\/ontyche.net\/clientes\/backuppesca\/?post_type=product&#038;p=8620"},"modified":"2023-06-08T15:23:07","modified_gmt":"2023-06-08T15:23:07","slug":"lucky-craft-flash-minnow-110-sp-sw-ghost-minnow","status":"publish","type":"product","link":"https:\/\/ontyche.net\/clientes\/backuppesca\/producto\/lucky-craft-flash-minnow-110-sp-sw-ghost-minnow\/","title":{"rendered":"Flash Minnow 110 SP &#8211; SW Ghost Minnow"},"content":{"rendered":"<p><b><em>El se\u00f1uelo<strong> Flash minnow 110 SP<\/strong> en versi\u00f3n salt water de <a href=\"http:\/\/ontyche.net\/clientes\/backuppesca\/brand\/lucky-craft\/\">Lucky Craft<\/a>,\u00a0<\/em><\/b>se trata de un artificial que lleva acompa\u00f1ando a los pescadores desde hace muchos a\u00f1os, sin perder su gran efectividad.<\/p>\n<p>Este peque\u00f1o minnow destaca por ser un excelente enga\u00f1o para cualquier tipo de depredador, ya sea este de agua dulce o salada. Este se\u00f1uelo tiene dos versiones, la especifica para aguas continentales y la pensada para la pesca en el mar. Su diferencia b\u00e1sica son sus libreas y que la versi\u00f3n SW traer unos anzuelos espec\u00edficos preparados para aguantar la corrosi\u00f3n.<\/p>\n<p>El lance de esta muestra es m\u00e1s que destacable para su reducido tama\u00f1o ( solamente 11 cent\u00edmetros), gracias a su transferencia de pesos, que consta de un peso central fijo, y unas bolas de tungsteno que corren por el cuerpo del se\u00f1uelo. Est\u00e1s bolas tambi\u00e9n lo dotan de un llamativo ruido que producir\u00e1 un excitante ruido debajo del agua.<\/p>\n<p>Su nataci\u00f3n consta de un rolling lateral, que se acent\u00faa en zonas de corriente, donde gracias a su gran babero lo har\u00e1 trabajar de una manera espectacular. Tambi\u00e9n podremos hacer paradas en las recogidas donde se quedar\u00e1 quieto a medias aguas (Se\u00f1uelo suspendido), lo que har\u00e1 desatar el ataque de cualquier presa.<\/p>\n<p>La marca de se\u00f1uelos Japonesa Lucky Craft, destaca por tener un abanico \u00ednfimo de colores y libreas, por lo que hemos escogido los colores que desde nuestra humilde opini\u00f3n nos han dado los mejores resultados durante a\u00f1os de uso de los mismos.<\/p>\n<p>En definitiva un se\u00f1uelo de toda la vida que siempre tendr\u00e1 un hueco en nuestras ri\u00f1oneras para hacernos seguir disfrutando de nuestras jornadas de pesca a spinning.<\/p>\n<h2>Flash Minnow &#8211; Caracter\u00edsticas T\u00e9cnicas:<\/h2>\n<ul>\n<li>Longitud: 110 mm Suspending<\/li>\n<li>Peso : 16,5 gramos<\/li>\n<li>Color : Ghost Minnow<\/li>\n<\/ul>\n<p>&nbsp;<\/p>\n<p>&nbsp;<\/p>\n","protected":false},"excerpt":{"rendered":"<p><em><strong>Flash Minnow 110 SP de Lucky Craft SW:<\/strong><\/em><\/p>\n<p><strong>Longitud: 110 mm Suspending<\/strong><\/p>\n<p><strong>Peso : 16,5 gramos<\/strong><\/p>\n<p><strong>Color : Ghost Minnow<\/strong><\/p>\n<p>&nbsp;<\/p>\n","protected":false},"featured_media":8621,"template":"","meta":{"site-sidebar-layout":"default","site-content-layout":"","ast-site-content-layout":"default","site-content-style":"default","site-sidebar-style":"default","ast-global-header-display":"","ast-banner-title-visibility":"","ast-main-header-display":"","ast-hfb-above-header-display":"","ast-hfb-below-header-display":"","ast-hfb-mobile-header-display":"","site-post-title":"","ast-breadcrumbs-content":"","ast-featured-img":"","footer-sml-layout":"","ast-disable-related-posts":"","theme-transparent-header-meta":"","adv-header-id-meta":"","stick-header-meta":"","header-above-stick-meta":"","header-main-stick-meta":"","header-below-stick-meta":"","astra-migrate-meta-layouts":"default","ast-page-background-enabled":"default","ast-page-background-meta":{"desktop":{"background-color":"var(--ast-global-color-4)","background-image":"","background-repeat":"repeat","background-position":"center center","background-size":"auto","background-attachment":"scroll","background-type":"","background-media":"","overlay-type":"","overlay-color":"","overlay-opacity":"","overlay-gradient":""},"tablet":{"background-color":"","background-image":"","background-repeat":"repeat","background-position":"center center","background-size":"auto","background-attachment":"scroll","background-type":"","background-media":"","overlay-type":"","overlay-color":"","overlay-opacity":"","overlay-gradient":""},"mobile":{"background-color":"","background-image":"","background-repeat":"repeat","background-position":"center center","background-size":"auto","background-attachment":"scroll","background-type":"","background-media":"","overlay-type":"","overlay-color":"","overlay-opacity":"","overlay-gradient":""}},"ast-content-background-meta":{"desktop":{"background-color":"var(--ast-global-color-5)","background-image":"","background-repeat":"repeat","background-position":"center center","background-size":"auto","background-attachment":"scroll","background-type":"","background-media":"","overlay-type":"","overlay-color":"","overlay-opacity":"","overlay-gradient":""},"tablet":{"background-color":"var(--ast-global-color-5)","background-image":"","background-repeat":"repeat","background-position":"center center","background-size":"auto","background-attachment":"scroll","background-type":"","background-media":"","overlay-type":"","overlay-color":"","overlay-opacity":"","overlay-gradient":""},"mobile":{"background-color":"var(--ast-global-color-5)","background-image":"","background-repeat":"repeat","background-position":"center center","background-size":"auto","background-attachment":"scroll","background-type":"","background-media":"","overlay-type":"","overlay-color":"","overlay-opacity":"","overlay-gradient":""}}},"product_brand":[506],"product_cat":[93],"product_tag":[],"class_list":{"0":"post-8620","1":"product","2":"type-product","3":"status-publish","4":"has-post-thumbnail","6":"product_brand-lucky-craft","7":"product_cat-minnow","8":"desktop-align-left","9":"tablet-align-left","10":"mobile-align-left","11":"ast-product-gallery-layout-horizontal","12":"ast-product-tabs-layout-accordion","14":"first","15":"outofstock","16":"taxable","17":"shipping-taxable","18":"purchasable","19":"product-type-simple"},"_links":{"self":[{"href":"https:\/\/ontyche.net\/clientes\/backuppesca\/wp-json\/wp\/v2\/product\/8620","targetHints":{"allow":["GET"]}}],"collection":[{"href":"https:\/\/ontyche.net\/clientes\/backuppesca\/wp-json\/wp\/v2\/product"}],"about":[{"href":"https:\/\/ontyche.net\/clientes\/backuppesca\/wp-json\/wp\/v2\/types\/product"}],"version-history":[{"count":0,"href":"https:\/\/ontyche.net\/clientes\/backuppesca\/wp-json\/wp\/v2\/product\/8620\/revisions"}],"wp:featuredmedia":[{"embeddable":true,"href":"https:\/\/ontyche.net\/clientes\/backuppesca\/wp-json\/wp\/v2\/media\/8621"}],"wp:attachment":[{"href":"https:\/\/ontyche.net\/clientes\/backuppesca\/wp-json\/wp\/v2\/media?parent=8620"}],"wp:term":[{"taxonomy":"product_brand","embeddable":true,"href":"https:\/\/ontyche.net\/clientes\/backuppesca\/wp-json\/wp\/v2\/product_brand?post=8620"},{"taxonomy":"product_cat","embeddable":true,"href":"https:\/\/ontyche.net\/clientes\/backuppesca\/wp-json\/wp\/v2\/product_cat?post=8620"},{"taxonomy":"product_tag","embeddable":true,"href":"https:\/\/ontyche.net\/clientes\/backuppesca\/wp-json\/wp\/v2\/product_tag?post=8620"}],"curies":[{"name":"wp","href":"https:\/\/api.w.org\/{rel}","templated":true}]}}