{"id":9044,"date":"2020-02-05T17:26:32","date_gmt":"2020-02-05T17:26:32","guid":{"rendered":"http:\/\/ontyche.net\/clientes\/backuppesca\/?post_type=product&#038;p=9044"},"modified":"2022-12-22T09:43:13","modified_gmt":"2022-12-22T09:43:13","slug":"ima-chappy-100-color-004","status":"publish","type":"product","link":"https:\/\/ontyche.net\/clientes\/backuppesca\/producto\/ima-chappy-100-color-004\/","title":{"rendered":"Ima Chappy 100 Color 004"},"content":{"rendered":"<p><em><strong>El se\u00f1uelo de superficie Chappy 100 de la casa Ima,\u00a0<\/strong><\/em>es un paseante que destaca por dos factores principalmente, su lance y su ruidoso chapoteo.<\/p>\n<p>Gracias a su recortado y aerodin\u00e1mico formato, podemos conseguir esos metros extra que muchas veces no conseguimos con otras muestras de caracter\u00edsticas similares. Su transferencia de peso se basa en dos bolas de tungsteno fijas, y otra m\u00f3vil lo que har\u00e1 conseguir un lace espectacular.<\/p>\n<p>El movimiento de este top water, se definir\u00eda como un zig-zageo cl\u00e1sico acompa\u00f1ado de un chapoteo que forma su boca con una peque\u00f1a oquedad y su cuerpo rechoncho. Esto lo dotar\u00e1 de una excelente vistosidad que har\u00e1 que cualquier depredador que ronde la zona no dude en atacar en ning\u00fan momento.<\/p>\n<p>Podemos animarlo mediante un walking the dog , o a\u00f1adirle peque\u00f1os tirones para que forme peque\u00f1as olas en la superficie, imitando a un pez pasto escapando con dificultad de sus captores.<\/p>\n<p>Os dejamos un video de la mano de los probadores de IMA, donde podr\u00e9is apreciar visualmente todas sus caracter\u00edsticas y movimiento:<\/p>\n<p><iframe title=\"CHAPPY 100 PRODUCT STORY\" width=\"500\" height=\"281\" src=\"https:\/\/www.youtube.com\/embed\/b7Oc2C1YE6E?start=1032&#038;feature=oembed\" frameborder=\"0\" allow=\"accelerometer; autoplay; clipboard-write; encrypted-media; gyroscope; picture-in-picture; web-share\" referrerpolicy=\"strict-origin-when-cross-origin\" allowfullscreen><\/iframe><\/p>\n","protected":false},"excerpt":{"rendered":"<p><em><strong>Ima Chappy:<\/strong><\/em><\/p>\n<p><strong>Longitud: 100 mil\u00edmetros<\/strong><\/p>\n<p><strong>Peso: 18 gramos<\/strong><\/p>\n<p><strong>Acci\u00f3n: Superficie<\/strong><\/p>\n<p><strong>Color: 004<\/strong><\/p>\n","protected":false},"featured_media":9046,"template":"","meta":{"site-sidebar-layout":"default","site-content-layout":"","ast-site-content-layout":"default","site-content-style":"default","site-sidebar-style":"default","ast-global-header-display":"","ast-banner-title-visibility":"","ast-main-header-display":"","ast-hfb-above-header-display":"","ast-hfb-below-header-display":"","ast-hfb-mobile-header-display":"","site-post-title":"","ast-breadcrumbs-content":"","ast-featured-img":"","footer-sml-layout":"","ast-disable-related-posts":"","theme-transparent-header-meta":"","adv-header-id-meta":"","stick-header-meta":"","header-above-stick-meta":"","header-main-stick-meta":"","header-below-stick-meta":"","astra-migrate-meta-layouts":"default","ast-page-background-enabled":"default","ast-page-background-meta":{"desktop":{"background-color":"var(--ast-global-color-4)","background-image":"","background-repeat":"repeat","background-position":"center center","background-size":"auto","background-attachment":"scroll","background-type":"","background-media":"","overlay-type":"","overlay-color":"","overlay-opacity":"","overlay-gradient":""},"tablet":{"background-color":"","background-image":"","background-repeat":"repeat","background-position":"center center","background-size":"auto","background-attachment":"scroll","background-type":"","background-media":"","overlay-type":"","overlay-color":"","overlay-opacity":"","overlay-gradient":""},"mobile":{"background-color":"","background-image":"","background-repeat":"repeat","background-position":"center center","background-size":"auto","background-attachment":"scroll","background-type":"","background-media":"","overlay-type":"","overlay-color":"","overlay-opacity":"","overlay-gradient":""}},"ast-content-background-meta":{"desktop":{"background-color":"var(--ast-global-color-5)","background-image":"","background-repeat":"repeat","background-position":"center center","background-size":"auto","background-attachment":"scroll","background-type":"","background-media":"","overlay-type":"","overlay-color":"","overlay-opacity":"","overlay-gradient":""},"tablet":{"background-color":"var(--ast-global-color-5)","background-image":"","background-repeat":"repeat","background-position":"center center","background-size":"auto","background-attachment":"scroll","background-type":"","background-media":"","overlay-type":"","overlay-color":"","overlay-opacity":"","overlay-gradient":""},"mobile":{"background-color":"var(--ast-global-color-5)","background-image":"","background-repeat":"repeat","background-position":"center center","background-size":"auto","background-attachment":"scroll","background-type":"","background-media":"","overlay-type":"","overlay-color":"","overlay-opacity":"","overlay-gradient":""}}},"product_brand":[468],"product_cat":[90],"product_tag":[],"class_list":{"0":"post-9044","1":"product","2":"type-product","3":"status-publish","4":"has-post-thumbnail","6":"product_brand-ima","7":"product_cat-paseante","8":"desktop-align-left","9":"tablet-align-left","10":"mobile-align-left","11":"ast-product-gallery-layout-horizontal","12":"ast-product-tabs-layout-accordion","14":"first","15":"outofstock","16":"taxable","17":"shipping-taxable","18":"purchasable","19":"product-type-simple"},"_links":{"self":[{"href":"https:\/\/ontyche.net\/clientes\/backuppesca\/wp-json\/wp\/v2\/product\/9044","targetHints":{"allow":["GET"]}}],"collection":[{"href":"https:\/\/ontyche.net\/clientes\/backuppesca\/wp-json\/wp\/v2\/product"}],"about":[{"href":"https:\/\/ontyche.net\/clientes\/backuppesca\/wp-json\/wp\/v2\/types\/product"}],"version-history":[{"count":0,"href":"https:\/\/ontyche.net\/clientes\/backuppesca\/wp-json\/wp\/v2\/product\/9044\/revisions"}],"wp:featuredmedia":[{"embeddable":true,"href":"https:\/\/ontyche.net\/clientes\/backuppesca\/wp-json\/wp\/v2\/media\/9046"}],"wp:attachment":[{"href":"https:\/\/ontyche.net\/clientes\/backuppesca\/wp-json\/wp\/v2\/media?parent=9044"}],"wp:term":[{"taxonomy":"product_brand","embeddable":true,"href":"https:\/\/ontyche.net\/clientes\/backuppesca\/wp-json\/wp\/v2\/product_brand?post=9044"},{"taxonomy":"product_cat","embeddable":true,"href":"https:\/\/ontyche.net\/clientes\/backuppesca\/wp-json\/wp\/v2\/product_cat?post=9044"},{"taxonomy":"product_tag","embeddable":true,"href":"https:\/\/ontyche.net\/clientes\/backuppesca\/wp-json\/wp\/v2\/product_tag?post=9044"}],"curies":[{"name":"wp","href":"https:\/\/api.w.org\/{rel}","templated":true}]}}