{"id":9904,"date":"2020-04-13T14:31:25","date_gmt":"2020-04-13T14:31:25","guid":{"rendered":"http:\/\/ontyche.net\/clientes\/backuppesca\/?post_type=product&#038;p=9904"},"modified":"2022-12-22T09:43:50","modified_gmt":"2022-12-22T09:43:50","slug":"cana-abu-garcia-oceanfield-offshore-casting-76-ml","status":"publish","type":"product","link":"https:\/\/ontyche.net\/clientes\/backuppesca\/producto\/cana-abu-garcia-oceanfield-offshore-casting-76-ml\/","title":{"rendered":"Ca\u00f1a Abu Garc\u00eda Oceanfield Offshore Casting 76-ML"},"content":{"rendered":"<p><em><strong>La ca\u00f1a para la pesca a spinning desde embarcaci\u00f3n Oceanfield de Abu Garc\u00eda,\u00a0<\/strong><\/em>est\u00e1 desarrollada para el mercado japon\u00e9s pensada principalmente para la pesca con artificiales a flote.<\/p>\n<p>Fabricada con carbono de alto modulo y reforzado con espirales de carbono para una resistencia en el combate contra cualquier pez.<\/p>\n<p>Montada con anillas fuji y portacarretes fuji, la dotar\u00e1n de unos acabados que la har\u00e1n c\u00f3moda a la hora de usarla, as\u00ed como, de resistir el paso del tiempo sin muestras de corrosi\u00f3n.<\/p>\n<p>Sin duda una serie de ca\u00f1as para disfrutar de nuestras jornadas de pesca en barco, con cualquier tipo de artificial.<\/p>\n","protected":false},"excerpt":{"rendered":"<p><em><strong>Oceanfield Offshore Casting OFOS-76ML:<\/strong><\/em><\/p>\n<p><strong>Longitud: 2.29 metros<\/strong><\/p>\n<p><strong>Longitud de Plegado: 1.18 metros<\/strong><\/p>\n<p><strong>Peso: 188 gramos<\/strong><\/p>\n<p><strong>Tramos: 2<\/strong><\/p>\n<p><strong>Acci\u00f3n: 7-35 gramos<\/strong><\/p>\n<p><strong>Anillas: 7 Fuji<\/strong><\/p>\n","protected":false},"featured_media":9905,"template":"","meta":{"site-sidebar-layout":"default","site-content-layout":"","ast-site-content-layout":"default","site-content-style":"default","site-sidebar-style":"default","ast-global-header-display":"","ast-banner-title-visibility":"","ast-main-header-display":"","ast-hfb-above-header-display":"","ast-hfb-below-header-display":"","ast-hfb-mobile-header-display":"","site-post-title":"","ast-breadcrumbs-content":"","ast-featured-img":"","footer-sml-layout":"","ast-disable-related-posts":"","theme-transparent-header-meta":"","adv-header-id-meta":"","stick-header-meta":"","header-above-stick-meta":"","header-main-stick-meta":"","header-below-stick-meta":"","astra-migrate-meta-layouts":"default","ast-page-background-enabled":"default","ast-page-background-meta":{"desktop":{"background-color":"var(--ast-global-color-4)","background-image":"","background-repeat":"repeat","background-position":"center center","background-size":"auto","background-attachment":"scroll","background-type":"","background-media":"","overlay-type":"","overlay-color":"","overlay-opacity":"","overlay-gradient":""},"tablet":{"background-color":"","background-image":"","background-repeat":"repeat","background-position":"center center","background-size":"auto","background-attachment":"scroll","background-type":"","background-media":"","overlay-type":"","overlay-color":"","overlay-opacity":"","overlay-gradient":""},"mobile":{"background-color":"","background-image":"","background-repeat":"repeat","background-position":"center center","background-size":"auto","background-attachment":"scroll","background-type":"","background-media":"","overlay-type":"","overlay-color":"","overlay-opacity":"","overlay-gradient":""}},"ast-content-background-meta":{"desktop":{"background-color":"var(--ast-global-color-5)","background-image":"","background-repeat":"repeat","background-position":"center center","background-size":"auto","background-attachment":"scroll","background-type":"","background-media":"","overlay-type":"","overlay-color":"","overlay-opacity":"","overlay-gradient":""},"tablet":{"background-color":"var(--ast-global-color-5)","background-image":"","background-repeat":"repeat","background-position":"center center","background-size":"auto","background-attachment":"scroll","background-type":"","background-media":"","overlay-type":"","overlay-color":"","overlay-opacity":"","overlay-gradient":""},"mobile":{"background-color":"var(--ast-global-color-5)","background-image":"","background-repeat":"repeat","background-position":"center center","background-size":"auto","background-attachment":"scroll","background-type":"","background-media":"","overlay-type":"","overlay-color":"","overlay-opacity":"","overlay-gradient":""}}},"product_brand":[502],"product_cat":[363],"product_tag":[],"class_list":{"0":"post-9904","1":"product","2":"type-product","3":"status-publish","4":"has-post-thumbnail","6":"product_brand-abu-garcia","7":"product_cat-embarcacion","8":"desktop-align-left","9":"tablet-align-left","10":"mobile-align-left","11":"ast-product-gallery-layout-horizontal","12":"ast-product-gallery-with-no-image","13":"ast-product-tabs-layout-accordion","15":"first","16":"instock","17":"sale","18":"taxable","19":"shipping-taxable","20":"purchasable","21":"product-type-simple"},"_links":{"self":[{"href":"https:\/\/ontyche.net\/clientes\/backuppesca\/wp-json\/wp\/v2\/product\/9904","targetHints":{"allow":["GET"]}}],"collection":[{"href":"https:\/\/ontyche.net\/clientes\/backuppesca\/wp-json\/wp\/v2\/product"}],"about":[{"href":"https:\/\/ontyche.net\/clientes\/backuppesca\/wp-json\/wp\/v2\/types\/product"}],"version-history":[{"count":0,"href":"https:\/\/ontyche.net\/clientes\/backuppesca\/wp-json\/wp\/v2\/product\/9904\/revisions"}],"wp:featuredmedia":[{"embeddable":true,"href":"https:\/\/ontyche.net\/clientes\/backuppesca\/wp-json\/wp\/v2\/media\/9905"}],"wp:attachment":[{"href":"https:\/\/ontyche.net\/clientes\/backuppesca\/wp-json\/wp\/v2\/media?parent=9904"}],"wp:term":[{"taxonomy":"product_brand","embeddable":true,"href":"https:\/\/ontyche.net\/clientes\/backuppesca\/wp-json\/wp\/v2\/product_brand?post=9904"},{"taxonomy":"product_cat","embeddable":true,"href":"https:\/\/ontyche.net\/clientes\/backuppesca\/wp-json\/wp\/v2\/product_cat?post=9904"},{"taxonomy":"product_tag","embeddable":true,"href":"https:\/\/ontyche.net\/clientes\/backuppesca\/wp-json\/wp\/v2\/product_tag?post=9904"}],"curies":[{"name":"wp","href":"https:\/\/api.w.org\/{rel}","templated":true}]}}